{"id":3422,"date":"2024-12-07T09:56:56","date_gmt":"2024-12-07T02:56:56","guid":{"rendered":"https:\/\/khoihuy.com\/?post_type=product&#038;p=3422"},"modified":"2024-12-07T09:56:56","modified_gmt":"2024-12-07T02:56:56","slug":"quat-mau-colortrend-ambiance-plus","status":"publish","type":"product","link":"https:\/\/www.khoihuy.com\/vi\/san-pham\/quat-mau-colortrend-ambiance-plus\/","title":{"rendered":"Qu\u1ea1t m\u00e0u Colortrend Ambiance Plus"},"content":{"rendered":"<p>\u0110\u00e2y l\u00e0 m\u1ed9t trong nh\u1eefng qu\u1ea1t m\u00e0u ph\u1ed5 bi\u1ebfn nh\u1ea5t d\u00f9ng trong ng\u00e0nh x\u00e2y d\u1ef1ng<\/p>\n<p>S\u1ed1 l\u01b0\u1ee3ng m\u00e0u: 1026 m\u00e0u<\/p>\n<p>K\u00edch th\u01b0\u1edbc l\u1edbp s\u01a1n ph\u1ee7 \u0111\u01b0\u1ee3c t\u0103ng c\u01b0\u1eddng l\u00e0 \u201c 2 x 11\u2019\u2019<\/p>\n<p>S\u1ed1 trang m\u00e0u: 172 trang, m\u1ed7i trang 6 m\u00e0u<\/p>\n","protected":false},"excerpt":{"rendered":"<p>\u0110\u00e2y l\u00e0 m\u1ed9t trong nh\u1eefng qu\u1ea1t m\u00e0u ph\u1ed5 bi\u1ebfn nh\u1ea5t d\u00f9ng trong ng\u00e0nh x\u00e2y d\u1ef1ng<\/p>\n<p>S\u1ed1 l\u01b0\u1ee3ng m\u00e0u: 1026 m\u00e0u<\/p>\n<p>K\u00edch th\u01b0\u1edbc l\u1edbp s\u01a1n ph\u1ee7 \u0111\u01b0\u1ee3c t\u0103ng c\u01b0\u1eddng l\u00e0 \u201c 2 x 11\u2019\u2019<\/p>\n<p>S\u1ed1 trang m\u00e0u: 172 trang, m\u1ed7i trang 6 m\u00e0u<\/p>\n","protected":false},"featured_media":3426,"comment_status":"open","ping_status":"closed","template":"","meta":[],"pwb-brand":[],"product_cat":[247],"product_tag":[],"class_list":{"0":"post-3422","1":"product","2":"type-product","3":"status-publish","4":"has-post-thumbnail","6":"product_cat-khac","8":"first","9":"instock","10":"shipping-taxable","11":"product-type-simple"},"brands":[],"_links":{"self":[{"href":"https:\/\/www.khoihuy.com\/vi\/wp-json\/wp\/v2\/product\/3422","targetHints":{"allow":["GET"]}}],"collection":[{"href":"https:\/\/www.khoihuy.com\/vi\/wp-json\/wp\/v2\/product"}],"about":[{"href":"https:\/\/www.khoihuy.com\/vi\/wp-json\/wp\/v2\/types\/product"}],"replies":[{"embeddable":true,"href":"https:\/\/www.khoihuy.com\/vi\/wp-json\/wp\/v2\/comments?post=3422"}],"wp:featuredmedia":[{"embeddable":true,"href":"https:\/\/www.khoihuy.com\/vi\/wp-json\/wp\/v2\/media\/3426"}],"wp:attachment":[{"href":"https:\/\/www.khoihuy.com\/vi\/wp-json\/wp\/v2\/media?parent=3422"}],"wp:term":[{"taxonomy":"pwb-brand","embeddable":true,"href":"https:\/\/www.khoihuy.com\/vi\/wp-json\/wp\/v2\/pwb-brand?post=3422"},{"taxonomy":"product_cat","embeddable":true,"href":"https:\/\/www.khoihuy.com\/vi\/wp-json\/wp\/v2\/product_cat?post=3422"},{"taxonomy":"product_tag","embeddable":true,"href":"https:\/\/www.khoihuy.com\/vi\/wp-json\/wp\/v2\/product_tag?post=3422"}],"curies":[{"name":"wp","href":"https:\/\/api.w.org\/{rel}","templated":true}]}}