{"id":3414,"date":"2024-12-07T09:49:40","date_gmt":"2024-12-07T02:49:40","guid":{"rendered":"https:\/\/khoihuy.com\/?post_type=product&#038;p=3414"},"modified":"2024-12-07T09:49:40","modified_gmt":"2024-12-07T02:49:40","slug":"tu-phun-muoi-co-ban","status":"publish","type":"product","link":"https:\/\/www.khoihuy.com\/vi\/san-pham\/tu-phun-muoi-co-ban\/","title":{"rendered":"T\u1ee6 PHUN MU\u1ed0I C\u01a0 B\u1ea2N"},"content":{"rendered":"<p><strong>H\u00e3ng: Biuged- Xu\u1ea5t x\u1ee9: Trung Qu\u1ed1c<\/strong><\/p>\n<p><strong>TH\u00d4NG S\u1ed0 K\u1ef8 THU\u1eacT:<\/strong><\/p>\n<ul>\n<li>Nhi\u1ec7t \u0111\u1ed9 ph\u00f2ng l\u00e0m vi\u1ec7c\uff1aRT\uff5e50\u2103<\/li>\n<li>Ph\u1ea1m vi nhi\u1ec7t \u0111\u1ed9 c\u1ee7a th\u00e1p t\u1ea1o \u1ea9m\uff1aRT\uff5e63\u2103<\/li>\n<li>\u0110\u1ed9 \u0111\u1ed3ng \u0111\u1ec1u nhi\u1ec7t \u0111\u1ed9\uff1a\u2264 \u00b12\u2103\uff08No-load\uff09<\/li>\n<li>\u0110\u1ed9 \u1ed5n \u0111\u1ecbnh nhi\u1ec7t \u0111\u1ed9\uff1a\u2264 \u00b10.5\u2103\uff08No-load\uff09<\/li>\n<li>\u0110\u1ed9 ch\u00eanh l\u1ec7ch nhi\u1ec7t \u0111\u1ed9 c\u1ee7a ph\u00f2ng l\u00e0m vi\u1ec7c\uff1a\u00b11.0\u2103<\/li>\n<li>T\u1ed1c \u0111\u1ed9 t\u0103ng nhi\u1ec7t \u0111\u1ed9\uff1aRT\u219250\u2103\u00edt h\u01a1n 60 ph\u00fat\uff08ph\u00f2ng l\u00e0m vi\u1ec7c)\uff1bRT\u219263\u2103\u00a0\u00edt h\u01a1n 60 ph\u00fat\uff08th\u00f9ng b\u00e3o h\u00f2a\uff09<\/li>\n<li>Y\u00eau c\u1ea7u \u00e1p su\u1ea5t kh\u00f4ng kh\u00ed\uff1akh\u00f4ng kh\u00ed \u00e1p su\u1ea5t kh\u00f4, kh\u00f4ng n\u01b0\u1edbc v\u00e0 kh\u00f4ng d\u1ea7u \u0111\u01b0\u1ee3c l\u1ecdc, \u00e1p su\u1ea5t 0.4\uff5e8Mpa<\/li>\n<\/ul>\n<table>\n<tbody>\n<tr>\n<td width=\"179\"><strong>Th\u00f4ng tin \u0111\u1eb7t h\u00e0ng\u00a0\u2192<\/strong><\/p>\n<p><strong>Th\u00f4ng s\u1ed1 k\u1ef9 thu\u1eadt \u2193<\/strong><\/td>\n<td width=\"135\"><strong><b>BGD 880\/S<\/b><\/strong><\/td>\n<td width=\"130\"><strong><b>BGD 881\/S<\/b><\/strong><\/td>\n<td width=\"143\"><strong><b>BGD 882\/S<\/b><\/strong><\/td>\n<td width=\"139\"><strong><b>BGD 883\/S<\/b><\/strong><\/td>\n<td width=\"1\"><\/td>\n<\/tr>\n<tr>\n<td width=\"179\">K\u00edch th\u01b0\u1edbc ph\u00f2ng l\u00e0m vi\u1ec7c\uff08W\u00d7 H \u00d7 D), mm<\/td>\n<td width=\"135\">1000\u00d7650\u00d7720<\/td>\n<td width=\"130\">900\u00d7500\u00d7600<\/td>\n<td width=\"143\">1200\u00d7500\u00d7800<\/td>\n<td width=\"139\">1600\u00d7800\u00d71000<\/td>\n<td width=\"1\"><\/td>\n<\/tr>\n<tr>\n<td width=\"179\">Dung t\u00edch ph\u00f2ng l\u00e0m vi\u1ec7c (kh\u00f4ng\u00a0bao g\u1ed3m n\u1eafp ch\u1eef V\uff09<\/td>\n<td width=\"135\">108 L<\/td>\n<td width=\"130\">270 L<\/td>\n<td width=\"143\">480\u00a0L<\/td>\n<td width=\"139\">800 L<\/td>\n<td width=\"1\"><\/td>\n<\/tr>\n<tr>\n<td width=\"179\">Th\u1ec3 t\u00edch n\u1eafp ch\u1eef V<\/td>\n<td width=\"135\">Appr.\u00a050 L<\/td>\n<td width=\"130\">Appr.\u00a0140 L<\/td>\n<td width=\"143\">Appr.\u00a0250 L<\/td>\n<td width=\"139\">Appr.\u00a0380 L<\/td>\n<td width=\"1\"><\/td>\n<\/tr>\n<tr>\n<td width=\"179\">K\u00edch th\u01b0\u1edbc ngo\u00e0i (W\u00d7H\u00d7D),mm<\/td>\n<td width=\"135\">1150\u00d71090\u00d7672<\/td>\n<td width=\"130\">1550\u00d71240\u00d7900<\/td>\n<td width=\"143\">1980\u00d71350\u00d71100<\/td>\n<td width=\"139\">2480\u00d71450\u00d71250<\/td>\n<td width=\"1\"><\/td>\n<\/tr>\n<tr>\n<td width=\"179\">S\u1ed1 l\u01b0\u1ee3ng gi\u00e1 reo m\u1eabu h\u00ecnh ch\u1eef V<\/td>\n<td width=\"135\">4\/6<\/td>\n<td width=\"130\">6\/12<\/td>\n<td width=\"143\">8\/16<\/td>\n<td width=\"139\">10\/22<\/td>\n<td width=\"1\"><\/td>\n<\/tr>\n<tr>\n<td width=\"179\">Dung t\u00edch b\u1ed3n ch\u1ee9a dung d\u1ecbch phun\uff08L)<\/td>\n<td width=\"135\">15<\/td>\n<td width=\"130\">25<\/td>\n<td width=\"143\">40<\/td>\n<td width=\"139\">45<\/td>\n<td width=\"1\"><\/td>\n<\/tr>\n<tr>\n<td width=\"179\">Collectors<\/td>\n<td width=\"135\">1<\/td>\n<td width=\"130\">2<\/td>\n<td width=\"143\">2<\/td>\n<td width=\"139\">2<\/td>\n<td width=\"1\"><\/td>\n<\/tr>\n<tr>\n<td width=\"179\">S\u1ed1 l\u01b0\u1ee3ng m\u1eabu t\u1ed1i \u0111a (15cm\u00d77cm\uff09<\/td>\n<td width=\"135\">28\u00a0pcs<\/td>\n<td width=\"130\">70\u00a0pcs<\/td>\n<td width=\"143\">108\u00a0pcs<\/td>\n<td width=\"139\">120\u00a0pcs<\/td>\n<td width=\"1\"><\/td>\n<\/tr>\n<tr>\n<td width=\"179\">C\u00e1ch m\u1edf n\u1eafp<\/td>\n<td width=\"135\">B\u1eb1ng tay<\/td>\n<td width=\"130\">B\u1eb1ng tay<\/td>\n<td width=\"143\">Kh\u00ed n\u00e9n<\/td>\n<td width=\"139\">Kh\u00ed n\u00e9n<\/td>\n<td width=\"1\"><\/td>\n<\/tr>\n<tr>\n<td width=\"179\">C\u00f4ng su\u1ea5t t\u1ed5ng<\/td>\n<td width=\"135\">2.2\u00a0KW<\/td>\n<td width=\"130\">2.2\u00a0KW<\/td>\n<td width=\"143\">3.8\u00a0KW<\/td>\n<td width=\"139\">3.8 KW<\/td>\n<td width=\"1\"><\/td>\n<\/tr>\n<tr>\n<td width=\"179\">L\u01b0\u01a1ng ti\u00eau th\u1ee5 dung d\u1ecbch mu\u1ed1i<\/td>\n<td width=\"135\">15 L\/d<\/td>\n<td width=\"130\">15 L\/d<\/td>\n<td width=\"143\">25 L\/d<\/td>\n<td width=\"139\">25 L\/d<\/td>\n<td width=\"1\"><\/td>\n<\/tr>\n<tr>\n<td width=\"179\">L\u01b0\u1ee3ng ti\u00eau th\u1ee5 n\u01b0\u1edbc \u0111\u1ec3 gia nhi\u1ec7t<\/td>\n<td width=\"135\">30\u00a0L\/d<\/td>\n<td width=\"130\">30\u00a0L\/d<\/td>\n<td width=\"143\">40\u00a0L\/d<\/td>\n<td width=\"139\">40\u00a0L\/d<\/td>\n<td width=\"1\"><\/td>\n<\/tr>\n<tr>\n<td width=\"179\">Compressed Air Consumption<\/td>\n<td width=\"135\">1m<sup>3<\/sup>\/h<\/td>\n<td width=\"130\">1m<sup>3<\/sup>\/h<\/td>\n<td width=\"143\">2m<sup>3<\/sup>\/h<\/td>\n<td width=\"139\">2m<sup>3<\/sup>\/h<\/td>\n<td width=\"1\"><\/td>\n<\/tr>\n<tr>\n<td width=\"179\">Ngu\u1ed3n \u0111i\u1ec7n<\/td>\n<td colspan=\"5\" width=\"550\">220V\uff1b50\/60HZ<\/td>\n<\/tr>\n<\/tbody>\n<\/table>\n<p><strong><b>\u00a0<\/b><\/strong><\/p>\n<p><strong><b>TI\u00caU CHU\u1ea8N TH\u1eec NGHI\u1ec6M:<\/b><\/strong><\/p>\n<p><strong><b>ISO 4611<\/b><\/strong>\u00a0\u300aPlastics\u2014Determination of the effects of exposure to damp heat, water spray and salt mist\u300b<\/p>\n<p><strong><b>ISO 7253\u00a0<\/b><\/strong>\u300aPaints and varnishes &#8212; Determination of resistance to neutral salt spray (fog)\u00a0\u300b<\/p>\n<p><strong><b>ISO 9227<\/b><\/strong>\u00a0\u300aCorrosion tests in artificial atmospheres &#8212; Salt spray tests\u300b<\/p>\n<p><strong><b>ASTM B 117<\/b><\/strong>\u00a0\u300aStandard Practice for Operating Salt Spray (Fog) Apparatus\u300b<\/p>\n<p><strong><b>ASTM B368<\/b><\/strong>\u00a0\u300aStandard Test Method for Copper-Accelerated Acetic Acid-Salt Spray (Fog) Testing (CASS Test)\u00a0\u300b<\/p>\n<p><strong><b>ASTM B 380<\/b><\/strong>\u00a0\u300aStandard Test Method for Corrosion Testing of Decorative Electrodeposited Coatings by the Corrodkote Procedure\u300b<\/p>\n<p><strong><b>ASTM G85 &#8211; 11<\/b><\/strong>\u00a0\u300aStandard Practice for Modified Salt Spray (Fog) Testing\u300b<\/p>\n<p><strong><b>ASTM D 1735\u00a0<\/b><\/strong>\u300aStandard Practice for Testing Water Resistance of Coatings Using Water Fog Apparatus\u300b<\/p>\n<p><strong><b>DIN 50021<\/b><\/strong>\u00a0\u300aSalt Spray Testing\u300b<\/p>\n<p>&nbsp;<\/p>\n<p><strong><b>Ph\u1ee5 ki\u1ec7n \u0111\u1eb7t th\u00eam:<\/b><\/strong><\/p>\n<p>BGD 1356&#8212;Glass Spray Nozzle<\/p>\n<p>BGD 2309&#8212;CR-4 Steel Panels for Calibration of Salt Spray\uff08Conforms ISO 3574, 20 pcs for one package\uff09<\/p>\n","protected":false},"excerpt":{"rendered":"<p><strong>H\u00e3ng: Biuged- Xu\u1ea5t x\u1ee9: Trung Qu\u1ed1c<\/strong><\/p>\n<p><strong>TH\u00d4NG S\u1ed0 K\u1ef8 THU\u1eacT:<\/strong><\/p>\n<ul>\n<li>Nhi\u1ec7t \u0111\u1ed9 ph\u00f2ng l\u00e0m vi\u1ec7c\uff1aRT\uff5e50\u2103<\/li>\n<li>Ph\u1ea1m vi nhi\u1ec7t \u0111\u1ed9 c\u1ee7a th\u00e1p t\u1ea1o \u1ea9m\uff1aRT\uff5e63\u2103<\/li>\n<li>\u0110\u1ed9 \u0111\u1ed3ng \u0111\u1ec1u nhi\u1ec7t \u0111\u1ed9\uff1a\u2264 \u00b12\u2103\uff08No-load\uff09<\/li>\n<li>\u0110\u1ed9 \u1ed5n \u0111\u1ecbnh nhi\u1ec7t \u0111\u1ed9\uff1a\u2264 \u00b10.5\u2103\uff08No-load\uff09<\/li>\n<li>\u0110\u1ed9 ch\u00eanh l\u1ec7ch nhi\u1ec7t \u0111\u1ed9 c\u1ee7a ph\u00f2ng l\u00e0m vi\u1ec7c\uff1a\u00b11.0\u2103<\/li>\n<li>T\u1ed1c \u0111\u1ed9 t\u0103ng nhi\u1ec7t \u0111\u1ed9\uff1aRT\u219250\u2103\u00edt h\u01a1n 60 ph\u00fat\uff08ph\u00f2ng l\u00e0m vi\u1ec7c)\uff1bRT\u219263\u2103\u00a0\u00edt h\u01a1n 60 ph\u00fat\uff08th\u00f9ng b\u00e3o h\u00f2a\uff09<\/li>\n<li>Y\u00eau c\u1ea7u \u00e1p su\u1ea5t kh\u00f4ng kh\u00ed\uff1akh\u00f4ng kh\u00ed \u00e1p su\u1ea5t kh\u00f4, kh\u00f4ng n\u01b0\u1edbc v\u00e0 kh\u00f4ng d\u1ea7u \u0111\u01b0\u1ee3c l\u1ecdc, \u00e1p su\u1ea5t 0.4\uff5e8Mpa<\/li>\n<\/ul>\n","protected":false},"featured_media":3415,"comment_status":"open","ping_status":"closed","template":"","meta":[],"pwb-brand":[],"product_cat":[249],"product_tag":[],"class_list":{"0":"post-3414","1":"product","2":"type-product","3":"status-publish","4":"has-post-thumbnail","6":"product_cat-thiet-bi-nganh-muc-in","7":"pa_hang-biuged","8":"pa_xuat-xu-trung-quoc","10":"first","11":"instock","12":"shipping-taxable","13":"product-type-simple"},"brands":[],"_links":{"self":[{"href":"https:\/\/www.khoihuy.com\/vi\/wp-json\/wp\/v2\/product\/3414","targetHints":{"allow":["GET"]}}],"collection":[{"href":"https:\/\/www.khoihuy.com\/vi\/wp-json\/wp\/v2\/product"}],"about":[{"href":"https:\/\/www.khoihuy.com\/vi\/wp-json\/wp\/v2\/types\/product"}],"replies":[{"embeddable":true,"href":"https:\/\/www.khoihuy.com\/vi\/wp-json\/wp\/v2\/comments?post=3414"}],"wp:featuredmedia":[{"embeddable":true,"href":"https:\/\/www.khoihuy.com\/vi\/wp-json\/wp\/v2\/media\/3415"}],"wp:attachment":[{"href":"https:\/\/www.khoihuy.com\/vi\/wp-json\/wp\/v2\/media?parent=3414"}],"wp:term":[{"taxonomy":"pwb-brand","embeddable":true,"href":"https:\/\/www.khoihuy.com\/vi\/wp-json\/wp\/v2\/pwb-brand?post=3414"},{"taxonomy":"product_cat","embeddable":true,"href":"https:\/\/www.khoihuy.com\/vi\/wp-json\/wp\/v2\/product_cat?post=3414"},{"taxonomy":"product_tag","embeddable":true,"href":"https:\/\/www.khoihuy.com\/vi\/wp-json\/wp\/v2\/product_tag?post=3414"}],"curies":[{"name":"wp","href":"https:\/\/api.w.org\/{rel}","templated":true}]}}