{"id":3366,"date":"2024-12-07T08:53:39","date_gmt":"2024-12-07T01:53:39","guid":{"rendered":"https:\/\/khoihuy.com\/?post_type=product&#038;p=3366"},"modified":"2024-12-07T08:53:40","modified_gmt":"2024-12-07T01:53:40","slug":"thuoc-do-do-min-mang-son","status":"publish","type":"product","link":"https:\/\/www.khoihuy.com\/vi\/san-pham\/thuoc-do-do-min-mang-son\/","title":{"rendered":"TH\u01af\u1edaC \u0110O \u0110\u1ed8 M\u1ecaN M\u00c0NG S\u01a0N"},"content":{"rendered":"<ol>\n<li><strong><em><u><b><i>Gi\u1edbi thi\u1ec7u v\u1ec1 th\u01b0\u1edbc \u0111o \u0111\u1ed9 m\u1ecbn h\u00e3ng Biuged:<\/i><\/b><\/u><\/em><\/strong><\/li>\n<\/ol>\n<p>\u2013 Th\u01b0\u1edbc \u0111o \u0111\u1ed9 m\u1ecbn s\u01a1n h\u00e3ng Biuged l\u00e0m b\u1eb1ng th\u00e9p kh\u00f4ng r\u1ec9 c\u1ee9ng v\u00e0 c\u00f3 m\u1ed9t ho\u1eb7c hai r\u00e3nh c\u00f3 \u0111\u1ed9 d\u1ed1c ph\u00e2n lo\u1ea1i (ph\u1ee5 thu\u1ed9c v\u00e0o m\u00f4 h\u00ecnh \u0111\u00e3 ch\u1ecdn), \u0111\u00e3 \u0111\u01b0\u1ee3c gia c\u00f4ng c\u1ee1 micron, mils, NS (Hegman) v\u1edbi sai s\u1ed1 \u00b1 2 \u03bcm<\/p>\n<p>\u2013 Tuy \u0111\u01b0\u1ee3c s\u1ea3n xu\u1ea5t t\u1ea1i Trung Qu\u1ed1c nh\u01b0ng th\u01b0\u1edbc \u0111o \u0111\u1ed9 m\u1ecbn h\u00e3ng Biuged \u0111\u1ea1t c\u00e1c ti\u00eau chu\u1ea9n v\u1ec1 \u0111o \u0111\u1ed9 m\u1ecbn nh\u01b0: ISO 1524, ASTM D 3333, ASTM D 1210, ASTM D 1316, DIN EN21524. T\u1ea5t c\u1ea3 c\u00e1c th\u01b0\u1edbc \u0111o \u0111\u1ec1u c\u00f3 gi\u1ea5y ch\u1ee9ng nh\u1eadn hi\u1ec7u chu\u1ea9n n\u00ean qu\u00fd kh\u00e1ch ho\u00e0n to\u00e0n an t\u00e2m v\u1ec1 ch\u1ea5t l\u01b0\u1ee3ng v\u00e0 k\u1ebft qu\u1ea3 \u0111o<\/p>\n<ol start=\"2\">\n<li><strong><em><u><b><i>Th\u00f4ng s\u1ed1 k\u1ef9 thu\u1eadt:<\/i><\/b><\/u><\/em><\/strong><\/li>\n<\/ol>\n<table>\n<tbody>\n<tr>\n<td><strong><b>Mi\u00eau t\u1ea3<\/b><\/strong><\/td>\n<td><strong><b>Model<\/b><\/strong><\/td>\n<td><strong><b>K\u00edch th\u01b0\u1edbc r\u00e3nh<\/b><\/strong><\/td>\n<td><strong><b>Thang \u0111o<\/b><\/strong><\/td>\n<td><strong><b>K\u00edch th\u01b0\u1edbc ngo\u00e0i<\/b><\/strong><\/td>\n<td><strong><b>\u0110\u1ed9 ph\u00e2n gi\u1ea3i<\/b><\/strong><\/td>\n<td><strong><b>S\u1ed1 r\u00e3nh<\/b><\/strong><\/td>\n<\/tr>\n<tr>\n<td rowspan=\"5\"><strong><b>Th\u01b0\u1edbc \u0111o \u0111\u1ed9 m\u1ecbn 1 r\u00e3nh<\/b><\/strong><\/td>\n<td>BGD 241\/0<\/td>\n<td rowspan=\"5\">140\u00d712.5mm<\/td>\n<td>0-15\u00b5m<\/td>\n<td>170\u00d750\u00d712mm<\/td>\n<td>0.625 \u00b5m<\/td>\n<td>1<\/td>\n<\/tr>\n<tr>\n<td>BGD 241\/1<\/td>\n<td>0-25\u00b5m<\/td>\n<td>170\u00d750\u00d712mm<\/td>\n<td>1.25 \u00b5m<\/td>\n<td>1<\/td>\n<\/tr>\n<tr>\n<td>BGD 241\/2<\/td>\n<td>0-50\u00b5m<\/td>\n<td>170\u00d750\u00d712mm<\/td>\n<td>2.5 \u00b5m<\/td>\n<td>1<\/td>\n<\/tr>\n<tr>\n<td>BGD 241\/3<\/td>\n<td>0-100\u00b5m<\/td>\n<td>170\u00d750\u00d712mm<\/td>\n<td>5 \u00b5m<\/td>\n<td>1<\/td>\n<\/tr>\n<tr>\n<td>BGD 241\/4<\/td>\n<td>0-150\u00b5m<\/td>\n<td>170\u00d750\u00d712mm<\/td>\n<td>7.5 \u00b5m<\/td>\n<td>1<\/td>\n<\/tr>\n<tr>\n<td rowspan=\"4\"><strong><b>Th\u01b0\u1edbc \u0111o \u0111\u1ed9 m\u1ecbn 2 r\u00e3nh<\/b><\/strong><\/td>\n<td>BGD 242\/0<\/td>\n<td rowspan=\"4\">140\u00d712.5mm<\/td>\n<td>0-15\u00b5m<\/td>\n<td>175\u00d765\u00d712mm<\/td>\n<td>0.625\u00b5m<\/td>\n<td>2<\/td>\n<\/tr>\n<tr>\n<td>BGD 242\/1<\/td>\n<td>0-25\u00b5m<\/td>\n<td>175\u00d765\u00d712mm<\/td>\n<td>1.25 \u00b5m<\/td>\n<td>2<\/td>\n<\/tr>\n<tr>\n<td>BGD 242\/2<\/td>\n<td>0-50\u00b5m<\/td>\n<td>175\u00d765\u00d712mm<\/td>\n<td>2.5 \u00b5m<\/td>\n<td>2<\/td>\n<\/tr>\n<tr>\n<td>BGD 242\/3<\/td>\n<td>0-100\u00b5m<\/td>\n<td>175\u00d765\u00d712mm<\/td>\n<td>5 \u00b5m<\/td>\n<td>2<\/td>\n<\/tr>\n<tr>\n<td rowspan=\"3\"><strong><b>Th\u01b0\u1edbc \u0111o \u0111\u1ed9 m\u1ecbn r\u00e3nh r\u1ed9ng<\/b><\/strong><\/td>\n<td>BGD 244\/1<\/td>\n<td rowspan=\"3\">140\u00d737.0mm<\/td>\n<td>0-25\u00b5m<\/td>\n<td>175\u00d765\u00d712mm<\/td>\n<td>1.25 \u00b5m<\/td>\n<td>1<\/td>\n<\/tr>\n<tr>\n<td>BGD 244\/2<\/td>\n<td>0-50\u00b5m<\/td>\n<td>175\u00d765\u00d712mm<\/td>\n<td>2.5 \u00b5m<\/td>\n<td>1<\/td>\n<\/tr>\n<tr>\n<td>BGD 244\/3<\/td>\n<td>0-100\u00b5m<\/td>\n<td>175\u00d765\u00d712mm<\/td>\n<td>5 \u00b5m<\/td>\n<td>1<\/td>\n<\/tr>\n<\/tbody>\n<\/table>\n","protected":false},"excerpt":{"rendered":"<p><strong><b>Model :<\/b><\/strong> BGD 241 , BGD 242 , BGD 244<\/p>\n<p><strong><em><u><b><i>Gi\u1edbi thi\u1ec7u v\u1ec1 th\u01b0\u1edbc \u0111o \u0111\u1ed9 m\u1ecbn h\u00e3ng Biuged:<\/i><\/b><\/u><\/em><\/strong><\/p>\n<p>\u2013 Th\u01b0\u1edbc \u0111o \u0111\u1ed9 m\u1ecbn s\u01a1n h\u00e3ng Biuged l\u00e0m b\u1eb1ng th\u00e9p kh\u00f4ng r\u1ec9 c\u1ee9ng v\u00e0 c\u00f3 m\u1ed9t ho\u1eb7c hai r\u00e3nh c\u00f3 \u0111\u1ed9 d\u1ed1c ph\u00e2n lo\u1ea1i (ph\u1ee5 thu\u1ed9c v\u00e0o m\u00f4 h\u00ecnh \u0111\u00e3 ch\u1ecdn), \u0111\u00e3 \u0111\u01b0\u1ee3c gia c\u00f4ng c\u1ee1 micron, mils, NS (Hegman) v\u1edbi sai s\u1ed1 \u00b1 2 \u03bcm<\/p>\n<p>\u2013 Tuy \u0111\u01b0\u1ee3c s\u1ea3n xu\u1ea5t t\u1ea1i Trung Qu\u1ed1c nh\u01b0ng th\u01b0\u1edbc \u0111o \u0111\u1ed9 m\u1ecbn h\u00e3ng Biuged \u0111\u1ea1t c\u00e1c ti\u00eau chu\u1ea9n v\u1ec1 \u0111o \u0111\u1ed9 m\u1ecbn nh\u01b0: ISO 1524, ASTM D 3333, ASTM D 1210, ASTM D 1316, DIN EN21524. T\u1ea5t c\u1ea3 c\u00e1c th\u01b0\u1edbc \u0111o \u0111\u1ec1u c\u00f3 gi\u1ea5y ch\u1ee9ng nh\u1eadn hi\u1ec7u chu\u1ea9n n\u00ean qu\u00fd kh\u00e1ch ho\u00e0n to\u00e0n an t\u00e2m v\u1ec1 ch\u1ea5t l\u01b0\u1ee3ng v\u00e0 k\u1ebft qu\u1ea3 \u0111o<\/p>\n","protected":false},"featured_media":3367,"comment_status":"open","ping_status":"closed","template":"","meta":[],"pwb-brand":[],"product_cat":[363,253,249,248],"product_tag":[],"class_list":{"0":"post-3366","1":"product","2":"type-product","3":"status-publish","4":"has-post-thumbnail","6":"product_cat-thuoc-do-do-min-fineness-of-grind-gauge","7":"product_cat-thiet-bi-co-ban","8":"product_cat-thiet-bi-nganh-muc-in","9":"product_cat-thiet-bi-nganh-son","10":"pa_hang-biuged","11":"pa_xuat-xu-trung-quoc","13":"first","14":"instock","15":"shipping-taxable","16":"product-type-simple"},"brands":[],"_links":{"self":[{"href":"https:\/\/www.khoihuy.com\/vi\/wp-json\/wp\/v2\/product\/3366","targetHints":{"allow":["GET"]}}],"collection":[{"href":"https:\/\/www.khoihuy.com\/vi\/wp-json\/wp\/v2\/product"}],"about":[{"href":"https:\/\/www.khoihuy.com\/vi\/wp-json\/wp\/v2\/types\/product"}],"replies":[{"embeddable":true,"href":"https:\/\/www.khoihuy.com\/vi\/wp-json\/wp\/v2\/comments?post=3366"}],"wp:featuredmedia":[{"embeddable":true,"href":"https:\/\/www.khoihuy.com\/vi\/wp-json\/wp\/v2\/media\/3367"}],"wp:attachment":[{"href":"https:\/\/www.khoihuy.com\/vi\/wp-json\/wp\/v2\/media?parent=3366"}],"wp:term":[{"taxonomy":"pwb-brand","embeddable":true,"href":"https:\/\/www.khoihuy.com\/vi\/wp-json\/wp\/v2\/pwb-brand?post=3366"},{"taxonomy":"product_cat","embeddable":true,"href":"https:\/\/www.khoihuy.com\/vi\/wp-json\/wp\/v2\/product_cat?post=3366"},{"taxonomy":"product_tag","embeddable":true,"href":"https:\/\/www.khoihuy.com\/vi\/wp-json\/wp\/v2\/product_tag?post=3366"}],"curies":[{"name":"wp","href":"https:\/\/api.w.org\/{rel}","templated":true}]}}