{"id":3364,"date":"2024-12-07T08:49:56","date_gmt":"2024-12-07T01:49:56","guid":{"rendered":"https:\/\/khoihuy.com\/?post_type=product&#038;p=3364"},"modified":"2024-12-07T08:49:56","modified_gmt":"2024-12-07T01:49:56","slug":"may-do-do-am-protimeter-bld2000-2","status":"publish","type":"product","link":"https:\/\/www.khoihuy.com\/vi\/san-pham\/may-do-do-am-protimeter-bld2000-2\/","title":{"rendered":"M\u00c1Y \u0110O \u0110\u1ed8 \u1ea8M PROTIMETER BLD2000"},"content":{"rendered":"<ul>\n<li>M\u00e1y \u0111o \u0111\u1ed9 \u1ea9m Protimeter BLD2000\u00a0l\u00e0 m\u1ed9t c\u00f4ng c\u1ee5 \u0111o \u0111\u1ed9 \u1ea9m chuy\u00ean nghi\u1ec7p \u0111\u01b0\u1ee3c s\u1eed d\u1ee5ng trong ng\u00e0nh x\u00e2y d\u1ef1ng v\u00e0 ki\u1ec3m tra h\u01b0 h\u1ecfng c\u1ee7a c\u00e1c v\u1eadt li\u1ec7u x\u00e2y d\u1ef1ng.<\/li>\n<li>M\u00e1y \u0111o n\u00e0y s\u1eed d\u1ee5ng nguy\u00ean l\u00fd \u0111o \u0111i\u1ec7n tr\u1edf \u0111\u1ec3 \u0111o \u0111\u1ed9 \u1ea9m c\u1ee7a c\u00e1c v\u1eadt li\u1ec7u, bao g\u1ed3m c\u1ea3 g\u1ed7, t\u01b0\u1eddng v\u00e0 s\u00e0n.<\/li>\n<\/ul>\n<p><strong>Th\u00f4ng s\u1ed1 k\u1ef9 thu\u1eadt c\u1ee7a m\u00e1y \u0111o \u0111\u1ed9 \u1ea9m Protimeter BLD2000:<\/strong><\/p>\n<ul>\n<li>Kho\u1ea3ng \u0111o: 6%- 90%<\/li>\n<li>Hi\u1ec3n th\u1ecb: 3 thang (xanh: kh\u00f4, v\u00e0ng: t\u01b0\u01a1ng \u0111\u1ed1i \u1ea9m, \u0111\u1ecf: \u1ea9m) tr\u00ean m\u00e0n h\u00ecnh LED<\/li>\n<li>Ngu\u1ed3n: 9V (2 AA)<\/li>\n<li>T\u1ef1 \u0111\u1ed9ng t\u1eaft ngu\u1ed3n sau khi kh\u00f4ng s\u1eed d\u1ee5ng \u0111\u1ec3 ti\u1ebft ki\u1ec7m pin.<\/li>\n<li>K\u00edch th\u01b0\u1edbc: 180 mm x28mm x 49 mm<\/li>\n<li>Tr\u1ecdng l\u01b0\u1ee3ng: 150 g<\/li>\n<\/ul>\n<p>BLD 2000 \u0111\u01b0\u1ee3c cung c\u1ea5p k\u00e8m theo 01 t\u1ea5m chu\u1ea9n \u0111\u1ec3 ki\u1ec3m tra \u0111\u1ed9 ch\u00ednh x\u00e1c c\u1ee7a m\u00e1y c\u00f9ng 01 \u0111\u00f4i c\u1ea3m bi\u1ebfn d\u1ef1 ph\u00f2ng v\u00e0 01 \u0111\u1ea7u \u0111o c\u00f3 d\u00e2y s\u1eed d\u1ee5ng cho c\u00e1c m\u1eabu tr\u00ean cao.<\/p>\n","protected":false},"excerpt":{"rendered":"<ul>\n<li>M\u00e1y \u0111o \u0111\u1ed9 \u1ea9m Protimeter BLD2000\u00a0l\u00e0 m\u1ed9t c\u00f4ng c\u1ee5 \u0111o \u0111\u1ed9 \u1ea9m chuy\u00ean nghi\u1ec7p \u0111\u01b0\u1ee3c s\u1eed d\u1ee5ng trong ng\u00e0nh x\u00e2y d\u1ef1ng v\u00e0 ki\u1ec3m tra h\u01b0 h\u1ecfng c\u1ee7a c\u00e1c v\u1eadt li\u1ec7u x\u00e2y d\u1ef1ng.<\/li>\n<li>M\u00e1y \u0111o n\u00e0y s\u1eed d\u1ee5ng nguy\u00ean l\u00fd \u0111o \u0111i\u1ec7n tr\u1edf \u0111\u1ec3 \u0111o \u0111\u1ed9 \u1ea9m c\u1ee7a c\u00e1c v\u1eadt li\u1ec7u, bao g\u1ed3m c\u1ea3 g\u1ed7, t\u01b0\u1eddng v\u00e0 s\u00e0n.<\/li>\n<\/ul>\n","protected":false},"featured_media":3365,"comment_status":"open","ping_status":"closed","template":"","meta":[],"pwb-brand":[278],"product_cat":[361,253,248],"product_tag":[],"class_list":{"0":"post-3364","1":"product","2":"type-product","3":"status-publish","4":"has-post-thumbnail","6":"pwb-brand-protimeter","7":"product_cat-thiet-bi-do-do-am","8":"product_cat-thiet-bi-co-ban","9":"product_cat-thiet-bi-nganh-son","10":"pa_hang-protimeter","11":"pa_xuat-xu-uk","13":"first","14":"instock","15":"shipping-taxable","16":"product-type-simple"},"brands":[{"id":278,"name":"Protimeter","slug":"protimeter"}],"_links":{"self":[{"href":"https:\/\/www.khoihuy.com\/vi\/wp-json\/wp\/v2\/product\/3364","targetHints":{"allow":["GET"]}}],"collection":[{"href":"https:\/\/www.khoihuy.com\/vi\/wp-json\/wp\/v2\/product"}],"about":[{"href":"https:\/\/www.khoihuy.com\/vi\/wp-json\/wp\/v2\/types\/product"}],"replies":[{"embeddable":true,"href":"https:\/\/www.khoihuy.com\/vi\/wp-json\/wp\/v2\/comments?post=3364"}],"wp:featuredmedia":[{"embeddable":true,"href":"https:\/\/www.khoihuy.com\/vi\/wp-json\/wp\/v2\/media\/3365"}],"wp:attachment":[{"href":"https:\/\/www.khoihuy.com\/vi\/wp-json\/wp\/v2\/media?parent=3364"}],"wp:term":[{"taxonomy":"pwb-brand","embeddable":true,"href":"https:\/\/www.khoihuy.com\/vi\/wp-json\/wp\/v2\/pwb-brand?post=3364"},{"taxonomy":"product_cat","embeddable":true,"href":"https:\/\/www.khoihuy.com\/vi\/wp-json\/wp\/v2\/product_cat?post=3364"},{"taxonomy":"product_tag","embeddable":true,"href":"https:\/\/www.khoihuy.com\/vi\/wp-json\/wp\/v2\/product_tag?post=3364"}],"curies":[{"name":"wp","href":"https:\/\/api.w.org\/{rel}","templated":true}]}}