{"id":3353,"date":"2024-12-07T08:33:35","date_gmt":"2024-12-07T01:33:35","guid":{"rendered":"https:\/\/khoihuy.com\/?post_type=product&#038;p=3353"},"modified":"2024-12-07T08:35:14","modified_gmt":"2024-12-07T01:35:14","slug":"1-coc-do-do-nhot-ford-cup","status":"publish","type":"product","link":"https:\/\/www.khoihuy.com\/vi\/san-pham\/1-coc-do-do-nhot-ford-cup\/","title":{"rendered":"C\u1ed1c \u0111o \u0111\u1ed9 nh\u1edbt Ford Cup."},"content":{"rendered":"<p><strong>Ti\u00eau chu\u1ea9n:<\/strong><\/p>\n<p>\u2013\u00a0C\u1ed1c \u0111o \u0111\u1ed9 nh\u1edbt Ford Cup \u0111\u01b0\u1ee3c s\u1ea3n xu\u1ea5t theo c\u00e1c ti\u00eau chu\u1ea9n qu\u1ed1c t\u1ebf ASTM D1200, D333, v\u00e0 D365.<\/p>\n<p><strong><b>C\u00e1c th\u00f4ng s\u1ed1 k\u1ef9 thu\u1eadt chung:<\/b><\/strong><\/p>\n<p>\u2013\u00a0\u0110\u01b0\u1eddng k\u00ednh trong: 50 \u00b1 0.05mm<\/p>\n<p>\u2013\u00a0\u0110\u01b0\u1eddng k\u00ednh ngo\u00e0i: 86 \u00b1 0.1mm<\/p>\n<p>\u2013\u00a0\u0110\u1ed9 d\u00e0i c\u1ee7a l\u1ed7 c\u1ed1c b\u00ean trong: 10 \u00b1 0.1mm<\/p>\n<p>\u2013\u00a0Sai s\u1ed1: \u00b1 2%<\/p>\n<p>\u2013 Ch\u1ea5t li\u1ec7u: th\u00e2n c\u1ed1c &#8211; h\u1ee3p kim nh\u00f4m, v\u00f2i phun ra &#8211; th\u00e9p kh\u00f4ng g\u1ec9<\/p>\n<p>\u2013\u00a0Dung t\u00edch: 100 ml<\/p>\n<table>\n<tbody>\n<tr>\n<td width=\"150\">Th\u00f4ng s\u1ed1 k\u1ef9 thu\u1eadt<\/td>\n<td width=\"103\">BGD -152\/2<\/td>\n<td>\u00a0BGD-153\/3<\/td>\n<td>BGD-125\/4<\/td>\n<td>BGD-125\/4P<\/td>\n<td>BGD-125\/5<\/td>\n<\/tr>\n<tr>\n<td width=\"150\">Chi\u1ec1u cao n\u1ed9i b\u1ed9 d\u1ecdc<\/td>\n<td width=\"103\">\u00a043 \u00b1 0.1<\/td>\n<td>43 \u00b1 0.1<\/td>\n<td>43 \u00b1 0.1<\/td>\n<td>43 \u00b1 0.1<\/td>\n<td>43 \u00b1 0.1<\/td>\n<\/tr>\n<tr>\n<td width=\"150\">Th\u1eddi gian ch\u1ea3y ra<\/td>\n<td width=\"103\">40-100<\/td>\n<td>25-105<\/td>\n<td>20-105<\/td>\n<td>20-105<\/td>\n<td>20-105<\/td>\n<\/tr>\n<tr>\n<td width=\"150\">Pham vi \u0111o<\/td>\n<td width=\"103\">25-120<\/td>\n<td>49-220<\/td>\n<td>70-370<\/td>\n<td>70-370<\/td>\n<td>215-1413<\/td>\n<\/tr>\n<tr>\n<td width=\"150\">\u0110\u01b0\u1eddng k\u00ednh trong \u0444 (mm)<\/td>\n<td width=\"103\">2,53\u00a0mm<\/td>\n<td>3,4\u00a0mm<\/td>\n<td>4,1mm<\/td>\n<td>4,1mm<\/td>\n<td>5,2mm<\/td>\n<\/tr>\n<tr>\n<td width=\"150\">Tay c\u1ea7m<\/td>\n<td width=\"103\">kh\u00f4ng<\/td>\n<td>kh\u00f4ng<\/td>\n<td>kh\u00f4ng<\/td>\n<td>c\u00f3<\/td>\n<td>kh\u00f4ng<\/td>\n<\/tr>\n<\/tbody>\n<\/table>\n<p><strong>C\u00e1ch \u0111o nh\u01b0 sau:<\/strong><\/p>\n<p><strong><b>&#8211;\u00a0<\/b><\/strong><strong><u><b>B\u01b0\u1edbc 1<\/b><\/u><\/strong><strong><b>:<\/b><\/strong>\u00a0Ch\u1ecdn model c\u1ed1c c\u00f3 thang \u0111o ph\u00f9 h\u1ee3p.<\/p>\n<p><strong><b>&#8211;\u00a0<\/b><\/strong><strong><u><b>B\u01b0\u1edbc 2<\/b><\/u><\/strong><strong><b>:<\/b><\/strong>\u00a0L\u00e0m s\u1ea1ch c\u1ed1c \u0111o \u0111\u1ed9 nh\u1edbt tr\u01b0\u1edbc khi \u0111o m\u1eabu<\/p>\n<p><strong><b>&#8211;\u00a0<\/b><\/strong><strong><u><b>B\u01b0\u1edbc 3<\/b><\/u><\/strong><strong><b>:<\/b><\/strong>\u00a0\u0110i\u1ec1u ch\u1ec9nh nhi\u1ec7t \u0111\u1ed9 m\u1eabu khi \u0111o r\u01a1i v\u00e0o kho\u1ea3ng 25 \u0111\u1ed9 C.<\/p>\n<p><strong><b>&#8211;<\/b><\/strong><strong><u><b>\u00a0B\u01b0\u1edbc 4:<\/b><\/u><\/strong>\u00a0Gi\u1eef ph\u00eda d\u01b0\u1edbi l\u1ed7 c\u1ed1c v\u00e0 \u0111\u1ed5 m\u1eabu v\u00e0o \u0111\u1ea7y c\u1ed1c sao cho kh\u00f4ng c\u00f3 b\u1ecdt khi b\u00ean trong c\u1ed1c.<\/p>\n<p>N\u1ebfu ch\u1ea5t l\u1ecfng tr\u00e0n \u0111\u1ea7y qu\u00e1 mi\u1ec7ng c\u1ed1c th\u00ec ta n\u00ean s\u1eed d\u1ee5ng mi\u1ebfng g\u1ea1t ch\u1ea5t l\u1ecfng b\u1eb1ng v\u1edbi mi\u1ec7ng c\u1ed1c.<\/p>\n<p><strong><b>Ch\u00fa \u00fd:<\/b><\/strong>\u00a0Tay kh\u00f4ng \u0111\u01b0\u1ee3c ch\u1ea1m v\u00e0o ch\u1ea5t l\u1ecfng trong c\u1ed1c<\/p>\n<p><strong><b>&#8211;\u00a0<\/b><\/strong><strong><u><b>B\u01b0\u1edbc 5:<\/b><\/u><\/strong>\u00a0Th\u1ea3 tay b\u1ecbt l\u1ed7 c\u1ed1c, khi ch\u1ea5t l\u1ecfng b\u1eaft \u0111\u1ea7u ch\u1ea3y ra kh\u1ecfi c\u1ed1c th\u00ec b\u1ea5m \u0111\u1ed3ng h\u1ed3 \u0111o th\u1eddi gian.<\/p>\n<p><strong><b>&#8211;\u00a0<\/b><\/strong><strong><u><b>B\u01b0\u1edbc 6:<\/b><\/u><\/strong>\u00a0\u0110o 3 l\u1ea7n v\u00e0 l\u1ea5y gi\u00e1 tr\u1ecb trung b\u00ecnh.<\/p>\n<p><strong><b>&#8211;\u00a0<\/b><\/strong><strong><u><b>B\u01b0\u1edbc 7<\/b><\/u><\/strong><strong><b>: <\/b><\/strong>Nhanh ch\u00f3ng l\u00e0m s\u1ea1ch c\u1ed1c \u0111o \u0111\u1ed9 nh\u1edbt, \u0111\u1eb7c bi\u1ec7t l\u00e0 l\u1ed7 c\u1ed1c<\/p>\n","protected":false},"excerpt":{"rendered":"<p><strong>Ti\u00eau chu\u1ea9n:<\/strong><\/p>\n<p>\u2013\u00a0C\u1ed1c \u0111o \u0111\u1ed9 nh\u1edbt Ford Cup \u0111\u01b0\u1ee3c s\u1ea3n xu\u1ea5t theo c\u00e1c ti\u00eau chu\u1ea9n qu\u1ed1c t\u1ebf ASTM D1200, D333, v\u00e0 D365.<\/p>\n<p><strong><b>C\u00e1c th\u00f4ng s\u1ed1 k\u1ef9 thu\u1eadt chung:<\/b><\/strong><\/p>\n<p>\u2013\u00a0\u0110\u01b0\u1eddng k\u00ednh trong: 50 \u00b1 0.05mm<\/p>\n<p>\u2013\u00a0\u0110\u01b0\u1eddng k\u00ednh ngo\u00e0i: 86 \u00b1 0.1mm<\/p>\n<p>\u2013\u00a0\u0110\u1ed9 d\u00e0i c\u1ee7a l\u1ed7 c\u1ed1c b\u00ean trong: 10 \u00b1 0.1mm<\/p>\n<p>\u2013\u00a0Sai s\u1ed1: \u00b1 2%<\/p>\n<p>\u2013 Ch\u1ea5t li\u1ec7u: th\u00e2n c\u1ed1c &#8211; h\u1ee3p kim nh\u00f4m, v\u00f2i phun ra &#8211; th\u00e9p kh\u00f4ng g\u1ec9<\/p>\n<p>\u2013\u00a0Dung t\u00edch: 100 ml<\/p>\n","protected":false},"featured_media":3354,"comment_status":"open","ping_status":"closed","template":"","meta":[],"pwb-brand":[264],"product_cat":[356,253,248],"product_tag":[],"class_list":{"0":"post-3353","1":"product","2":"type-product","3":"status-publish","4":"has-post-thumbnail","6":"pwb-brand-biuged","7":"product_cat-thiet-bi-do-do-nhot","8":"product_cat-thiet-bi-co-ban","9":"product_cat-thiet-bi-nganh-son","10":"pa_hang-biuged","11":"pa_xuat-xu-trung-quoc","13":"first","14":"instock","15":"shipping-taxable","16":"product-type-simple"},"brands":[{"id":264,"name":"Biuged","slug":"biuged"}],"_links":{"self":[{"href":"https:\/\/www.khoihuy.com\/vi\/wp-json\/wp\/v2\/product\/3353","targetHints":{"allow":["GET"]}}],"collection":[{"href":"https:\/\/www.khoihuy.com\/vi\/wp-json\/wp\/v2\/product"}],"about":[{"href":"https:\/\/www.khoihuy.com\/vi\/wp-json\/wp\/v2\/types\/product"}],"replies":[{"embeddable":true,"href":"https:\/\/www.khoihuy.com\/vi\/wp-json\/wp\/v2\/comments?post=3353"}],"wp:featuredmedia":[{"embeddable":true,"href":"https:\/\/www.khoihuy.com\/vi\/wp-json\/wp\/v2\/media\/3354"}],"wp:attachment":[{"href":"https:\/\/www.khoihuy.com\/vi\/wp-json\/wp\/v2\/media?parent=3353"}],"wp:term":[{"taxonomy":"pwb-brand","embeddable":true,"href":"https:\/\/www.khoihuy.com\/vi\/wp-json\/wp\/v2\/pwb-brand?post=3353"},{"taxonomy":"product_cat","embeddable":true,"href":"https:\/\/www.khoihuy.com\/vi\/wp-json\/wp\/v2\/product_cat?post=3353"},{"taxonomy":"product_tag","embeddable":true,"href":"https:\/\/www.khoihuy.com\/vi\/wp-json\/wp\/v2\/product_tag?post=3353"}],"curies":[{"name":"wp","href":"https:\/\/api.w.org\/{rel}","templated":true}]}}