{"id":3428,"date":"2024-12-07T09:57:35","date_gmt":"2024-12-07T02:57:35","guid":{"rendered":"https:\/\/khoihuy.com\/?post_type=product&#038;p=3428"},"modified":"2024-12-07T09:57:35","modified_gmt":"2024-12-07T02:57:35","slug":"color-concert-classic-fan-deck","status":"publish","type":"product","link":"https:\/\/www.khoihuy.com\/en\/product\/color-concert-classic-fan-deck\/","title":{"rendered":"Color Concert Classic Fan Deck"},"content":{"rendered":"<p>\u0110\u00e2y l\u00e0 m\u1ed9t trong nh\u1eefng qu\u1ea1t m\u00e0u ph\u1ed5 bi\u1ebfn nh\u1ea5t d\u00f9ng trong ng\u00e0nh x\u00e2y d\u1ef1ng<\/p>\n<p>S\u1ed1 l\u01b0\u1ee3ng m\u00e0u: 1008 m\u00e0u<\/p>\n<p>K\u00edch th\u01b0\u1edbc kho\u1ea3ng 280x520x40mm<\/p>\n<p>S\u1ed1 trang m\u00e0u: 144 trang, m\u1ed7i trang 7 m\u00e0u<\/p>","protected":false},"excerpt":{"rendered":"<p>\u0110\u00e2y l\u00e0 m\u1ed9t trong nh\u1eefng qu\u1ea1t m\u00e0u ph\u1ed5 bi\u1ebfn nh\u1ea5t d\u00f9ng trong ng\u00e0nh x\u00e2y d\u1ef1ng<\/p>\n<p>S\u1ed1 l\u01b0\u1ee3ng m\u00e0u: 1008 m\u00e0u<\/p>\n<p>K\u00edch th\u01b0\u1edbc kho\u1ea3ng 280x520x40mm<\/p>\n<p>S\u1ed1 trang m\u00e0u: 144 trang, m\u1ed7i trang 7 m\u00e0u<\/p>","protected":false},"featured_media":3429,"comment_status":"open","ping_status":"closed","template":"","meta":[],"pwb-brand":[],"product_cat":[247],"product_tag":[],"class_list":{"0":"post-3428","1":"product","2":"type-product","3":"status-publish","4":"has-post-thumbnail","6":"product_cat-khac","8":"first","9":"instock","10":"shipping-taxable","11":"product-type-simple"},"brands":[],"_links":{"self":[{"href":"https:\/\/www.khoihuy.com\/en\/wp-json\/wp\/v2\/product\/3428","targetHints":{"allow":["GET"]}}],"collection":[{"href":"https:\/\/www.khoihuy.com\/en\/wp-json\/wp\/v2\/product"}],"about":[{"href":"https:\/\/www.khoihuy.com\/en\/wp-json\/wp\/v2\/types\/product"}],"replies":[{"embeddable":true,"href":"https:\/\/www.khoihuy.com\/en\/wp-json\/wp\/v2\/comments?post=3428"}],"wp:featuredmedia":[{"embeddable":true,"href":"https:\/\/www.khoihuy.com\/en\/wp-json\/wp\/v2\/media\/3429"}],"wp:attachment":[{"href":"https:\/\/www.khoihuy.com\/en\/wp-json\/wp\/v2\/media?parent=3428"}],"wp:term":[{"taxonomy":"pwb-brand","embeddable":true,"href":"https:\/\/www.khoihuy.com\/en\/wp-json\/wp\/v2\/pwb-brand?post=3428"},{"taxonomy":"product_cat","embeddable":true,"href":"https:\/\/www.khoihuy.com\/en\/wp-json\/wp\/v2\/product_cat?post=3428"},{"taxonomy":"product_tag","embeddable":true,"href":"https:\/\/www.khoihuy.com\/en\/wp-json\/wp\/v2\/product_tag?post=3428"}],"curies":[{"name":"wp","href":"https:\/\/api.w.org\/{rel}","templated":true}]}}