{"id":3420,"date":"2024-12-07T09:55:50","date_gmt":"2024-12-07T02:55:50","guid":{"rendered":"https:\/\/khoihuy.com\/?post_type=product&#038;p=3420"},"modified":"2024-12-07T09:55:50","modified_gmt":"2024-12-07T02:55:50","slug":"may-tron-nhanh-son-phu-model-bgd760","status":"publish","type":"product","link":"https:\/\/www.khoihuy.com\/en\/product\/may-tron-nhanh-son-phu-model-bgd760\/","title":{"rendered":"M\u00c1Y TR\u1ed8N NHANH S\u01a0N PH\u1ee6- MODEL BGD760"},"content":{"rendered":"<p><strong><b>MODEL BGD760<\/b><\/strong><\/p>\n<p><strong><b>Hay th\u01b0\u1eddng g\u1ecdi TWIN ARM SHAKER.<\/b><\/strong><\/p>\n<p><strong><b>H\u00e3ng: Biuged- Xu\u1ea5t x\u1ee9: Trung Qu\u1ed1c<\/b><\/strong><\/p>\n<ul>\n<li>\u0110\u1ed9ng c\u01a1: 550W 220V 50Hz<\/li>\n<li>V\u00f2ng quay tr\u1ee5c khu\u1ef7u: 660 v\u00f2ng\/ph\u00fat<\/li>\n<li>H\u00e0nh tr\u00ecnh t\u1ecbnh ti\u1ebfn c\u1ee7a tr\u1ee5c ch\u00ednh: 16 mm<\/li>\n<li>Bi\u00ean \u0111\u1ed9 t\u1ed1i \u0111a tr\u00ean v\u00e0 d\u01b0\u1edbi: 8 mm<\/li>\n<li>G\u00f3c xoay c\u00e1nh tay \u0111\u1ea7u: 30\u00b0<\/li>\n<li>K\u00edch th\u01b0\u1edbc t\u1ed5ng th\u1ec3: 790mm\u00d7520mm\u00d71090mm \uff08d\u00e0i x r\u1ed9ng x cao\uff09<\/li>\n<li>Tr\u1ecdng l\u01b0\u1ee3ng: 80kg<\/li>\n<\/ul>\n<p>TH\u00d4NG TIN \u0110\u1eb6T H\u00c0NG:<\/p>\n<p>BGD 760\/1 &#8211; M\u00e1y ki\u1ec3m tra ph\u00e2n t\u00e1n nhanh ph\u1ee7 l\u1edbp ph\u1ee7 (Lo\u1ea1i c\u1ed9t c\u00f3 h\u1ed9p \u0111\u1ef1ng)<\/p>\n<p>BGD 760\/2 &#8211; M\u00e1y ki\u1ec3m tra ph\u00e2n t\u00e1n nhanh ph\u1ee7 l\u1edbp ph\u1ee7\u00a0(Lo\u1ea1i c\u1ed9t c\u00f3 chai \u0111\u1ef1ng)<\/p>\n<p>BGD 760\/3 &#8211; M\u00e1y ki\u1ec3m tra ph\u00e2n t\u00e1n nhanh ph\u1ee7 l\u1edbp ph\u1ee7\u00a0(Lo\u1ea1i s\u00e0n c\u00f3 h\u1ed9p \u0111\u1ef1ng)<\/p>\n<p>BGD 760\/4 &#8211; M\u00e1y ki\u1ec3m tra ph\u00e2n t\u00e1n nhanh s\u01a1n ph\u1ee7\u00a0(Lo\u1ea1i s\u00e0n c\u00f3 chai \u0111\u1ef1ng)<\/p>","protected":false},"excerpt":{"rendered":"<p><strong><b>MODEL BGD760<\/b><\/strong><\/p>\n<p><strong><b>Hay th\u01b0\u1eddng g\u1ecdi TWIN ARM SHAKER.<\/b><\/strong><\/p>\n<p><strong><b>H\u00e3ng: Biuged- Xu\u1ea5t x\u1ee9: Trung Qu\u1ed1c<\/b><\/strong><\/p>\n<ul>\n<li>\u0110\u1ed9ng c\u01a1: 550W 220V 50Hz<\/li>\n<li>V\u00f2ng quay tr\u1ee5c khu\u1ef7u: 660 v\u00f2ng\/ph\u00fat<\/li>\n<li>H\u00e0nh tr\u00ecnh t\u1ecbnh ti\u1ebfn c\u1ee7a tr\u1ee5c ch\u00ednh: 16 mm<\/li>\n<li>Bi\u00ean \u0111\u1ed9 t\u1ed1i \u0111a tr\u00ean v\u00e0 d\u01b0\u1edbi: 8 mm<\/li>\n<li>G\u00f3c xoay c\u00e1nh tay \u0111\u1ea7u: 30\u00b0<\/li>\n<li>K\u00edch th\u01b0\u1edbc t\u1ed5ng th\u1ec3: 790mm\u00d7520mm\u00d71090mm \uff08d\u00e0i x r\u1ed9ng x cao\uff09<\/li>\n<li>Tr\u1ecdng l\u01b0\u1ee3ng: 80kg<\/li>\n<\/ul>","protected":false},"featured_media":3421,"comment_status":"open","ping_status":"closed","template":"","meta":[],"pwb-brand":[264],"product_cat":[247],"product_tag":[],"class_list":{"0":"post-3420","1":"product","2":"type-product","3":"status-publish","4":"has-post-thumbnail","6":"pwb-brand-biuged","7":"product_cat-khac","8":"pa_hang-biuged","9":"pa_xuat-xu-trung-quoc","11":"first","12":"instock","13":"shipping-taxable","14":"product-type-simple"},"brands":[{"id":264,"name":"Biuged","slug":"biuged"}],"_links":{"self":[{"href":"https:\/\/www.khoihuy.com\/en\/wp-json\/wp\/v2\/product\/3420","targetHints":{"allow":["GET"]}}],"collection":[{"href":"https:\/\/www.khoihuy.com\/en\/wp-json\/wp\/v2\/product"}],"about":[{"href":"https:\/\/www.khoihuy.com\/en\/wp-json\/wp\/v2\/types\/product"}],"replies":[{"embeddable":true,"href":"https:\/\/www.khoihuy.com\/en\/wp-json\/wp\/v2\/comments?post=3420"}],"wp:featuredmedia":[{"embeddable":true,"href":"https:\/\/www.khoihuy.com\/en\/wp-json\/wp\/v2\/media\/3421"}],"wp:attachment":[{"href":"https:\/\/www.khoihuy.com\/en\/wp-json\/wp\/v2\/media?parent=3420"}],"wp:term":[{"taxonomy":"pwb-brand","embeddable":true,"href":"https:\/\/www.khoihuy.com\/en\/wp-json\/wp\/v2\/pwb-brand?post=3420"},{"taxonomy":"product_cat","embeddable":true,"href":"https:\/\/www.khoihuy.com\/en\/wp-json\/wp\/v2\/product_cat?post=3420"},{"taxonomy":"product_tag","embeddable":true,"href":"https:\/\/www.khoihuy.com\/en\/wp-json\/wp\/v2\/product_tag?post=3420"}],"curies":[{"name":"wp","href":"https:\/\/api.w.org\/{rel}","templated":true}]}}