{"id":3418,"date":"2024-12-07T09:50:52","date_gmt":"2024-12-07T02:50:52","guid":{"rendered":"https:\/\/khoihuy.com\/?post_type=product&#038;p=3418"},"modified":"2024-12-07T09:52:17","modified_gmt":"2024-12-07T02:52:17","slug":"tu-phun-muoi-theo-chu-ky","status":"publish","type":"product","link":"https:\/\/www.khoihuy.com\/en\/product\/tu-phun-muoi-theo-chu-ky\/","title":{"rendered":"T\u1ee6 PHUN MU\u1ed0I THEO CHU K\u1ef2"},"content":{"rendered":"<p><strong>MODEL: <\/strong><strong><b>BGD 886\/T, BGD 887\/T, BGD 888\/T<\/b><\/strong><\/p>\n<p><strong><b>H\u00e3ng: Biuged- Xu\u1ea5t x\u1ee9: Trung Qu\u1ed1c<\/b><\/strong><\/p>\n<p>\u0110\u1ed1i v\u1edbi h\u1ea7u h\u1ebft c\u00e1c th\u1eed nghi\u1ec7m t\u0103ng t\u1ed1c nh\u00e2n t\u1ea1o trong ph\u00f2ng th\u00ed nghi\u1ec7m, m\u1ee5c \u0111\u00edch quan tr\u1ecdng nh\u1ea5t l\u00e0 c\u00f3 \u0111\u01b0\u1ee3c k\u1ebft qu\u1ea3 th\u1eed nghi\u1ec7m nh\u1ea5t qu\u00e1n v\u1edbi m\u00f4i tr\u01b0\u1eddng ngo\u00e0i tr\u1eddi. Tr\u01b0\u1edbc khi th\u1eed nghi\u1ec7m \u0103n m\u00f2n theo chu k\u1ef3, phun mu\u1ed1i th\u00f4ng th\u01b0\u1eddng (phun mu\u1ed1i li\u00ean t\u1ee5c \u1edf 35\u02daC) l\u00e0 c\u00e1ch ph\u1ed5 bi\u1ebfn nh\u1ea5t \u0111\u1ec3 m\u00f4 ph\u1ecfng s\u1ef1 \u0103n m\u00f2n trong ph\u00f2ng th\u00ed nghi\u1ec7m. V\u00ec c\u00e1c ph\u01b0\u01a1ng ph\u00e1p phun mu\u1ed1i th\u00f4ng th\u01b0\u1eddng kh\u00f4ng m\u00f4 ph\u1ecfng \u0111\u01b0\u1ee3c c\u00e1c chu k\u1ef3 \u01b0\u1edbt\/kh\u00f4 t\u1ef1 nhi\u00ean c\u1ee7a m\u00f4i tr\u01b0\u1eddng ngo\u00e0i tr\u1eddi n\u00ean k\u1ebft qu\u1ea3 th\u1eed nghi\u1ec7m th\u01b0\u1eddng kh\u00f4ng t\u01b0\u01a1ng quan v\u1edbi m\u00f4i tr\u01b0\u1eddng ngo\u00e0i tr\u1eddi. \u0110\u1ec3 m\u00f4 ph\u1ecfng t\u1ed1t h\u01a1n m\u00f4i tr\u01b0\u1eddng t\u1ef1 nhi\u00ean b\u00ean ngo\u00e0i ph\u1ee9c t\u1ea1p v\u00e0 hay thay \u0111\u1ed5i, th\u1eed nghi\u1ec7m \u0103n m\u00f2n theo chu k\u1ef3 d\u1ea7n \u0111\u01b0\u1ee3c coi l\u00e0 ph\u01b0\u01a1ng ph\u00e1p quan tr\u1ecdng v\u00e0 hi\u1ec7u qu\u1ea3 \u0111\u1ec3 \u0111\u00e1nh gi\u00e1 tu\u1ed5i th\u1ecd c\u1ee7a c\u00e1c s\u1ea3n ph\u1ea9m c\u00f4ng nghi\u1ec7p.<\/p>\n<p>T\u1ee7 th\u1eed nghi\u1ec7m \u0103n m\u00f2n theo chu k\u1ef3 c\u00f2n \u0111\u01b0\u1ee3c g\u1ecdi l\u00e0 T\u1ee7 CCT&amp;CRH. M\u1ed9t s\u1ed1 s\u1ea3n ph\u1ea9m c\u00f4ng nghi\u1ec7p c\u1ea7n ph\u1ea3i ti\u1ebfp x\u00fac v\u1edbi m\u00f4i tr\u01b0\u1eddng phun mu\u1ed1i tu\u1ea7n ho\u00e0n, kh\u00f4 v\u00e0 t\u0129nh l\u1eb7p \u0111i l\u1eb7p l\u1ea1i v\u1edbi \u0111\u1ed9 \u1ea9m cao v\u00e0 \u0111\u1ed9 \u1ea9m th\u1ea5p. C\u00e1c th\u1eed nghi\u1ec7m n\u00e0y ban \u0111\u1ea7u \u0111\u01b0\u1ee3c chuy\u1ec3n \u0111\u1ed5i th\u1ee7 c\u00f4ng gi\u1eefa m\u1ed9t s\u1ed1 bu\u1ed3ng th\u1eed nghi\u1ec7m. T\u1ee7 th\u1eed nghi\u1ec7m \u0103n m\u00f2n theo chu k\u1ef3 \u0111a ch\u1ee9c n\u0103ng gi\u1ea3i quy\u1ebft t\u1ed1t v\u1ea5n \u0111\u1ec1 n\u00e0y v\u00e0 th\u1ef1c hi\u1ec7n th\u1eed nghi\u1ec7m t\u1ef1 \u0111\u1ed9ng c\u00e1c chu k\u1ef3 n\u00e0y trong m\u1ed9t bu\u1ed3ng.<\/p>\n<p>Trong t\u1ee7 th\u1eed \u0103n m\u00f2n tu\u1ea7n ho\u00e0n th\u00f4ng th\u01b0\u1eddng, t\u1ea5t c\u1ea3 c\u00e1c m\u1eabu v\u1eadt \u0111\u1ec1u ti\u1ebfp x\u00fac v\u1edbi m\u1ed9t lo\u1ea1t c\u00e1c m\u00f4i tr\u01b0\u1eddng kh\u00e1c nhau theo chu k\u1ef3 l\u1eb7p l\u1ea1i m\u00f4 ph\u1ecfng m\u00f4i tr\u01b0\u1eddng ngo\u00e0i tr\u1eddi. C\u00e1c chu k\u1ef3 \u0111\u01a1n gi\u1ea3n, ch\u1eb3ng h\u1ea1n nh\u01b0 Prohesion, c\u00f3 th\u1ec3 bao g\u1ed3m chu k\u1ef3 gi\u1eefa s\u01b0\u01a1ng mu\u1ed1i v\u00e0 \u0111i\u1ec1u ki\u1ec7n kh\u00f4. C\u00e1c ph\u01b0\u01a1ng ph\u00e1p \u00f4 t\u00f4 ph\u1ee9c t\u1ea1p h\u01a1n c\u00f3 th\u1ec3 y\u00eau c\u1ea7u c\u00e1c chu k\u1ef3 nhi\u1ec1u b\u01b0\u1edbc k\u1ebft h\u1ee3p \u0111\u1ed9 \u1ea9m, kh\u00f4ng kh\u00ed kh\u00f4 ho\u1eb7c ng\u01b0ng t\u1ee5, c\u00f9ng v\u1edbi phun mu\u1ed1i v\u00e0 s\u1ea5y kh\u00f4.<\/p>\n<p>Trong m\u1ed9t bu\u1ed3ng, ng\u01b0\u1eddi d\u00f9ng c\u00f3 th\u1ec3 d\u1ec5 d\u00e0ng th\u1ef1c hi\u1ec7n chu k\u1ef3 qua m\u1ed9t lo\u1ea1t c\u00e1c m\u00f4i tr\u01b0\u1eddng \u0103n m\u00f2n quan tr\u1ecdng nh\u1ea5t. Ngay c\u1ea3 c\u00e1c chu k\u1ef3 th\u1eed nghi\u1ec7m c\u1ef1c k\u1ef3 ph\u1ee9c t\u1ea1p c\u0169ng c\u00f3 th\u1ec3 d\u1ec5 d\u00e0ng \u0111\u01b0\u1ee3c l\u1eadp tr\u00ecnh b\u1eb1ng b\u1ed9 \u0111i\u1ec1u khi\u1ec3n. T\u1ee7 CCT&amp;CRH c\u1ee7a Biuged c\u00f3 th\u1ec3 th\u1ef1c hi\u1ec7n phun mu\u1ed1i, Prohesion v\u00e0 \u0111\u1ed9 \u1ea9m 100% cho h\u1ea7u h\u1ebft c\u00e1c th\u1eed nghi\u1ec7m \u00f4 t\u00f4 tu\u1ea7n ho\u00e0n.<\/p>\n<p>&nbsp;<\/p>\n<p>T\u1ee7 th\u1eed \u0103n m\u00f2n tu\u1ea7n ho\u00e0n do Biuged ph\u00e1t tri\u1ec3n v\u00e0 s\u1ea3n xu\u1ea5t \u0111\u1eb7t v\u00e0 ki\u1ec3m so\u00e1t nhi\u1ec1u th\u00f4ng s\u1ed1 kh\u00e1c nhau th\u00f4ng qua m\u00e0n h\u00ecnh c\u1ea3m \u1ee9ng v\u00e0 k\u1ebft h\u1ee3p nhi\u1ec1u th\u1eed nghi\u1ec7m nh\u01b0 \u0103n m\u00f2n phun mu\u1ed1i, \u0111\u1ed9 \u1ea9m (nhi\u1ec7t \u0111\u1ed9 cao v\u00e0 \u0111\u1ed9 \u1ea9m cao, nhi\u1ec7t \u0111\u1ed9 th\u1ea5p v\u00e0 \u0111\u1ed9 \u1ea9m th\u1ea5p), s\u1ea5y kh\u00f4 b\u1eb1ng kh\u00f4ng kh\u00ed (s\u1ea5y n\u00f3ng v\u00e0 s\u1ea5y kh\u00f4 b\u1eb1ng kh\u00f4ng kh\u00ed) \u0111\u1ec3 m\u00f4 ph\u1ecfng nhi\u1ec1u th\u1eed nghi\u1ec7m \u0103n m\u00f2n tu\u1ea7n ho\u00e0n. T\u1ea5t nhi\u00ean, th\u1eed nghi\u1ec7m \u0103n m\u00f2n tu\u1ea7n ho\u00e0n \u0111\u1eb7c bi\u1ec7t c\u0169ng c\u00f3 th\u1ec3 \u0111\u01b0\u1ee3c m\u00f4 ph\u1ecfng th\u00f4ng qua s\u1ef1 k\u1ebft h\u1ee3p c\u1ee7a c\u00e1c ph\u1ee5 ki\u1ec7n kh\u00e1c. Thi\u1ebft b\u1ecb n\u00e0y c\u0169ng c\u00f3 th\u1ec3 ti\u1ebfn h\u00e0nh th\u1eed nghi\u1ec7m phun mu\u1ed1i trung t\u00ednh (NSS), th\u1eed nghi\u1ec7m phun mu\u1ed1i axit axetic (AASS), th\u1eed nghi\u1ec7m phun mu\u1ed1i axit axetic t\u0103ng t\u1ed1c b\u1eb1ng \u0111\u1ed3ng (CASS), th\u1eed nghi\u1ec7m phun n\u01b0\u1edbc, th\u1eed nghi\u1ec7m nhi\u1ec7t \u1ea9m, th\u1eed nghi\u1ec7m s\u1ea5y kh\u00f4 v\u00e0 th\u1eed nghi\u1ec7m m\u00f4i tr\u01b0\u1eddng kh\u00ed quy\u1ec3n ti\u00eau chu\u1ea9n ri\u00eang bi\u1ec7t.<\/p>\n<p><strong><u><b>TH\u00d4NG S\u1ed0 K\u1ef8 THU\u1eacT:<\/b><\/u><\/strong><\/p>\n<table>\n<tbody>\n<tr>\n<td width=\"208\">Th\u00f4ng tin \u0111\u1eb7t h\u00e0ng\u00a0\u2192<\/p>\n<p>Th\u00f4ng s\u1ed1 k\u1ef9 thu\u1eadt \u2193<\/td>\n<td width=\"150\">BGD 886\/T<\/td>\n<td width=\"150\">BGD 887\/T<\/td>\n<td width=\"151\">BGD 888\/T<\/td>\n<\/tr>\n<tr>\n<td width=\"208\">K\u00edch th\u01b0\u1edbc ph\u00f2ng l\u00e0m vi\u1ec7c\uff08W\u00d7 H \u00d7 D), mm<\/td>\n<td width=\"150\">1200\u00d7800\u00d71000<\/td>\n<td width=\"150\">1600\u00d7800\u00d71000<\/td>\n<td width=\"151\">2000\u00d7800\u00d71200<\/td>\n<\/tr>\n<tr>\n<td width=\"208\">Dung t\u00edch ph\u00f2ng l\u00e0m vi\u1ec7c (kh\u00f4ng\u00a0bao g\u1ed3m n\u1eafp ch\u1eef V\uff09<\/td>\n<td width=\"150\">960 L<\/td>\n<td width=\"150\">1280 L<\/td>\n<td width=\"151\">1920 L<\/td>\n<\/tr>\n<tr>\n<td width=\"208\">K\u00edch th\u01b0\u1edbc ngo\u00e0i (W\u00d7 H\u00d7 D) (mm\uff09<\/td>\n<td width=\"150\">2500\u00d71650\u00d71220<\/td>\n<td width=\"150\">2900\u00d71650\u00d71220<\/td>\n<td width=\"151\">3300\u00d71720\u00d71420<\/td>\n<\/tr>\n<tr>\n<td width=\"208\">C\u00f4ng su\u1ea5t\/D\u00f2ng \u0111i\u1ec7n t\u1ed1i \u0111a<\/td>\n<td width=\"150\">28.6KW\/31A<\/td>\n<td width=\"150\">28.6KW\/31A<\/td>\n<td width=\"151\">30.6KW\/35A<\/td>\n<\/tr>\n<tr>\n<td width=\"208\">Ngu\u1ed3n \u0111i\u1ec7n<\/td>\n<td width=\"150\">AC 380V 3 phase 31A<\/td>\n<td width=\"150\">AC 380V 3 phase 31A<\/td>\n<td width=\"151\">AC 380V 3 phase\u00a035A<\/td>\n<\/tr>\n<tr>\n<td width=\"208\">Kho\u1ea3ng nhi\u1ec7t \u0111\u1ed9<\/td>\n<td colspan=\"3\" width=\"451\">20\u2103\uff5e70\u2103\uff08\u0111i\u1ec1u ch\u1ec9nh linh ho\u1ea1t\uff09<\/td>\n<\/tr>\n<tr>\n<td width=\"208\">Nhi\u1ec7t \u0111\u1ed9 \u0111\u1ed3ng \u0111\u1ec1u<\/td>\n<td colspan=\"3\" width=\"451\">\u2264 2\u2103\uff08When\u00a0RH \u2265 75%\uff09;\u00a0\u2264 3\u2103\uff08When\u00a0RH\uff1c75%\uff09<\/td>\n<\/tr>\n<tr>\n<td width=\"208\">\u0110\u1ed9 \u1ed5n \u0111\u1ecbnh nhi\u1ec7t \u0111\u1ed9<\/td>\n<td colspan=\"3\" width=\"451\">\u00b1 0.5\u2103<\/td>\n<\/tr>\n<tr>\n<td width=\"208\">T\u1ed1c \u0111\u1ed9 t\u0103ng v\u00e0 gi\u1ea3m nhi\u1ec7t \u0111\u1ed9<\/td>\n<td colspan=\"3\" width=\"451\">15\u2103\u00a0\u2192 70\u2103\u22673\u2103\/min\u00a0(\u0111i\u1ec1u ki\u1ec7n kh\u00f4ng t\u1ea3i)<\/p>\n<p>70\u2103\u00a0\u2192 15\u2103\u22671.2\u2103\/min\u00a0(\u0111i\u1ec1u ki\u1ec7n kh\u00f4ng t\u1ea3i)<\/td>\n<\/tr>\n<tr>\n<td width=\"208\">Kho\u1ea3ng \u0111\u1ed9 \u1ea9m<\/td>\n<td colspan=\"3\" width=\"451\">20%\uff5e98%\u00a0(Adjustable in P150 range)<\/td>\n<\/tr>\n<tr>\n<td width=\"208\">Humidity Uniformity<\/td>\n<td colspan=\"3\" width=\"451\">\u2264 2%RH\uff5e3%RH\uff08khi\u00a0RH \u2265 75%\uff09;\u00a0\u00b1 5% RH (khi\u00a0RH\uff1c75%\uff09<\/td>\n<\/tr>\n<tr>\n<td width=\"208\">\u0110\u1ed9 \u1ed5n \u0111\u1ecbnh \u0111\u1ed9 \u1ea9m<\/td>\n<td colspan=\"3\" width=\"451\">\u00b1 2% RH<\/td>\n<\/tr>\n<tr>\n<td width=\"208\">Phun m\u01b0a<\/td>\n<td colspan=\"3\" width=\"451\">1ml\uff5e2ml\/\u00a080cm<sup>2<\/sup>.h\uff08\u0111i\u1ec1u ch\u1ec9nh\uff09<\/td>\n<\/tr>\n<tr>\n<td width=\"208\">\u0110\u1ed9 \u0111\u1ed3ng \u0111\u1ec1u c\u1ee7a l\u01b0\u1ee3ng m\u01b0a s\u01b0\u01a1ng mu\u1ed1i<\/td>\n<td colspan=\"3\" width=\"451\">\u00b10.5ml\/80cm<sup>2<\/sup>.h\u00a0(&gt;16 gi\u1edd)<\/td>\n<\/tr>\n<tr>\n<td width=\"208\">Ph\u01b0\u01a1ng ph\u00e1p phun<\/td>\n<td colspan=\"3\" width=\"451\">Li\u00ean t\u1ee5c ho\u1eb7c theo chu k\u1ef3<\/td>\n<\/tr>\n<tr>\n<td width=\"208\">M\u00f4i tr\u01b0\u1eddng l\u00e0m vi\u1ec7c y\u00eau c\u1ea7u<\/td>\n<td colspan=\"3\" width=\"451\">Nhi\u1ec7t \u0111\u1ed9: 5\uff5e30\u2103; RH: 45%\uff5e85%RH; \u00e1p su\u1ea5t kh\u00ed quy\u1ec3n: 86kPa\uff5e106kPa<\/td>\n<\/tr>\n<tr>\n<td width=\"208\">Ngu\u1ed3n kh\u00ed y\u00eau c\u1ea7u<\/td>\n<td colspan=\"3\" width=\"451\">Ti\u00eau th\u1ee5 kh\u00f4ng kh\u00ed: 4m<sup>3<\/sup>\/h, Kh\u00ed n\u00e9n kh\u00f4ng n\u01b0\u1edbc v\u00e0 d\u1ea7u \u0111\u00e3 \u0111\u01b0\u1ee3c l\u00e0m kh\u00f4 v\u00e0 l\u1ecdc, \u00e1p su\u1ea5t\uff080.4\uff5e0.8\uff09Mpa.<\/td>\n<\/tr>\n<tr>\n<td width=\"208\">Ngu\u1ed3n n\u01b0\u1edbc y\u00eau c\u1ea7u<\/td>\n<td colspan=\"3\" width=\"451\">\u0110\u00e1p \u1ee9ng ti\u00eau chu\u1ea9n n\u01b0\u1edbc c\u1ea5p \u0111\u01b0\u1ee3c ch\u1ec9 \u0111\u1ecbnh trong ti\u00eau chu\u1ea9n n\u01b0\u1edbc ISO 3696 v\u00e0 ph\u01b0\u01a1ng ph\u00e1p th\u1eed nghi\u1ec7m ti\u00eau chu\u1ea9n cho ph\u00f2ng th\u00ed nghi\u1ec7m ph\u00e2n t\u00edch. \u00c1p su\u1ea5t cung c\u1ea5p n\u01b0\u1edbc n\u1eb1m trong ph\u1ea1m vi 0,1MPa ~ 0,4MPa.<\/p>\n<p>L\u01b0u \u00fd: C\u1ea7n c\u00f3 n\u01b0\u1edbc c\u1ea5t ho\u1eb7c n\u01b0\u1edbc kh\u1eed ion \u0111\u1ec3 chu\u1ea9n b\u1ecb dung d\u1ecbch phun,l\u01b0\u1ee3ng n\u01b0\u1edbc ti\u00eau th\u1ee5 g\u1ea7n 60L\/24 gi\u1edd khi phun li\u00ean t\u1ee5c<\/td>\n<\/tr>\n<tr>\n<td width=\"208\">X\u1ea3 v\u00e0 tho\u00e1t n\u01b0\u1edbc<\/td>\n<td colspan=\"3\" width=\"451\">\u1ed0ng x\u1ea3 c\u1ee7a d\u1ee5ng c\u1ee5 ph\u1ea3i \u0111\u01b0\u1ee3c k\u00e9o d\u00e0i \u0111\u1ebfn v\u1ecb tr\u00ed \u0111\u01b0\u1ee3c ch\u1ec9 \u0111\u1ecbnh ngo\u00e0i tr\u1eddi v\u00e0 ph\u1ea3i \u0111\u01b0\u1ee3c d\u1eabn ra kh\u1ecfi ph\u00f2ng th\u00f4ng qua l\u1ed7 m\u1edf tr\u00ean t\u01b0\u1eddng g\u1ea7n n\u01a1i l\u1eafp \u0111\u1eb7t d\u1ee5ng c\u1ee5. \u1ed0ng x\u1ea3 kh\u00f4ng \u0111\u01b0\u1ee3c \u0111\u1ec3 th\u00f4ng khi kh\u00f4ng c\u00f3 n\u01b0\u1edbc. \u0110\u01b0\u1eddng k\u00ednh \u1ed1ng x\u1ea3 ph\u1ea3i l\u00e0 \u0424 50mm; \u0110\u01b0\u1eddng \u1ed1ng tho\u00e1t n\u01b0\u1edbc c\u1ee7a d\u1ee5ng c\u1ee5 ph\u1ea3i \u0111\u01b0\u1ee3c k\u00e9o d\u00e0i ra b\u00ean ngo\u00e0i v\u00e0 \u0111\u01b0\u1eddng \u1ed1ng tho\u00e1t n\u01b0\u1edbc ph\u1ea3i \u0111\u01b0\u1ee3c th\u00f4ng. C\u1eeda tho\u00e1t n\u01b0\u1edbc ph\u1ea3i th\u1ea5p h\u01a1n c\u1eeda tho\u00e1t n\u01b0\u1edbc c\u1ee7a d\u1ee5ng c\u1ee5 v\u00e0 \u0111\u01b0\u1eddng k\u00ednh \u1ed1ng tho\u00e1t n\u01b0\u1edbc ph\u1ea3i l\u00e0 \u0424 1\/2&#8243;.<\/td>\n<\/tr>\n<\/tbody>\n<\/table>\n<p>L\u01b0u \u00fd:. S\u1ed1 li\u1ec7u nhi\u1ec7t \u0111\u1ed9 \u0111\u1ed3ng \u0111\u1ec1u v\u00e0 \u1ed5n \u0111\u1ecbnh \u0111\u01b0\u1ee3c test d\u01b0\u1edbi nhi\u1ec7t \u0111\u1ed9 m\u00f4i tr\u01b0\u1eddng 25\u2103\u00a0, RH\u00a0\u2264\u00a085\uff05 v\u00e0 kh\u00f4ng c\u00f3 m\u1eabu<\/p>\n<p>&nbsp;<\/p>\n<p><strong><u><b>TI\u00caU CHU\u1ea8N<\/b><\/u><\/strong><\/p>\n<p><strong><b>GB\/T 1771-2007<\/b><\/strong>\u300aPaints and varnishes &#8211; Determination of resistance to neutral salt spray(fog)\u300b<\/p>\n<p><strong><b>GB\/T 31588.1-2015\/ISO11997-1:2005<\/b><\/strong>\u300aPaints and varnishes\u2014Determination of resistance to cyclic corrosion conditions\u2014Part 1: Wet(salt fog)\/dry\/humidity\u300b<\/p>\n<p><strong><b>GB\/T 2423.17-2008\u00a0<\/b><\/strong>\u300aEnvrionmental testing for electric and electronic products &#8211; Part 2: Test method &#8211; Test Ka: Salt mist\u300b<\/p>\n<p><strong><b>GB\/T 2423.18-2000<\/b><\/strong>\u300aInspection methods for environmental testing equipments for electric and electronic products\u2014Part 2: Test methods\u2014Test Kb:Salt mist, cyclic\uff08sodium chloride solution\uff09\u300b<\/p>\n<p><strong><b>GB\/T 2423.3-2006\/IEC6008-2-78-2001\u00a0<\/b><\/strong>\u300aInspection methods for environmental testing equipments for electric and electronic products\u2014Part 2\uff1aTesting method\u2014Test Cab:Damp heat,steady state\u300b<\/p>\n<p><strong><b>GB\/T 5170.8-2008<\/b><\/strong>\u300aInspection methods for environmental testing equipments for electric and electronic products &#8211; Salt mist testing equipments\u300b<\/p>\n<p><strong><b>GB\/T 10125-1997<\/b><\/strong>\u300aCorrosion tests in artificial atmospheres&#8211;Salt spray tests\u300b<\/p>\n<p><strong><b>GB\/T 10586-2006\u00a0<\/b><\/strong>\u300aSpecifications for damp heat testing chambers\u300b<\/p>\n<p><strong><b>GB\/T 10587-2006<\/b><\/strong>\u300a\u00a0Specifications for salt mist testing chambers\u300b<\/p>\n<p><strong><b>GB\/T 10593.2-2012<\/b><\/strong><strong><b>\u00a0<\/b><\/strong>\u300aMethod of the measuring environmental parameters for electric and electronic products &#8211; Part 2\uff1aSalt mist\u300b<\/p>\n<p><strong><b>GB\/T 12000-2003<\/b><\/strong>\u300aDetermination of the effects of exposure to damp heat\uff0cwater spray and salt mist for plastics\u300b<\/p>\n<p><strong><b>GB\/T 20853-2007\/ISO 16701:2003\u00a0<\/b><\/strong>\u300aCorrosion of metals and alloys &#8211; corrosion in artificial atmosphere &#8211; accelerated corrosion test involving exposure under controlled conditions of humidity cycling and intermittent spraying of a salt solution\u300b<\/p>\n<p><strong><b>GB\/T 20854-2007\/ISO14993:2001<\/b><\/strong>\u300aCorrosion of metals and alloys &#8211; accelerated testing involving cyclic exposure to salt mist, \u201cdry\u201c and \u201cwet\u201c condition\u300b<\/p>\n<p><strong><b>GB\/T 24195-2009\/ISO16151:2005<\/b><\/strong><strong><b>\u00a0<\/b><\/strong>\u300aCorrosion of metals and alloys &#8211; Accelerated cyclic tests with exposure to acidified salt spray, \u201cdry\u201d and \u201cwet\u201d conditions\u300b<\/p>","protected":false},"excerpt":{"rendered":"<p><strong>MODEL: <\/strong><strong><b>BGD 886\/T, BGD 887\/T, BGD 888\/T<\/b><\/strong><\/p>\n<p><strong><b>H\u00e3ng: Biuged- Xu\u1ea5t x\u1ee9: Trung Qu\u1ed1c<\/b><\/strong><\/p>","protected":false},"featured_media":3419,"comment_status":"open","ping_status":"closed","template":"","meta":[],"pwb-brand":[],"product_cat":[249],"product_tag":[],"class_list":{"0":"post-3418","1":"product","2":"type-product","3":"status-publish","4":"has-post-thumbnail","6":"product_cat-thiet-bi-nganh-muc-in","7":"pa_hang-biuged","8":"pa_xuat-xu-trung-quoc","10":"first","11":"instock","12":"shipping-taxable","13":"product-type-simple"},"brands":[],"_links":{"self":[{"href":"https:\/\/www.khoihuy.com\/en\/wp-json\/wp\/v2\/product\/3418","targetHints":{"allow":["GET"]}}],"collection":[{"href":"https:\/\/www.khoihuy.com\/en\/wp-json\/wp\/v2\/product"}],"about":[{"href":"https:\/\/www.khoihuy.com\/en\/wp-json\/wp\/v2\/types\/product"}],"replies":[{"embeddable":true,"href":"https:\/\/www.khoihuy.com\/en\/wp-json\/wp\/v2\/comments?post=3418"}],"wp:featuredmedia":[{"embeddable":true,"href":"https:\/\/www.khoihuy.com\/en\/wp-json\/wp\/v2\/media\/3419"}],"wp:attachment":[{"href":"https:\/\/www.khoihuy.com\/en\/wp-json\/wp\/v2\/media?parent=3418"}],"wp:term":[{"taxonomy":"pwb-brand","embeddable":true,"href":"https:\/\/www.khoihuy.com\/en\/wp-json\/wp\/v2\/pwb-brand?post=3418"},{"taxonomy":"product_cat","embeddable":true,"href":"https:\/\/www.khoihuy.com\/en\/wp-json\/wp\/v2\/product_cat?post=3418"},{"taxonomy":"product_tag","embeddable":true,"href":"https:\/\/www.khoihuy.com\/en\/wp-json\/wp\/v2\/product_tag?post=3418"}],"curies":[{"name":"wp","href":"https:\/\/api.w.org\/{rel}","templated":true}]}}