{"id":3416,"date":"2024-12-07T09:49:52","date_gmt":"2024-12-07T02:49:52","guid":{"rendered":"https:\/\/khoihuy.com\/?post_type=product&#038;p=3416"},"modified":"2024-12-07T09:50:27","modified_gmt":"2024-12-07T02:50:27","slug":"tu-phun-muoi-kieu-moi","status":"publish","type":"product","link":"https:\/\/www.khoihuy.com\/en\/product\/tu-phun-muoi-kieu-moi\/","title":{"rendered":"T\u1ee6 PHUN MU\u1ed0I KI\u1ec2U M\u1edaI"},"content":{"rendered":"<p>Model: \u201cBGD 880\/T\u3001BGD 881\/T\u3001BGD 882\/T l\u00e0 t\u1ee7 phun mu\u1ed1i ho\u00e0n to\u00e0n m\u1edbi do Biuged ph\u00e1t tri\u1ec3n g\u1ea7n \u0111\u00e2y. Ch\u00fang c\u00f3 nhi\u1ec1u \u01b0u \u0111i\u1ec3m \u0111i\u1ec3n h\u00ecnh ngo\u00e0i nh\u1eefng \u0111\u1eb7c \u0111i\u1ec3m c\u1ee7a c\u00e1c s\u1ea3n ph\u1ea9m d\u00f2ng BGD 880\/S\u3001BGD 881\/S\u3001BGD 882\/S\u3001BGD 883\/S.<\/p>\n<p><strong>H\u00e3ng: Biuged- Xu\u1ea5t x\u1ee9: Trung Qu\u1ed1c<\/strong><\/p>\n<p><strong>TH\u00d4NG S\u1ed0 K\u1ef8 THU\u1eacT:<\/strong><\/p>\n<ul>\n<li><b><\/b><strong><b>Nhi\u1ec7t \u0111\u1ed9 ph\u00f2ng l\u00e0m vi\u1ec7c<\/b><\/strong><strong><b>\uff1a<\/b><\/strong>RT+5\u2103\uff5e55\u2103<\/li>\n<li><b><\/b><strong><b>Ph\u1ea1m vi nhi\u1ec7t \u0111\u1ed9 c\u1ee7a th\u00e1p t\u1ea1o \u1ea9m<\/b><\/strong><strong><b>\uff1a<\/b><\/strong>RT+5\u2103\uff5e65\u2103<\/li>\n<li><b><\/b><strong><b>\u0110\u1ed9 \u0111\u1ed3ng \u0111\u1ec1u nhi\u1ec7t \u0111\u1ed9<\/b><\/strong><strong><b>\uff1a<\/b><\/strong>\u2264 \u00b12\u2103\uff08No-load\uff09<\/li>\n<li><b><\/b><strong><b>\u0110\u1ed9 \u1ed5n \u0111\u1ecbnh nhi\u1ec7t \u0111\u1ed9<\/b><\/strong><strong><b>\uff1a<\/b><\/strong>\u2264 \u00b10.5\u2103\uff08No-load\uff09<\/li>\n<li><b><\/b><strong><b>\u0110\u1ed9 ch\u00eanh l\u1ec7ch nhi\u1ec7t \u0111\u1ed9 c\u1ee7a ph\u00f2ng l\u00e0m vi\u1ec7c<\/b><\/strong><strong><b>\uff1a<\/b><\/strong>\u00b11.0\u2103<\/li>\n<li><b><\/b><strong><b>T\u1ed1c \u0111\u1ed9 t\u0103ng nhi\u1ec7t \u0111\u1ed9<\/b><\/strong><strong><b>\uff1a<\/b><\/strong>RT\u219250\u2103\u00edt h\u01a1n 45 ph\u00fat\uff08ph\u00f2ng l\u00e0m vi\u1ec7c\uff09\uff1bRT\u219263\u2103\u00a0\u00edt h\u01a1n 45 ph\u00fat\uff08th\u00f9ng b\u00e3o h\u00f2a\uff09<\/li>\n<li><b><\/b><strong><b>Y\u00eau c\u1ea7u \u00e1p su\u1ea5t kh\u00f4ng kh\u00ed<\/b><\/strong><strong><b>\uff1a<\/b><\/strong>kh\u00f4ng kh\u00ed \u00e1p su\u1ea5t kh\u00f4, kh\u00f4ng n\u01b0\u1edbc v\u00e0 kh\u00f4ng d\u1ea7u \u0111\u01b0\u1ee3c l\u1ecdc, \u00e1p su\u1ea5t 0.4\uff5e8Mpa<\/li>\n<\/ul>\n<table>\n<tbody>\n<tr>\n<td width=\"235\">Th\u00f4ng tin \u0111\u1eb7t h\u00e0ng\u00a0\u2192<\/p>\n<p>Th\u00f4ng s\u1ed1 k\u1ef9 thu\u1eadt \u2193<\/td>\n<td width=\"139\">BGD 880\/T<\/td>\n<td width=\"139\">BGD 881\/T<\/td>\n<td width=\"139\">BGD 882\/T<\/td>\n<\/tr>\n<tr>\n<td width=\"235\">K\u00edch th\u01b0\u1edbc ph\u00f2ng l\u00e0m vi\u1ec7c\uff08W\u00d7 H \u00d7 D), mm<\/td>\n<td width=\"139\">1000\u00d7650\u00d7720<\/td>\n<td width=\"139\">1200\u00d7800\u00d71000<\/td>\n<td width=\"139\">1600\u00d7800\u00d71000<\/td>\n<\/tr>\n<tr>\n<td width=\"235\">Dung t\u00edch ph\u00f2ng l\u00e0m vi\u1ec7c (kh\u00f4ng\u00a0bao g\u1ed3m n\u1eafp ch\u1eef V\uff09<\/td>\n<td width=\"139\">450 L<\/td>\n<td width=\"139\">960 L<\/td>\n<td width=\"139\">1280 L<\/td>\n<\/tr>\n<tr>\n<td width=\"235\">K\u00edch th\u01b0\u1edbc ngo\u00e0i (W\u00d7H\u00d7D),mm<\/td>\n<td width=\"139\">1700\u00d71400\u00d71000<\/td>\n<td width=\"139\">1900\u00d71600\u00d71200<\/td>\n<td width=\"139\">2300\u00d71600\u00d71200<\/td>\n<\/tr>\n<tr>\n<td width=\"235\">S\u1ed1 l\u01b0\u1ee3ng m\u1eabu t\u1ed1i \u0111a (15cm\u00d77cm\uff09<\/td>\n<td width=\"139\">65 pcs<\/td>\n<td width=\"139\">152 pcs<\/td>\n<td width=\"139\">190 pcs<\/td>\n<\/tr>\n<tr>\n<td width=\"235\">Dung t\u00edch b\u1ed3n ch\u1ee9a dung d\u1ecbch phun\uff08L)<\/td>\n<td width=\"139\">120<\/td>\n<td width=\"139\">300<\/td>\n<td width=\"139\">300<\/td>\n<\/tr>\n<tr>\n<td width=\"235\">Collectors<\/td>\n<td width=\"139\">2<\/td>\n<td width=\"139\">2<\/td>\n<td width=\"139\">2<\/td>\n<\/tr>\n<tr>\n<td width=\"235\">C\u00f4ng su\u1ea5t t\u1ed5ng<\/td>\n<td width=\"139\">3.6 kW<\/td>\n<td width=\"139\">4.2 kW<\/td>\n<td width=\"139\">4.6 kW<\/td>\n<\/tr>\n<tr>\n<td width=\"235\">L\u01b0\u1ee3ng mu\u1ed1i ti\u00eau th\u1ee5<\/td>\n<td width=\"139\">60 L\/d<\/td>\n<td width=\"139\">60 L\/d<\/td>\n<td width=\"139\">70 L\/d<\/td>\n<\/tr>\n<tr>\n<td width=\"235\">Kh\u00ed n\u00e9n ti\u00eau th\u1ee5<\/td>\n<td width=\"139\">2 m<sup>3<\/sup>\/h<\/td>\n<td width=\"139\">3 m<sup>3<\/sup>\/h<\/td>\n<td width=\"139\">3 m<sup>3<\/sup>\/h<\/td>\n<\/tr>\n<tr>\n<td width=\"235\">L\u01b0\u1ee3ng n\u01b0\u1edbc ti\u00eau th\u1ee5<\/td>\n<td width=\"139\">20 L\/d<\/td>\n<td width=\"139\">20 L\/d<\/td>\n<td width=\"139\">20 L\/d<\/td>\n<\/tr>\n<tr>\n<td width=\"235\">Ngu\u1ed3n \u0111i\u1ec7n<\/td>\n<td colspan=\"3\" width=\"418\">AC\u00a0\uff08220\u00b110\uff09V\u00a0\uff1b50Hz\uff1bSingle-phase three-line<\/td>\n<\/tr>\n<\/tbody>\n<\/table>\n<p>&nbsp;<\/p>\n<p><strong><b>TI\u00caU CHU\u1ea8N TH\u1eec NGHI\u1ec6M:<\/b><\/strong><\/p>\n<p>ISO 4611\u00a0\u300aPlastics\u2014Determination of the effects of exposure to damp heat, water spray and salt mist\u300b<\/p>\n<p>ISO 7253 \u300aPaints and varnishes &#8212; Determination of resistance to neutral salt spray (fog) \u300b<\/p>\n<p>ISO 9227\u00a0\u300aCorrosion tests in artificial atmospheres &#8212; Salt spray tests\u300b<\/p>\n<p>ASTM B 117\u00a0\u300aStandard Practice for Operating Salt Spray (Fog) Apparatus\u300b<\/p>\n<p>ASTM B368\u00a0\u300aStandard Test Method for Copper-Accelerated Acetic Acid-Salt Spray (Fog) Testing (CASS Test) \u300b<\/p>\n<p>ASTM B 380\u00a0\u300aStandard Test Method for Corrosion Testing of Decorative Electrodeposited Coatings by the Corrodkote Procedure\u300b<\/p>\n<p>ASTM G85 &#8211; 11\u00a0\u300aStandard Practice for Modified Salt Spray (Fog) Testing\u300b<\/p>\n<p>ASTM D 1735 \u300aStandard Practice for Testing Water Resistance of Coatings Using Water Fog Apparatus\u300b<\/p>\n<p>DIN 50021\u00a0\u300aSalt Spray Testing\u300b<\/p>","protected":false},"excerpt":{"rendered":"<p>Model: \u201cBGD 880\/T\u3001BGD 881\/T\u3001BGD 882\/T l\u00e0 t\u1ee7 phun mu\u1ed1i ho\u00e0n to\u00e0n m\u1edbi do Biuged ph\u00e1t tri\u1ec3n g\u1ea7n \u0111\u00e2y. Ch\u00fang c\u00f3 nhi\u1ec1u \u01b0u \u0111i\u1ec3m \u0111i\u1ec3n h\u00ecnh ngo\u00e0i nh\u1eefng \u0111\u1eb7c \u0111i\u1ec3m c\u1ee7a c\u00e1c s\u1ea3n ph\u1ea9m d\u00f2ng BGD 880\/S\u3001BGD 881\/S\u3001BGD 882\/S\u3001BGD 883\/S.<\/p>\n<p><strong>H\u00e3ng: Biuged- Xu\u1ea5t x\u1ee9: Trung Qu\u1ed1c<\/strong><\/p>","protected":false},"featured_media":3417,"comment_status":"open","ping_status":"closed","template":"","meta":[],"pwb-brand":[],"product_cat":[249],"product_tag":[],"class_list":{"0":"post-3416","1":"product","2":"type-product","3":"status-publish","4":"has-post-thumbnail","6":"product_cat-thiet-bi-nganh-muc-in","7":"pa_hang-biuged","8":"pa_xuat-xu-trung-quoc","10":"first","11":"instock","12":"shipping-taxable","13":"product-type-simple"},"brands":[],"_links":{"self":[{"href":"https:\/\/www.khoihuy.com\/en\/wp-json\/wp\/v2\/product\/3416","targetHints":{"allow":["GET"]}}],"collection":[{"href":"https:\/\/www.khoihuy.com\/en\/wp-json\/wp\/v2\/product"}],"about":[{"href":"https:\/\/www.khoihuy.com\/en\/wp-json\/wp\/v2\/types\/product"}],"replies":[{"embeddable":true,"href":"https:\/\/www.khoihuy.com\/en\/wp-json\/wp\/v2\/comments?post=3416"}],"wp:featuredmedia":[{"embeddable":true,"href":"https:\/\/www.khoihuy.com\/en\/wp-json\/wp\/v2\/media\/3417"}],"wp:attachment":[{"href":"https:\/\/www.khoihuy.com\/en\/wp-json\/wp\/v2\/media?parent=3416"}],"wp:term":[{"taxonomy":"pwb-brand","embeddable":true,"href":"https:\/\/www.khoihuy.com\/en\/wp-json\/wp\/v2\/pwb-brand?post=3416"},{"taxonomy":"product_cat","embeddable":true,"href":"https:\/\/www.khoihuy.com\/en\/wp-json\/wp\/v2\/product_cat?post=3416"},{"taxonomy":"product_tag","embeddable":true,"href":"https:\/\/www.khoihuy.com\/en\/wp-json\/wp\/v2\/product_tag?post=3416"}],"curies":[{"name":"wp","href":"https:\/\/api.w.org\/{rel}","templated":true}]}}