{"id":3410,"date":"2024-12-07T09:47:58","date_gmt":"2024-12-07T02:47:58","guid":{"rendered":"https:\/\/khoihuy.com\/?post_type=product&#038;p=3410"},"modified":"2024-12-07T09:48:21","modified_gmt":"2024-12-07T02:48:21","slug":"may-do-do-bam-dinh-mang-son-cupping-tester","status":"publish","type":"product","link":"https:\/\/www.khoihuy.com\/en\/product\/may-do-do-bam-dinh-mang-son-cupping-tester\/","title":{"rendered":"M\u00c1Y \u0110O \u0110\u1ed8 B\u00c1M D\u00cdNH M\u00c0NG S\u01a0N-CUPPING TESTER"},"content":{"rendered":"<p><strong><b>Model<\/b><\/strong><strong><b>: <\/b><\/strong><strong><b>BGD 309<\/b><\/strong><\/p>\n<p><strong><b>H\u00e3ng s\u1ea3n xu\u1ea5t: Biuged \u2013\u00a0Trung Qu\u1ed1c<\/b><\/strong><\/p>\n<ul>\n<li>Cupping Tester BGD 309 h\u00e3ng Biuged l\u00e0 thi\u1ebft b\u1ecb \u0111\u01b0\u1ee3c d\u00f9ng \u0111\u1ec3 ki\u1ec3m tra, \u0111\u00e1nh gi\u00e1 \u0111\u1ed9 b\u1ec1n m\u00e0ng s\u01a1n kh\u00f4 th\u00f4ng qua s\u1ef1 d\u00e3n d\u00e0i, bi\u1ebfn d\u1ea1ng, crack (v\u1ebft n\u1ee9t) v\u00e0 s\u1ef1 t\u00e1ch r\u1eddi c\u1ee7a l\u1edbp s\u01a1n ph\u1ee7, vecni,\u2026. ra kh\u1ecfi b\u1ec1 m\u1eb7t l\u1edbp n\u1ec1n kim lo\u1ea1i.<\/li>\n<li>TI\u00caUCHU\u1ea8N: ISO 1520, BS 3900 Ph\u1ea7n 4, DIN 53166, DIN 53233,\u2026<\/li>\n<\/ul>\n<p><strong><b>C\u00c1CH TH\u1eec:<\/b><\/strong><\/p>\n<ul>\n<li>B\u1ea3ng m\u1eabu th\u1eed (t\u1ed1i \u0111a 1.25 mm d\u00e0y x 70 mm chi\u1ec1u r\u1ed9ng, tr\u00e1ng min.0.03 mm) \u0111\u01b0\u1ee3c k\u1eb9p b\u1edfi m\u1ed9t b\u00e1nh xe ph\u00eda tr\u00ean v\u00e0 \u0111\u01b0\u1ee3c cu\u1ed9n b\u1eb1ng m\u1ed9t \u1ed1ng d\u1eabn nghi\u00eang h\u00ecnh b\u00e1n c\u1ea7u \u044420 mm l\u00ean m\u1ed9t th\u00e2n m\u00e1y \u044427 mm b\u1eb1ng m\u1ed9t b\u00e1nh l\u00e1i.<\/li>\n<li>\u0110\u1ed9 s\u00e2u g\u00e2y ra l\u1ed7i \u0111\u01b0\u1ee3c hi\u1ec3n th\u1ecb tr\u00ean m\u00e0n h\u00ecnh hi\u1ec3n th\u1ecb k\u1ef9 thu\u1eadt s\u1ed1 ch\u00ednh x\u00e1c. D\u1ec5 d\u00e0ng quan s\u00e1t k\u1ebft qu\u1ea3 b\u1eb1ng k\u00ednh l\u00fap \u0111\u01b0\u1ee3c chi\u1ebfu s\u00e1ng.<\/li>\n<li>H\u1ec7 th\u1ed1ng \u0111\u1ecbnh v\u1ecb t\u1ecda \u0111\u1ed9 t\u1ef1 \u0111\u1ed9ng: m\u00e1y c\u00f3 th\u1ec3 t\u1ef1 \u0111\u1ed9ng ghi nh\u1edb v\u1ecb tr\u00ed sau khi zero v\u00e0 theo d\u00f5i v\u1ecb tr\u00ed \u0111\u1ea5m. T\u1eeb \u0111\u00f3, c\u00f3 th\u1ec3 tr\u00e1nh \u0111\u01b0\u1ee3c l\u1ed7i truy\u1ec1n th\u1ed1ng g\u00e2y ra b\u1edfi s\u1ef1 quay tr\u1edf l\u1ea1i ho\u1eb7c rung.<\/li>\n<li>C\u1ea3m bi\u1ebfn v\u1ecb tr\u00ed ch\u00ednh x\u00e1c cao: gi\u00e1 tr\u1ecb ph\u00e2n chia t\u1ed1i thi\u1ec3u c\u1ee7a \u0111\u1ed9 s\u00e2u l\u00f5m c\u00f3 th\u1ec3 \u0111\u1ea1t 0,01mm.<\/li>\n<li>M\u00e1y \u0111o \u0111\u1ed9 b\u1ec1n m\u00e0ng s\u01a1n Cupping Tester BGD 309 h\u00e3ng Biuged \u00e1p d\u1ee5ng cho nhi\u1ec1u lo\u1ea1i ch\u1ea5t n\u1ec1n v\u00e0 \u00e1p l\u1ef1c t\u1ed1i \u0111a c\u00f3 th\u1ec3 \u0111\u1ea1t \u0111\u1ebfn 2500 N.<\/li>\n<li>M\u00e0n h\u00ecnh LCD l\u1edbn, thao t\u00e1c \u0111\u01a1n gi\u1ea3n, v\u1eadn h\u00e0nh d\u1ec5 d\u00e0ng.<\/li>\n<\/ul>\n<p><strong><b>TH\u00d4NG<\/b><\/strong><strong><b>\u00a0S\u1ed0 K\u1ef8 THU\u1eacT:<\/b><\/strong><\/p>\n<p>\u2013 \u0110\u01b0\u1eddng k\u00ednh \u0111\u1ea5m: \u044420 mm<\/p>\n<p>\u2013 Chi\u1ec1u d\u00e0y t\u1ed1i \u0111a: 12 mm<\/p>\n<p>\u2013 \u00c1p l\u1ef1c t\u1ed1i \u0111a: 2.500 N<\/p>\n<p>\u2013 \u0110\u1ed9 ch\u00ednh x\u00e1c c\u1ee7a \u0111\u1ee5c: 0,1 mm<\/p>\n<p>\u2013 B\u1ed9 \u0111\u1ebfm: hi\u1ec3n th\u1ecb k\u1ef9 thu\u1eadt s\u1ed1, b\u01b0\u1edbc nh\u1ea3y 0,01 mm<\/p>\n<p>\u2013 K\u00edch th\u01b0\u1edbc c\u1ee7a ng\u0103n th\u1eed nghi\u1ec7m: 150mm \u00d7 70mm \u00d7 0,03-1,25mm (B\u1eb1ng ph\u1eb3ng, kh\u00f4ng b\u1ecb bi\u1ebfn d\u1ea1ng)<\/p>\n<p>\u2013 Ch\u1ea5t li\u1ec7u: t\u1ea5m th\u00e9p \u0111\u00e1nh b\u00f3ng<\/p>\n<p>\u2013 Tr\u1ecdng l\u01b0\u1ee3ng c\u1ee7a m\u00e1y \u0111o \u0111\u1ed9 b\u1ec1n m\u00e0ng s\u01a1n BGD 309: 28kg<\/p>\n<p>\u2013 K\u00edch th\u01b0\u1edbc m\u00e1y: 290 \u00d7 240 \u00d7 370 mm (L \u00d7 W \u00d7 H)<\/p>","protected":false},"excerpt":{"rendered":"<p><strong><b>Model<\/b><\/strong><strong><b>: <\/b><\/strong><strong><b>BGD 309<\/b><\/strong><\/p>\n<p><strong><b>H\u00e3ng s\u1ea3n xu\u1ea5t: Biuged \u2013\u00a0Trung Qu\u1ed1c<\/b><\/strong><\/p>\n<ul>\n<li>Cupping Tester BGD 309 h\u00e3ng Biuged l\u00e0 thi\u1ebft b\u1ecb \u0111\u01b0\u1ee3c d\u00f9ng \u0111\u1ec3 ki\u1ec3m tra, \u0111\u00e1nh gi\u00e1 \u0111\u1ed9 b\u1ec1n m\u00e0ng s\u01a1n kh\u00f4 th\u00f4ng qua s\u1ef1 d\u00e3n d\u00e0i, bi\u1ebfn d\u1ea1ng, crack (v\u1ebft n\u1ee9t) v\u00e0 s\u1ef1 t\u00e1ch r\u1eddi c\u1ee7a l\u1edbp s\u01a1n ph\u1ee7, vecni,\u2026. ra kh\u1ecfi b\u1ec1 m\u1eb7t l\u1edbp n\u1ec1n kim lo\u1ea1i.<\/li>\n<li>TI\u00caUCHU\u1ea8N: ISO 1520, BS 3900 Ph\u1ea7n 4, DIN 53166, DIN 53233,\u2026<\/li>\n<\/ul>","protected":false},"featured_media":3411,"comment_status":"open","ping_status":"closed","template":"","meta":[],"pwb-brand":[264],"product_cat":[255,248],"product_tag":[],"class_list":{"0":"post-3410","1":"product","2":"type-product","3":"status-publish","4":"has-post-thumbnail","6":"pwb-brand-biuged","7":"product_cat-thiet-bi-chuyen-nganh-son-he-dung-moi","8":"product_cat-thiet-bi-nganh-son","9":"pa_hang-biuged","10":"pa_xuat-xu-trung-quoc","12":"first","13":"instock","14":"shipping-taxable","15":"product-type-simple"},"brands":[{"id":264,"name":"Biuged","slug":"biuged"}],"_links":{"self":[{"href":"https:\/\/www.khoihuy.com\/en\/wp-json\/wp\/v2\/product\/3410","targetHints":{"allow":["GET"]}}],"collection":[{"href":"https:\/\/www.khoihuy.com\/en\/wp-json\/wp\/v2\/product"}],"about":[{"href":"https:\/\/www.khoihuy.com\/en\/wp-json\/wp\/v2\/types\/product"}],"replies":[{"embeddable":true,"href":"https:\/\/www.khoihuy.com\/en\/wp-json\/wp\/v2\/comments?post=3410"}],"wp:featuredmedia":[{"embeddable":true,"href":"https:\/\/www.khoihuy.com\/en\/wp-json\/wp\/v2\/media\/3411"}],"wp:attachment":[{"href":"https:\/\/www.khoihuy.com\/en\/wp-json\/wp\/v2\/media?parent=3410"}],"wp:term":[{"taxonomy":"pwb-brand","embeddable":true,"href":"https:\/\/www.khoihuy.com\/en\/wp-json\/wp\/v2\/pwb-brand?post=3410"},{"taxonomy":"product_cat","embeddable":true,"href":"https:\/\/www.khoihuy.com\/en\/wp-json\/wp\/v2\/product_cat?post=3410"},{"taxonomy":"product_tag","embeddable":true,"href":"https:\/\/www.khoihuy.com\/en\/wp-json\/wp\/v2\/product_tag?post=3410"}],"curies":[{"name":"wp","href":"https:\/\/api.w.org\/{rel}","templated":true}]}}