{"id":3409,"date":"2024-12-07T09:37:42","date_gmt":"2024-12-07T02:37:42","guid":{"rendered":"https:\/\/khoihuy.com\/?post_type=product&#038;p=3409"},"modified":"2026-03-16T09:47:07","modified_gmt":"2026-03-16T02:47:07","slug":"thiet-bi-do-do-mai-mon-go-bgd-522-biuged","status":"publish","type":"product","link":"https:\/\/www.khoihuy.com\/en\/product\/thiet-bi-do-do-mai-mon-go-bgd-522-biuged\/","title":{"rendered":"THI\u1ebeT B\u1eca \u0110O \u0110\u1ed8 M\u00c0I M\u00d2N G\u1ed6 BGD 522 BIUGED"},"content":{"rendered":"<p>Model: BGD 522<\/p>\n<p>H\u00e3ng SX: Biuged &#8211; \u00a0Xu\u1ea5t x\u1ee9: Trung Qu\u1ed1c<\/p>\n<ul>\n<li>M\u00e1y ki\u1ec3m tra \u0111\u1ed9 m\u00e0i m\u00f2n quay tr\u00f2n d\u00f9ng \u0111\u1ec3 x\u00e1c \u0111\u1ecbnh kh\u1ea3 n\u0103ng ch\u1ed1ng m\u00e0i m\u00f2n c\u1ee7a g\u1ed7<\/li>\n<li><strong>Ti\u00eau chu\u1ea9n:<\/strong>DIN 52347, 53109, 53754, 53799 \/ ISO 5470, 9352, 3573, 4586-2,7784-2 \/ ASTM, C217, D1044, D3389, D4060, D5342<\/li>\n<li><strong>Th\u00f4ng s\u1ed1 k\u1ef9 thu\u1eadt:<\/strong><\/li>\n<li>T\u1ed1c \u0111\u1ed9 \u0111i\u1ec1u khi\u1ec3n\uff1a60\u00b12r\/min or 72\u00b12r\/min<\/li>\n<li>S\u1ed1 v\u00f2ng \u0111\u1ebfm\uff1a0\uff5e9,999 times<\/li>\n<li>K\u00edch th\u01b0\u1edbc m\u1eabu y\u00eau c\u1ea7u\uff1a\u03a6100mm\u00d7\u03a68mm\uff08l\u1ed7 t\u00e2m\uff09\u00d73mm\uff1b\u0111\u1ed9 d\u00e0y: 20\uff5e25mm<\/li>\n<li>\u0110\u01b0\u1eddng k\u00ednh \u0111\u0129a m\u00e0i\uff1a\u03a650mm\u00d7\u03a616mm\uff08l\u1ed7 t\u00e2m\uff09\u00d713mm<\/li>\n<li>T\u1ea3i tr\u1ecdng\uff1a500g-750g-1000g<\/li>\n<li>Ngu\u1ed3n \u0111i\u1ec7n\uff1a25W 220V 50Hz<\/li>\n<li>K\u00edch th\u01b0\u1edbc\uff1a260mm\u00d7410mm\u00d7280mm\uff08L\u00d7W\u00d7H\uff09<\/li>\n<li>Kh\u1ed1i l\u01b0\u1ee3ng\uff1a20kg<\/li>\n<li>H\u1ec7 th\u1ed1ng h\u00fat ch\u00e2n kh\u00f4ng v\u00e0 m\u00e1y h\u00fat b\u1ee5i thu b\u1ed9t v\u00e0 b\u1ee5i do m\u00e0i m\u00f2n<\/li>\n<li>S-11 : 1 c\u1eb7p<\/li>\n<li>T\u00f9y ch\u1ecdn CS-10 hay CS-17 c\u1ee7a Taber: 1 c\u1eb7p<\/li>\n<\/ul>\n<p>TH\u00d4NG TIN \u0110\u1eb6T H\u00c0NG PH\u1ee4 KI\u1ec6N:<\/p>\n<p><strong><b>CS-10&#8212;<\/b><\/strong>Taber Abrading Wheels\uff08For Organic coatings, plastics, textiles, leather\uff09<br \/>\n<strong><b>CS-17&#8212;<\/b><\/strong>Taber Abrading Wheels\uff08For Anodized aluminum, powder coatings, ceramics, plastics and enamels\uff09<\/p>\n<p><strong><b>S-11&#8212;<\/b><\/strong>Taber Refacing Disc (150 grit abrasive paper, typically used for refreshing resilient wheels. 100 mm diameter with a 6.35 mm center hole, 100 pcs)<\/p>\n<p><strong><b>BGD 1368&#8212;<\/b><\/strong>180 # Emery cloth stripe \uff08pack of 100\uff09<\/p>\n<p><strong><b>BGD 1372&#8212;<\/b><\/strong>Fixing ring for soft specimen.<\/p>\n<p><strong><b>BGD 2601&#8212;<\/b><\/strong>Glass Panel with circular hole\uff08pack of 100\uff09<\/p>\n<p><strong><b>BGD 2328&#8212;<\/b><\/strong>Aluminum Panel with circular hole\uff08pack of 100\uff09<br \/>\n<strong><b>BGD 2339&#8212;<\/b><\/strong>Standard Zinc Panle for calibration\uff08pack of 10\uff09<\/p>","protected":false},"excerpt":{"rendered":"<p>Model: BGD 522<\/p>\n<p>H\u00e3ng SX: Biuged &#8211; \u00a0Xu\u1ea5t x\u1ee9: Trung Qu\u1ed1c<\/p>\n<ul>\n<li>M\u00e1y ki\u1ec3m tra \u0111\u1ed9 m\u00e0i m\u00f2n quay tr\u00f2n d\u00f9ng \u0111\u1ec3 x\u00e1c \u0111\u1ecbnh kh\u1ea3 n\u0103ng ch\u1ed1ng m\u00e0i m\u00f2n c\u1ee7a g\u1ed7<\/li>\n<li><strong>Ti\u00eau chu\u1ea9n:<\/strong>DIN 52347, 53109, 53754, 53799 \/ ISO 5470, 9352, 3573, 4586-2,7784-2 \/ ASTM, C217, D1044, D3389, D4060, D5342<\/li>\n<\/ul>","protected":false},"featured_media":3407,"comment_status":"open","ping_status":"closed","template":"","meta":[],"pwb-brand":[264],"product_cat":[248,255,262,252],"product_tag":[],"class_list":{"0":"post-3409","1":"product","2":"type-product","3":"status-publish","4":"has-post-thumbnail","6":"pwb-brand-biuged","7":"product_cat-thiet-bi-nganh-son","8":"product_cat-thiet-bi-chuyen-nganh-son-he-dung-moi","9":"product_cat-thiet-bi-kiem-tra-do-mai-mon","10":"product_cat-thiet-bi-nganh-det-may-vai","11":"pa_hang-biuged","12":"pa_xuat-xu-trung-quoc","14":"first","15":"instock","16":"shipping-taxable","17":"product-type-simple"},"brands":[{"id":264,"name":"Biuged","slug":"biuged"}],"_links":{"self":[{"href":"https:\/\/www.khoihuy.com\/en\/wp-json\/wp\/v2\/product\/3409","targetHints":{"allow":["GET"]}}],"collection":[{"href":"https:\/\/www.khoihuy.com\/en\/wp-json\/wp\/v2\/product"}],"about":[{"href":"https:\/\/www.khoihuy.com\/en\/wp-json\/wp\/v2\/types\/product"}],"replies":[{"embeddable":true,"href":"https:\/\/www.khoihuy.com\/en\/wp-json\/wp\/v2\/comments?post=3409"}],"wp:featuredmedia":[{"embeddable":true,"href":"https:\/\/www.khoihuy.com\/en\/wp-json\/wp\/v2\/media\/3407"}],"wp:attachment":[{"href":"https:\/\/www.khoihuy.com\/en\/wp-json\/wp\/v2\/media?parent=3409"}],"wp:term":[{"taxonomy":"pwb-brand","embeddable":true,"href":"https:\/\/www.khoihuy.com\/en\/wp-json\/wp\/v2\/pwb-brand?post=3409"},{"taxonomy":"product_cat","embeddable":true,"href":"https:\/\/www.khoihuy.com\/en\/wp-json\/wp\/v2\/product_cat?post=3409"},{"taxonomy":"product_tag","embeddable":true,"href":"https:\/\/www.khoihuy.com\/en\/wp-json\/wp\/v2\/product_tag?post=3409"}],"curies":[{"name":"wp","href":"https:\/\/api.w.org\/{rel}","templated":true}]}}