{"id":3402,"date":"2024-12-07T09:27:19","date_gmt":"2024-12-07T02:27:19","guid":{"rendered":"https:\/\/khoihuy.com\/?post_type=product&#038;p=3402"},"modified":"2024-12-07T09:27:19","modified_gmt":"2024-12-07T02:27:19","slug":"dung-cu-do-do-ben-uon-cua-mang-son-bgd-564-2","status":"publish","type":"product","link":"https:\/\/www.khoihuy.com\/en\/product\/dung-cu-do-do-ben-uon-cua-mang-son-bgd-564-2\/","title":{"rendered":"D\u1ee4NG C\u1ee4 \u0110O \u0110\u1ed8 B\u1ec0N U\u1ed0N C\u1ee6A M\u00c0NG S\u01a0N- BGD-564"},"content":{"rendered":"<p><strong><b>Model:\u00a0<\/b><\/strong><strong><b>BGD-564<\/b><\/strong><\/p>\n<p><strong><b>H\u00e3ng s\u1ea3n xu\u1ea5t:\u00a0<\/b><\/strong><strong><b>Biuged<\/b><\/strong><strong><b>\u00a0&#8211; Trung Qu\u1ed1c<\/b><\/strong><\/p>\n<p><strong><b>Th\u00f4ng s\u1ed1 k\u1ef9 thu\u1eadt:<\/b><\/strong><\/p>\n<p>* 12 tr\u1ee5c th\u00e9p kh\u00f4ng g\u1ec9 v\u1edbi \u0111\u01b0\u1eddng k\u00ednh kh\u00e1c nhau\uff1a\u03a62, \u03a63, \u03a64, \u03a65, \u03a66, \u03a68, \u03a610, \u03a612, \u03a6 16, \u03a620, \u03a625, \u03a632mm<\/p>\n<p>* T\u1ea5t c\u1ea3 c\u00e1c tr\u1ee5c ch\u00ednh \u0111\u1ec1u \u0111\u01b0\u1ee3c gia c\u00f4ng ch\u00ednh x\u00e1c b\u1eb1ng th\u00e9p kh\u00f4ng g\u1ec9 c\u00f3 \u0111\u1ed9 c\u1ee9ng cao, c\u00e1c tr\u1ee5c v\u00edt 2mm v\u00e0 3mm \u0111\u01b0\u1ee3c th\u1ef1c hi\u1ec7n b\u1eb1ng c\u00e1ch x\u1eed l\u00fd c\u1ee9ng, n\u00f3 s\u1ebd kh\u00f4ng b\u1ecb bi\u1ebfn d\u1ea1ng ngay c\u1ea3 khi u\u1ed1n cong c\u00e1c t\u1ea5m th\u1eed d\u00e0y.<\/p>\n<p>* K\u00edch th\u01b0\u1edbc t\u1ea5m th\u1eed nghi\u1ec7m ph\u00f9 h\u1ee3p: D\u00e0i \u2264 120mm\uff5e150mm; R\u1ed9ng: \u226480mm; D\u00e0y: \u22641.0mm<\/p>\n<p><strong><b>C\u00c1CH S\u1eec D\u1ee4NG:<\/b><\/strong><\/p>\n<ul>\n<li>Trong qu\u00e1 tr\u00ecnh th\u1eed u\u1ed1n cong m\u1eabu tr\u00e1ng \u0111\u1ebfn 180 \u0111\u1ed9 \u0111\u1ec1u trong v\u00f2ng 1-2 gi\u00e2y<\/li>\n<li>B\u1eaft \u0111\u1ea7u t\u1eeb xilanh c\u00f3 b\u00e1n k\u00ednh l\u1edbn nh\u1ea5t v\u00e0 gi\u1ea3m b\u00e1n k\u00ednh cho \u0111\u1ebfn khi l\u1edbp ph\u1ee7 c\u00f3 th\u1ec3 b\u1ecb ph\u00e1 v\u1ee1<\/li>\n<\/ul>","protected":false},"excerpt":{"rendered":"<p><strong><b>Model:\u00a0<\/b><\/strong><strong><b>BGD-564<\/b><\/strong><\/p>\n<p><strong><b>H\u00e3ng s\u1ea3n xu\u1ea5t:\u00a0<\/b><\/strong><strong><b>Biuged<\/b><\/strong><strong><b>\u00a0&#8211; Trung Qu\u1ed1c<\/b><\/strong><\/p>","protected":false},"featured_media":3403,"comment_status":"open","ping_status":"closed","template":"","meta":[],"pwb-brand":[],"product_cat":[248,255],"product_tag":[],"class_list":{"0":"post-3402","1":"product","2":"type-product","3":"status-publish","4":"has-post-thumbnail","6":"product_cat-thiet-bi-nganh-son","7":"product_cat-thiet-bi-chuyen-nganh-son-he-dung-moi","8":"pa_hang-biuged","9":"pa_xuat-xu-trung-quoc","11":"first","12":"instock","13":"shipping-taxable","14":"product-type-simple"},"brands":[],"_links":{"self":[{"href":"https:\/\/www.khoihuy.com\/en\/wp-json\/wp\/v2\/product\/3402","targetHints":{"allow":["GET"]}}],"collection":[{"href":"https:\/\/www.khoihuy.com\/en\/wp-json\/wp\/v2\/product"}],"about":[{"href":"https:\/\/www.khoihuy.com\/en\/wp-json\/wp\/v2\/types\/product"}],"replies":[{"embeddable":true,"href":"https:\/\/www.khoihuy.com\/en\/wp-json\/wp\/v2\/comments?post=3402"}],"wp:featuredmedia":[{"embeddable":true,"href":"https:\/\/www.khoihuy.com\/en\/wp-json\/wp\/v2\/media\/3403"}],"wp:attachment":[{"href":"https:\/\/www.khoihuy.com\/en\/wp-json\/wp\/v2\/media?parent=3402"}],"wp:term":[{"taxonomy":"pwb-brand","embeddable":true,"href":"https:\/\/www.khoihuy.com\/en\/wp-json\/wp\/v2\/pwb-brand?post=3402"},{"taxonomy":"product_cat","embeddable":true,"href":"https:\/\/www.khoihuy.com\/en\/wp-json\/wp\/v2\/product_cat?post=3402"},{"taxonomy":"product_tag","embeddable":true,"href":"https:\/\/www.khoihuy.com\/en\/wp-json\/wp\/v2\/product_tag?post=3402"}],"curies":[{"name":"wp","href":"https:\/\/api.w.org\/{rel}","templated":true}]}}