{"id":3400,"date":"2024-12-07T09:26:07","date_gmt":"2024-12-07T02:26:07","guid":{"rendered":"https:\/\/khoihuy.com\/?post_type=product&#038;p=3400"},"modified":"2024-12-07T09:26:07","modified_gmt":"2024-12-07T02:26:07","slug":"thiet-bi-kiem-tra-do-ben-uon-dang-non-biuged-bgd-566-2","status":"publish","type":"product","link":"https:\/\/www.khoihuy.com\/en\/product\/thiet-bi-kiem-tra-do-ben-uon-dang-non-biuged-bgd-566-2\/","title":{"rendered":"Thi\u1ebft b\u1ecb ki\u1ec3m tra \u0111\u1ed9 b\u1ec1n u\u1ed1n d\u1ea1ng n\u00f3n Biuged BGD 566"},"content":{"rendered":"<p><strong><b>Model:\u00a0<\/b><\/strong><strong><b>BGD-566<\/b><\/strong><\/p>\n<p><strong><b>H\u00e3ng s\u1ea3n xu\u1ea5t:\u00a0<\/b><\/strong><strong><b>Biuged<\/b><\/strong><strong><b>\u00a0&#8211; Trung Qu\u1ed1c<\/b><\/strong><\/p>\n<p><strong><b>Th\u00f4ng s\u1ed1 k\u1ef9 thu\u1eadt:<\/b><\/strong><\/p>\n<ul>\n<li>K\u00edch th\u01b0\u1edbc c\u1ee7a tr\u1ee5c g\u00e1 h\u00ecnh n\u00f3n: \u0110\u1ea7u l\u1edbn: \u03a638 \u00b1 0.1mm; \u0110\u1ea7u nh\u1ecf: \u03a63.1 \u00b1 0.1mm; Chi\u1ec1u d\u00e0i: 203 \u00b1 0.3 mm<\/li>\n<li>Thi\u1ebft b\u1ecb k\u1eb9p m\u1edbi gi\u00fap vi\u1ec7c c\u1ed1 \u0111\u1ecbnh m\u1eabu tr\u1edf n\u00ean nhanh ch\u00f3ng v\u00e0 thu\u1eadn ti\u1ec7n h\u01a1n<\/li>\n<li>K\u00edch th\u01b0\u1edbc t\u1ea5m th\u1eed nghi\u1ec7m ph\u00f9 h\u1ee3p: Chi\u1ec1u d\u00e0i \u2264200mm\uff1bChi\u1ec1u r\u1ed9ng \uff1c100mm\uff1b\u0110\u1ed9 d\u00e0y \u22640.8mm<\/li>\n<li>K\u00edch th\u01b0\u1edbc t\u1ed5ng th\u1ec3\uff1a300mm\u00d7120mm\u00d783mm (L\u00d7W\u00d7H)<\/li>\n<li>\u0110i k\u00e8m v\u1edbi Ch\u1ee9ng nh\u1eadn Hi\u1ec7u chu\u1ea9n<\/li>\n<li>Tr\u1ecdng l\u01b0\u1ee3ng: 7kg<\/li>\n<\/ul>","protected":false},"excerpt":{"rendered":"<p><strong><b>Model:\u00a0<\/b><\/strong><strong><b>BGD-566<\/b><\/strong><\/p>\n<p><strong><b>H\u00e3ng s\u1ea3n xu\u1ea5t:\u00a0<\/b><\/strong><strong><b>Biuged<\/b><\/strong><strong><b>\u00a0&#8211; Trung Qu\u1ed1c<\/b><\/strong><\/p>","protected":false},"featured_media":3401,"comment_status":"open","ping_status":"closed","template":"","meta":[],"pwb-brand":[264],"product_cat":[248,255],"product_tag":[],"class_list":{"0":"post-3400","1":"product","2":"type-product","3":"status-publish","4":"has-post-thumbnail","6":"pwb-brand-biuged","7":"product_cat-thiet-bi-nganh-son","8":"product_cat-thiet-bi-chuyen-nganh-son-he-dung-moi","9":"pa_hang-biuged","10":"pa_xuat-xu-trung-quoc","12":"first","13":"instock","14":"shipping-taxable","15":"product-type-simple"},"brands":[{"id":264,"name":"Biuged","slug":"biuged"}],"_links":{"self":[{"href":"https:\/\/www.khoihuy.com\/en\/wp-json\/wp\/v2\/product\/3400","targetHints":{"allow":["GET"]}}],"collection":[{"href":"https:\/\/www.khoihuy.com\/en\/wp-json\/wp\/v2\/product"}],"about":[{"href":"https:\/\/www.khoihuy.com\/en\/wp-json\/wp\/v2\/types\/product"}],"replies":[{"embeddable":true,"href":"https:\/\/www.khoihuy.com\/en\/wp-json\/wp\/v2\/comments?post=3400"}],"wp:featuredmedia":[{"embeddable":true,"href":"https:\/\/www.khoihuy.com\/en\/wp-json\/wp\/v2\/media\/3401"}],"wp:attachment":[{"href":"https:\/\/www.khoihuy.com\/en\/wp-json\/wp\/v2\/media?parent=3400"}],"wp:term":[{"taxonomy":"pwb-brand","embeddable":true,"href":"https:\/\/www.khoihuy.com\/en\/wp-json\/wp\/v2\/pwb-brand?post=3400"},{"taxonomy":"product_cat","embeddable":true,"href":"https:\/\/www.khoihuy.com\/en\/wp-json\/wp\/v2\/product_cat?post=3400"},{"taxonomy":"product_tag","embeddable":true,"href":"https:\/\/www.khoihuy.com\/en\/wp-json\/wp\/v2\/product_tag?post=3400"}],"curies":[{"name":"wp","href":"https:\/\/api.w.org\/{rel}","templated":true}]}}