{"id":3396,"date":"2024-12-07T09:23:29","date_gmt":"2024-12-07T02:23:29","guid":{"rendered":"https:\/\/khoihuy.com\/?post_type=product&#038;p=3396"},"modified":"2024-12-07T09:23:29","modified_gmt":"2024-12-07T02:23:29","slug":"may-do-do-ben-va-dap-mang-son-bgd-305","status":"publish","type":"product","link":"https:\/\/www.khoihuy.com\/en\/product\/may-do-do-ben-va-dap-mang-son-bgd-305\/","title":{"rendered":"M\u00c1Y \u0110O \u0110\u1ed8 B\u1ec0N VA \u0110\u1eacP M\u00c0NG S\u01a0N BGD-305"},"content":{"rendered":"<p><strong><b>Model:\u00a0BGD305<\/b><\/strong><\/p>\n<p><strong><b>H\u00e3ng s\u1ea3n xu\u1ea5t:\u00a0<\/b><\/strong><strong><b>Biuged<\/b><\/strong><strong><b>\u00a0&#8211; Trung Qu\u1ed1c<\/b><\/strong><\/p>\n<p><strong><b>Ti\u00eau chu\u1ea9n: \u00a0<\/b><\/strong>ASTM D2794, ASTM D3029, ISO 6272.2<\/p>\n<p><strong><b>Th\u00f4ng s\u1ed1 k\u1ef9 thu\u1eadt:<\/b><\/strong><\/p>\n<ul>\n<li>Chi\u1ec1u d\u00e0i ki\u1ec3m tra: 0-100 cm<\/li>\n<li>\u0110\u1ed9 chia v\u1ea1ch: 1cm<\/li>\n<li>Tr\u1ecdng l\u01b0\u1ee3ng: 1000g (2 chi\u1ebfc), 300g (1 chi\u1ebfc), 2lb (2 chi\u1ebfc)<\/li>\n<li>\u0110\u01b0\u1eddng k\u00ednh: 12.7mm, 15.9mm<\/li>\n<\/ul>","protected":false},"excerpt":{"rendered":"<p><strong><b>Model:\u00a0BGD305<\/b><\/strong><\/p>\n<p><strong><b>H\u00e3ng s\u1ea3n xu\u1ea5t:\u00a0<\/b><\/strong><strong><b>Biuged<\/b><\/strong><strong><b>\u00a0&#8211; Trung Qu\u1ed1c<\/b><\/strong><\/p>\n<p><strong><b>Ti\u00eau chu\u1ea9n: \u00a0<\/b><\/strong>ASTM D2794, ASTM D3029, ISO 6272.2<\/p>","protected":false},"featured_media":3397,"comment_status":"open","ping_status":"closed","template":"","meta":[],"pwb-brand":[264],"product_cat":[255,248],"product_tag":[],"class_list":{"0":"post-3396","1":"product","2":"type-product","3":"status-publish","4":"has-post-thumbnail","6":"pwb-brand-biuged","7":"product_cat-thiet-bi-chuyen-nganh-son-he-dung-moi","8":"product_cat-thiet-bi-nganh-son","9":"pa_hang-biuged","10":"pa_xuat-xu-trung-quoc","12":"first","13":"instock","14":"shipping-taxable","15":"product-type-simple"},"brands":[{"id":264,"name":"Biuged","slug":"biuged"}],"_links":{"self":[{"href":"https:\/\/www.khoihuy.com\/en\/wp-json\/wp\/v2\/product\/3396","targetHints":{"allow":["GET"]}}],"collection":[{"href":"https:\/\/www.khoihuy.com\/en\/wp-json\/wp\/v2\/product"}],"about":[{"href":"https:\/\/www.khoihuy.com\/en\/wp-json\/wp\/v2\/types\/product"}],"replies":[{"embeddable":true,"href":"https:\/\/www.khoihuy.com\/en\/wp-json\/wp\/v2\/comments?post=3396"}],"wp:featuredmedia":[{"embeddable":true,"href":"https:\/\/www.khoihuy.com\/en\/wp-json\/wp\/v2\/media\/3397"}],"wp:attachment":[{"href":"https:\/\/www.khoihuy.com\/en\/wp-json\/wp\/v2\/media?parent=3396"}],"wp:term":[{"taxonomy":"pwb-brand","embeddable":true,"href":"https:\/\/www.khoihuy.com\/en\/wp-json\/wp\/v2\/pwb-brand?post=3396"},{"taxonomy":"product_cat","embeddable":true,"href":"https:\/\/www.khoihuy.com\/en\/wp-json\/wp\/v2\/product_cat?post=3396"},{"taxonomy":"product_tag","embeddable":true,"href":"https:\/\/www.khoihuy.com\/en\/wp-json\/wp\/v2\/product_tag?post=3396"}],"curies":[{"name":"wp","href":"https:\/\/api.w.org\/{rel}","templated":true}]}}