{"id":3394,"date":"2024-12-07T09:17:17","date_gmt":"2024-12-07T02:17:17","guid":{"rendered":"https:\/\/khoihuy.com\/?post_type=product&#038;p=3394"},"modified":"2024-12-07T09:21:24","modified_gmt":"2024-12-07T02:21:24","slug":"may-do-chieu-day-son-positector-6000-f1-fn1-fs1-ns1-defelsko-coating-thickness-gauge-2","status":"publish","type":"product","link":"https:\/\/www.khoihuy.com\/en\/product\/may-do-chieu-day-son-positector-6000-f1-fn1-fs1-ns1-defelsko-coating-thickness-gauge-2\/","title":{"rendered":"M\u00e1y \u0111o chi\u1ec1u d\u00e0y s\u01a1n Positector 6000 F1 FN1 FS1 NS1 Defelsko Coating thickness gauge"},"content":{"rendered":"<p>Thi\u1ebft b\u1ecb ki\u1ec3m tra chi\u1ec1u d\u00e0y l\u1edbp s\u01a1n, l\u1edbp ph\u1ee7, m\u1ea1 tr\u00ean b\u1ec1 m\u1eb7t kim lo\u1ea1i nhi\u1ec5m t\u1eeb v\u00e0 kh\u00f4ng nhi\u1ec5m t\u1eeb.<\/p>\n<p>&#8211; S\u1eed d\u1ee5ng \u0111\u01a1n gi\u1ea3n v\u1edbi 1 tay c\u1ea7m. Nh\u1eb9 nh\u00e0ng , k\u1ebft qu\u1ea3 nhanh v\u00e0 ch\u00ednh x\u00e1c.<\/p>\n<p>&#8211; Kh\u1ea3 n\u0103ng l\u01b0u d\u1eef li\u1ec7u \u0111o nhi\u1ec1u l\u1ea7n, tr\u00edch xu\u1ea5t ra c\u00e1c thi\u1ebft b\u1ecb ngo\u1ea1i vi nh\u01b0 \u0111i\u1ec7n tho\u1ea1i, m\u00e1y t\u00ednh<\/p>\n<p>&#8211; Nhi\u1ec1u t\u00f9y ch\u1ecdn \u0111\u1ea7u d\u00f2 \u0111\u1ec3 s\u1eed d\u1ee5ng tr\u00ean c\u00e1c b\u1ec1 m\u1eb7t kh\u00e1c nhau: cong, ph\u1eb3ng, l\u00f5m&#8230;Tr\u00ean c\u00e1c b\u1ec1 m\u1eb7t c\u00f3 t\u1eeb t\u00ednh v\u00e0 kh\u00f4ng nhi\u1ec5m t\u1eeb.<\/p>\n<p>L\u1ef1a ch\u1ecdn\u00a0Positector 6000 cho nhu c\u1ea7u \u0111o c\u1ee5 th\u1ec3.<\/p>\n<p>Th\u00f4ng s\u1ed1 c\u01a1 b\u1ea3n\u00a0M\u00e1y \u0111o chi\u1ec1u d\u00e0y s\u01a1n Positector 6000 F1 Defelsko Coating thickness gauge<\/p>\n<p><strong><b>H\u00e3ng: Defelsko<\/b><\/strong><\/p>\n<p><strong><b>Model: FS1<\/b><\/strong><\/p>\n<p><strong><b>(FS1 &#8211;\u00a0 Th\u1ec3 hi\u1ec7n tr\u00ean thi\u1ebft b\u1ecb PosiTector Standard\u00a0 + 6000 FS)<\/b><\/strong><\/p>\n<p><strong><b>Xu\u1ea5t x\u1ee9: Hoa K\u1ef3<\/b><\/strong><\/p>\n<p><strong><b>C\u00f4ng n\u0103ng:<\/b><\/strong><\/p>\n<p>&#8211; \u0110o \u0111\u1ed9 d\u00e0y l\u1edbp ph\u1ee7 tr\u00ean n\u1ec1n kim lo\u1ea1i t\u1eeb t\u00ednh. \u1ee8ng d\u1ee5ng \u0111o \u0111\u1ed9 d\u00e0y l\u1edbp s\u01a1n, ph\u1ee7 kh\u00f4ng nhi\u1ec5m t\u1eeb tr\u00ean b\u1ec1 m\u1eb7t s\u1eaft, th\u00e9p<\/p>\n<p>&#8211; \u0110\u1ea7u d\u00f2 r\u1eddi c\u00f3 d\u00e2y c\u00e1p 900mm<\/p>\n<p>&#8211; Nguy\u00ean l\u00fd \u0111o: \u0110i\u1ec7n t\u1eeb tr\u01b0\u1eddng<\/p>\n<p><strong><b>Th\u00f4ng s\u1ed1 k\u1ef9 thu\u1eadt:<\/b><\/strong><\/p>\n<p>Kho\u1ea3ng \u0111o: 0-1500 \u00b5m\u00a0 ho\u1eb7c 0 &#8211; 60 mils<\/p>\n<p>Chia \u0111\u1ed9: 0.1 \u00b5m ho\u1eb7c 1 \u00b5m (kh\u00e1ch h\u00e0ng tu\u1ef3 ch\u1ecdn ch\u1ebf \u0111\u1ed9 cho to\u00e0n thang \u0111o)<\/p>\n<p>\u0110\u1ed9 ch\u00ednh x\u00e1c: \u00b1 1\u00b5m + 1% (0-50 \u00b5m ) v\u00e0 : \u00b1 2 \u00b5m + 1% (50-1500 \u00b5m )<\/p>\n<p>\u00b1 (0.05 mils + 1%)\u00a0 \u00a00 &#8211; 2 mils<\/p>\n<p>\u00b1 (0.1 mils + 1%)\u00a0 \u00a0&gt; 2 mils<\/p>\n<p><strong><b>\u0110\u01a1n v\u1ecb : <\/b><\/strong>\u00b5m ho\u1eb7c mils<\/p>\n<p><strong><b>T\u00ednh n\u0103ng:\u00a0<\/b><\/strong><\/p>\n<p>&#8211; L\u01b0u d\u1eef li\u1ec7u 1000 k\u1ebft qu\u1ea3 \u0111o \/ 1 nh\u00f3m<\/p>\n<p>&#8211; M\u00e0n h\u00ecnh c\u1ea3m \u1ee9ng m\u00e0u 2.8 inch, t\u1ef1 \u0111\u1ed9ng xoay (c\u00f3 th\u1ec3 t\u1eaft\/b\u1eadt)<\/p>\n<p>&#8211; Ch\u1ed1ng ch\u1ecbu th\u1eddi ti\u1ebft, va \u0111\u1eadp b\u1eb1ng \u1ed1p l\u01b0ng cao su, c\u1ea5p \u0111\u1ed9 b\u1ea3o v\u1ec7 IP65<\/p>\n<p>&#8211; T\u1ed1c \u0111\u1ed9 \u0111o 60 l\u1ea7n\/1 ph\u00fat. Ch\u1ebf \u0111\u1ed9 \u0111o FAST 90 l\u1ea7n\/1 ph\u00fat<\/p>\n<p>&#8211; Ch\u1ebf \u0111\u1ed9 th\u1ed1ng k\u00ea li\u00ean t\u1ee5c hi\u1ec3n th\u1ecb \/ c\u1eadp nh\u1eadt gi\u00e1 tr\u1ecb trung b\u00ecnh, \u0111\u1ed9 l\u1ec7ch chu\u1ea9n, Min \/ Max v\u00e0 s\u1ed1 l\u1ea7n \u0111\u1ecdc trong khi \u0111o<\/p>\n<p>&#8211; B\u00e1o \u0111\u1ed9ng HiLo c\u1ea3nh b\u00e1o b\u1eb1ng \u00e2m thanh v\u00e0 r\u00f5 r\u00e0ng khi c\u00e1c ph\u00e9p \u0111o v\u01b0\u1ee3t qu\u00e1 gi\u1edbi h\u1ea1n do ng\u01b0\u1eddi d\u00f9ng c\u00e0i \u0111\u1eb7t<\/p>\n<p>&#8211; K\u1ebft n\u1ed1i m\u00e1y t\u00ednh qua c\u1ed5ng USB, s\u1eed d\u1ee5ng ph\u1ea7n m\u1ec1m PosiSoft Desktop Manager<\/p>\n<p>&#8211; Giao di\u1ec7n s\u1eed d\u1ee5ng d\u1ec5 d\u00e0ng v\u1edbi ng\u00f4n ng\u1eef Ti\u1ebfng Vi\u1ec7t<\/p>\n<p>Cung c\u1ea5p bao g\u1ed3m:<\/p>\n<p>&#8211; M\u00e1y ch\u00ednh PosiTector Standard<\/p>\n<p>&#8211; \u0110\u1ea7u d\u00f2 r\u1eddi FS<\/p>\n<p>&#8211; B\u1ed9 chu\u1ea9n ( 5 t\u1ea5m nh\u1ef1a chu\u1ea9n) v\u00e0 t\u1ea5m th\u00e9p n\u1ec1n zero<\/p>\n<p>&#8211; B\u1ecdc cao su ch\u1ed1ng s\u1ed1c<\/p>\n<p>&#8211; 03 pin AAA<\/p>\n<p>&#8211; Ch\u1ee9ng ch\u1ec9 hi\u1ec7u chu\u1ea9n nh\u00e0 m\u00e1y<\/p>\n<p>&#8211; C\u00e1p USB<\/p>\n<p>&#8211; T\u00fai \u0111\u1ef1ng b\u1eb1ng nylon<\/p>\n<p>&#8211; D\u00e2y \u0111eo tay<\/p>\n<p>&#8211; H\u01b0\u1edbng D\u1eabn S\u1eed D\u1ee5ng (Anh \u2013 Vi\u1ec7t)<!--more--><\/p>\n<p><strong><b>Model: FNS1<\/b><\/strong><\/p>\n<p><strong><b>(FNS1 &#8211;\u00a0 Th\u1ec3 hi\u1ec7n tr\u00ean thi\u1ebft b\u1ecb PosiTector Standard\u00a0 + 6000 FNS)\u00a0\u00a0\u00a0\u00a0\u00a0\u00a0\u00a0\u00a0\u00a0\u00a0\u00a0\u00a0\u00a0\u00a0\u00a0\u00a0\u00a0\u00a0\u00a0\u00a0<\/b><\/strong><\/p>\n<p><strong><b>Xu\u1ea5t x\u1ee9: Hoa K\u1ef3<\/b><\/strong><\/p>\n<p><strong><b>C\u00f4ng n\u0103ng:<\/b><\/strong><\/p>\n<ul>\n<li><b><\/b>\u0110o \u0111\u1ed9 d\u00e0y l\u1edbp ph\u1ee7 tr\u00ean n\u1ec1n kim lo\u1ea1i t\u1eeb t\u00ednh v\u00e0 kh\u00f4ng t\u1eeb t\u00ednh. \u1ee8ng d\u1ee5ng \u0111o \u0111\u1ed9 d\u00e0y l\u1edbp s\u01a1n, ph\u1ee7 kh\u00f4ng nhi\u1ec5m t\u1eeb tr\u00ean b\u1ec1 m\u1eb7t s\u1eaft, th\u00e9p v\u00e0 l\u1edbp s\u01a1n, ph\u1ee7 kh\u00f4ng d\u1eabn \u0111i\u1ec7n tr\u00ean b\u1ec1 m\u1eb7t nh\u00f4m, \u0111\u1ed3ng thau\u2026<\/li>\n<li>\u0110\u1ea7u d\u00f2 r\u1eddi c\u00f3 d\u00e2y c\u00e1p 900mm<\/li>\n<li>Nguy\u00ean l\u00fd \u0111o: \u0110i\u1ec7n t\u1eeb tr\u01b0\u1eddng<\/li>\n<\/ul>\n<p><strong><b>Th\u00f4ng s\u1ed1 k\u1ef9 thu\u1eadt:<\/b><\/strong><\/p>\n<p>Kho\u1ea3ng \u0111o: 0-1500 \u00b5m\u00a0 ho\u1eb7c 0 &#8211; 60 mils<\/p>\n<p>Chia \u0111\u1ed9: 0.1 \u00b5m ho\u1eb7c 1 \u00b5m (kh\u00e1ch h\u00e0ng tu\u1ef3 ch\u1ecdn ch\u1ebf \u0111\u1ed9 cho to\u00e0n thang \u0111o)<\/p>\n<p>\u0110\u1ed9 ch\u00ednh x\u00e1c: \u00b1 1\u00b5m + 1% (0-50 \u00b5m ) v\u00e0 : \u00b1 2 \u00b5m + 1% (50-1500 \u00b5m )<\/p>\n<p>\u00b1 (0.05 mils + 1%)\u00a0\u00a0 0 &#8211; 2 mils<\/p>\n<p>\u00b1 (0.1 mils + 1%)\u00a0\u00a0 &gt; 2 mils<\/p>\n<p><strong><b>\u0110\u01a1n v\u1ecb\u00a0: <\/b><\/strong>\u00b5m ho\u1eb7c mils<\/p>\n<p><strong><b>T\u00ednh n\u0103ng:<\/b><\/strong><\/p>\n<ul>\n<li><b><\/b>L\u01b0u d\u1eef li\u1ec7u 1000 k\u1ebft qu\u1ea3 \u0111o \/ 1 nh\u00f3m<\/li>\n<li>M\u00e0n h\u00ecnh c\u1ea3m \u1ee9ng m\u00e0u 2.8 inch, t\u1ef1 \u0111\u1ed9ng xoay (c\u00f3 th\u1ec3 t\u1eaft\/b\u1eadt)<\/li>\n<li>Ch\u1ed1ng ch\u1ecbu th\u1eddi ti\u1ebft, va \u0111\u1eadp b\u1eb1ng \u1ed1p l\u01b0ng cao su, c\u1ea5p \u0111\u1ed9 b\u1ea3o v\u1ec7 IP65<\/li>\n<li>T\u1ed1c \u0111\u1ed9 \u0111o 60 l\u1ea7n\/1 ph\u00fat. Ch\u1ebf \u0111\u1ed9 \u0111o FAST 90 l\u1ea7n\/1 ph\u00fat<\/li>\n<li>Ch\u1ebf \u0111\u1ed9 th\u1ed1ng k\u00ea li\u00ean t\u1ee5c hi\u1ec3n th\u1ecb \/ c\u1eadp nh\u1eadt gi\u00e1 tr\u1ecb trung b\u00ecnh, \u0111\u1ed9 l\u1ec7ch chu\u1ea9n, Min \/ Max v\u00e0 s\u1ed1 l\u1ea7n \u0111\u1ecdc trong khi \u0111o<\/li>\n<li>B\u00e1o \u0111\u1ed9ng HiLo c\u1ea3nh b\u00e1o b\u1eb1ng \u00e2m thanh v\u00e0 r\u00f5 r\u00e0ng khi c\u00e1c ph\u00e9p \u0111o v\u01b0\u1ee3t qu\u00e1 gi\u1edbi h\u1ea1n do ng\u01b0\u1eddi d\u00f9ng c\u00e0i \u0111\u1eb7t<\/li>\n<li>K\u1ebft n\u1ed1i m\u00e1y t\u00ednh qua c\u1ed5ng USB, s\u1eed d\u1ee5ng ph\u1ea7n m\u1ec1m PosiSoft Desktop Manager<\/li>\n<li>Giao di\u1ec7n s\u1eed d\u1ee5ng d\u1ec5 d\u00e0ng v\u1edbi ng\u00f4n ng\u1eef Ti\u1ebfng Vi\u1ec7t<\/li>\n<\/ul>\n<p><strong><b>Cung c\u1ea5p bao g\u1ed3m:<\/b><\/strong><\/p>\n<ul>\n<li><b><i><\/i><\/b><em><i>M\u00e1y ch\u00ednh PosiTector Standard<\/i><\/em><\/li>\n<li><i><\/i><em><i>\u0110\u1ea7u d\u00f2 r\u1eddi FNS<\/i><\/em><\/li>\n<li><i><\/i><em><i>B\u1ed9 chu\u1ea9n ( 5 t\u1ea5m nh\u1ef1a chu\u1ea9n)<\/i><\/em><\/li>\n<li><i><\/i><em><i>B\u1ecdc cao su ch\u1ed1ng s\u1ed1c<\/i><\/em><\/li>\n<li><i><\/i><em><i>03 pin AAA<\/i><\/em><\/li>\n<li><i><\/i><em><i>Ch\u1ee9ng ch\u1ec9 hi\u1ec7u chu\u1ea9n nh\u00e0 m\u00e1y<\/i><\/em><\/li>\n<li><i><\/i><em><i>C\u00e1p USB<\/i><\/em><\/li>\n<\/ul>\n<p><strong><b>Simple &#8211; \u0110\u01a1n gi\u1ea3n<\/b><\/strong><\/p>\n<ul>\n<li><b><\/b>T\u1ed1c \u0111\u1ed9 \u0111\u1ecdc c\u1ef1c nhanh &#8211; 60 l\u1ea7n\/ph\u00fat. Enhanced FAST mode\u201490+ ch\u1ebf \u0111\u1ed9 \u0111\u1ecdc t\u1ed1c \u0111\u1ed9 cao.<\/li>\n<li>Lu\u00f4n s\u1eb5n s\u00e0ng \u0111\u1ec3 \u0111\u1ecdc ngay t\u1ee9c th\u00ec<\/li>\n<li><i><\/i><em><i>NEW<\/i><\/em>Larger 2.8&#8243; m\u00e0n h\u00ecnh m\u00e0u \u0111\u01b0\u1ee3c thi\u1ebft k\u1ebf m\u1edbi v\u1edbi c\u00e1c n\u00fat \u0111i\u1ec1u h\u01b0\u1edbng tr\u1ef1c quan v\u00e0 d\u1ec5 s\u1eed d\u1ee5ng.<\/li>\n<li><i><\/i><em><i>NEW<\/i><\/em><u>On-gage help<\/u>\u00a0c\u00f3 ch\u00fa gi\u1ea3i cho c\u00e1c ch\u1ee9c n\u0103ng \u0111i k\u00e8m.<\/li>\n<li>M\u00e0n h\u00ecnh ch\u1edbp s\u00e1ng khi s\u1eed d\u1ee5ng trong c\u00e1c m\u00f4i tr\u01b0\u1eddng b\u1ea5t l\u1ee3i.<\/li>\n<li>Reset factory nhanh ch\u00f3ng.<\/li>\n<\/ul>\n<p><strong><b>Accurate &#8211; Ch\u00ednh x\u00e1c<\/b><\/strong><\/p>\n<ul>\n<li><b><\/b>Ch\u1ee9ng nh\u1eadn hi\u1ec7u chu\u1ea9n \u0111\u01b0\u1ee3c c\u1ea5p b\u1edfi NIST or PTB<\/li>\n<li>Built-in b\u00f9 nhi\u1ec7t \u0111\u1ed9 \u0111\u01b0\u1ee3c t\u00edch h\u1ee3p<\/li>\n<li>Hi-RES ch\u1ee9c n\u0103ng gia t\u0103ng \u0111\u1ed9 ph\u00e2n gi\u1ea3i cho c\u00e1c c\u1ea5p \u0111o ch\u00ednh x\u00e1c.<\/li>\n<li>\u0110\u1ea1t c\u00e1c ti\u00eau chu\u1ea9n qu\u1ed1c t\u1ebf ISO and ASTM<\/li>\n<\/ul>\n<p><strong><b>Powerful &#8211; M\u1ea1nh m\u1ebd<\/b><\/strong><\/p>\n<ul>\n<li><u>Statistics mode<\/u>li\u00ean t\u1ee5c th\u1ec3 hi\u1ec7n c\u00e1c k\u1ebft qu\u1ea3 nh\u01b0: s\u1ed1 l\u1ea7n \u0111\u1ecdc, trung b\u00ecnh c\u00e1c gi\u00e1 tr\u1ecb, c\u00e1c s\u1ed1 li\u1ec7u min\/max&#8230;<\/li>\n<li><i><\/i><em><i>NEW<\/i><\/em><u>Screen Capture<\/u>\u2014T\u00ednh n\u0103ng ch\u1ee5p 100 l\u1ea7n m\u00e0n h\u00ecnh \u0111\u1ec3 l\u01b0u gi\u1eef k\u1ebft qu\u1ea3 \u0111o<\/li>\n<li>HiLo alarm t\u00edn hi\u1ec7u b\u00e1o c\u00e1c k\u1ebft qu\u1ea3 tr\u00ean v\u00e0 d\u01b0\u1edbi c\u00e1c gi\u00e1 tr\u1ecb \u0111\u1ecbnh s\u1eb5n<\/li>\n<li><i><\/i><em><i>NEW<\/i><\/em>Instant-on ch\u1ee9c n\u0103ng \u0111\u00e1nh th\u1ee9c thi\u1ebft b\u1ecb ngay l\u1eadp t\u1ee9c.<\/li>\n<li><i><\/i><em><i>NEW<\/i><\/em>Up to 30% th\u1eddi l\u01b0\u1ee3ng pin<\/li>\n<li><u>USB port\u00a0<\/u>cho ph\u00e9p k\u1ebft n\u1ed1i PC nhanh ch\u00f3ng v\u00e0 d\u1ec5 d\u00e0ng.<\/li>\n<li>T\u1ea5t c\u1ea3 k\u1ebft qu\u1ea3 \u0111o \u0111\u01b0\u1ee3c l\u01b0u tr\u1eef \u0111\u1ec1u \u0111\u01b0\u1ee3c \u0111\u00f3ng d\u1ea5u ng\u00e0y th\u00e1ng.<\/li>\n<li><u>Software Updates<\/u>qua website h\u00e3ng<\/li>\n<li><u>Software Solutions<\/u>ph\u1ea7n m\u1ec1m gi\u00fap x\u1eed l\u00fd, chia s\u1ebb d\u1eef li\u1ec7u, l\u00e0m b\u00e1o c\u00e1o ..<\/li>\n<\/ul>\n<p><strong><b>Durable<\/b><\/strong><\/p>\n<ul>\n<li><b><i><\/i><\/b><em><i>NEW<\/i><\/em> ch\u1ed1ng b\u1ee5i, n\u01b0\u1edbc v\u00e0 va \u0111\u1eadp ti\u00eau chu\u1ea9n\u2014IP65<\/li>\n<li><i><\/i><em><i>NEW<\/i><\/em>Ergonomic thi\u1ebft k\u1ebf m\u1edbi gi\u00fap k\u1ebft n\u1ed1i \u0111\u1ea7u d\u00f2 \u0111\u01a1n gi\u1ea3n, ch\u00ednh x\u00e1c v\u00e0 ch\u1eafc ch\u1eafn<\/li>\n<li>\u0110\u1ea7u \u0111o h\u1ee3p kim si\u00eau c\u1ee9ng.<\/li>\n<li><\/li>\n<\/ul>\n<p><strong><b>Versatile\u00a0<\/b><\/strong><\/p>\n<ul>\n<li><b><\/b>PosiTector body accepts all PosiTector\u00a0<em><i>6000<\/i><\/em>,\u00a0<em><i>200<\/i><\/em>,\u00a0<em><i>RTR<\/i><\/em>,\u00a0<em><i>SPG<\/i><\/em>,\u00a0<em><i>DPM<\/i><\/em>,\u00a0<em><i>IRT<\/i><\/em>,\u00a0<em><i>SST<\/i><\/em>,\u00a0<em><i>UTG<\/i><\/em>,\u00a0<em><i>SHD<\/i><\/em>,\u00a0<em><i>BHI<\/i><\/em>, and\u00a0<em><i>GLS<\/i><\/em>kh\u1ea3 n\u0103ng k\u1ebft n\u1ed1i v\u1edbi nhi\u1ec1u lo\u1ea1i \u0111\u1ea7u d\u00f2.<\/li>\n<li>\u0110a \u0111\u1ea1ng ph\u01b0\u01a1ng ph\u00e1p calib g\u1ed3m 1 point, 2 point, and ISO 19840 correction factors<\/li>\n<li>M\u00e0n h\u00ecnh \u0111a ng\u00f4n ng\u1eef<\/li>\n<li><i><\/i><em><i>NEW<\/i><\/em><u>Auto rotating display<\/u>\u00a0with Flip Lock<\/li>\n<li>Extended cables available (up to 75 m\/250 ft) for\u00a0<u>underwater or remote measuring<\/u><\/li>\n<li>Mils\/Microns\/mm c\u00e1c \u0111\u01a1n v\u1ecb \u0111o \u0111a d\u1ea1ng.<\/li>\n<\/ul>\n<p><strong><b>\u0110\u1ea7u d\u00f2 r\u1eddi d\u1ec5 thay th\u1ebf v\u00e0 th\u00e1o l\u1eafp.<\/b><\/strong><b><\/b><\/p>","protected":false},"excerpt":{"rendered":"<p>Thi\u1ebft b\u1ecb ki\u1ec3m tra chi\u1ec1u d\u00e0y l\u1edbp s\u01a1n, l\u1edbp ph\u1ee7, m\u1ea1 tr\u00ean b\u1ec1 m\u1eb7t kim lo\u1ea1i nhi\u1ec5m t\u1eeb v\u00e0 kh\u00f4ng nhi\u1ec5m t\u1eeb.<\/p>\n<p>&#8211; S\u1eed d\u1ee5ng \u0111\u01a1n gi\u1ea3n v\u1edbi 1 tay c\u1ea7m. Nh\u1eb9 nh\u00e0ng , k\u1ebft qu\u1ea3 nhanh v\u00e0 ch\u00ednh x\u00e1c.<\/p>\n<p>&#8211; Kh\u1ea3 n\u0103ng l\u01b0u d\u1eef li\u1ec7u \u0111o nhi\u1ec1u l\u1ea7n, tr\u00edch xu\u1ea5t ra c\u00e1c thi\u1ebft b\u1ecb ngo\u1ea1i vi nh\u01b0 \u0111i\u1ec7n tho\u1ea1i, m\u00e1y t\u00ednh<\/p>\n<p>&#8211; Nhi\u1ec1u t\u00f9y ch\u1ecdn \u0111\u1ea7u d\u00f2 \u0111\u1ec3 s\u1eed d\u1ee5ng tr\u00ean c\u00e1c b\u1ec1 m\u1eb7t kh\u00e1c nhau: cong, ph\u1eb3ng, l\u00f5m&#8230;Tr\u00ean c\u00e1c b\u1ec1 m\u1eb7t c\u00f3 t\u1eeb t\u00ednh v\u00e0 kh\u00f4ng nhi\u1ec5m t\u1eeb.<\/p>","protected":false},"featured_media":3395,"comment_status":"open","ping_status":"closed","template":"","meta":[],"pwb-brand":[264],"product_cat":[255,248],"product_tag":[],"class_list":{"0":"post-3394","1":"product","2":"type-product","3":"status-publish","4":"has-post-thumbnail","6":"pwb-brand-biuged","7":"product_cat-thiet-bi-chuyen-nganh-son-he-dung-moi","8":"product_cat-thiet-bi-nganh-son","9":"pa_hang-biuged","10":"pa_xuat-xu-usa","12":"first","13":"instock","14":"shipping-taxable","15":"product-type-simple"},"brands":[{"id":264,"name":"Biuged","slug":"biuged"}],"_links":{"self":[{"href":"https:\/\/www.khoihuy.com\/en\/wp-json\/wp\/v2\/product\/3394","targetHints":{"allow":["GET"]}}],"collection":[{"href":"https:\/\/www.khoihuy.com\/en\/wp-json\/wp\/v2\/product"}],"about":[{"href":"https:\/\/www.khoihuy.com\/en\/wp-json\/wp\/v2\/types\/product"}],"replies":[{"embeddable":true,"href":"https:\/\/www.khoihuy.com\/en\/wp-json\/wp\/v2\/comments?post=3394"}],"wp:featuredmedia":[{"embeddable":true,"href":"https:\/\/www.khoihuy.com\/en\/wp-json\/wp\/v2\/media\/3395"}],"wp:attachment":[{"href":"https:\/\/www.khoihuy.com\/en\/wp-json\/wp\/v2\/media?parent=3394"}],"wp:term":[{"taxonomy":"pwb-brand","embeddable":true,"href":"https:\/\/www.khoihuy.com\/en\/wp-json\/wp\/v2\/pwb-brand?post=3394"},{"taxonomy":"product_cat","embeddable":true,"href":"https:\/\/www.khoihuy.com\/en\/wp-json\/wp\/v2\/product_cat?post=3394"},{"taxonomy":"product_tag","embeddable":true,"href":"https:\/\/www.khoihuy.com\/en\/wp-json\/wp\/v2\/product_tag?post=3394"}],"curies":[{"name":"wp","href":"https:\/\/api.w.org\/{rel}","templated":true}]}}