{"id":3390,"date":"2024-12-07T09:16:43","date_gmt":"2024-12-07T02:16:43","guid":{"rendered":"https:\/\/khoihuy.com\/?post_type=product&#038;p=3390"},"modified":"2024-12-07T09:16:43","modified_gmt":"2024-12-07T02:16:43","slug":"may-kiem-tra-thoi-gian-kho-mang-son-hang-biuged-bgd261","status":"publish","type":"product","link":"https:\/\/www.khoihuy.com\/en\/product\/may-kiem-tra-thoi-gian-kho-mang-son-hang-biuged-bgd261\/","title":{"rendered":"M\u00c1Y KI\u1ec2M TRA TH\u1edcI GIAN KH\u00d4 M\u00c0NG S\u01a0N H\u00c3NG BIUGED BGD261"},"content":{"rendered":"<p><strong><b>*Nguy\u00ean t\u1eafc \u0111o th\u1eddi gian kh\u00f4 m\u00e0ng s\u01a1n:<\/b><\/strong><\/p>\n<ul>\n<li>C\u00e1c giai \u0111o\u1ea1n kh\u00f4 c\u1ee7a s\u01a1n: \u00a0M\u00e0ng S\u01a1n s\u1ebd \u0111\u01b0\u1ee3c chuy\u1ec3n t\u1eeb th\u1ec3 l\u1ecfng sang th\u1ec3 gel v\u00e0 sau \u0111\u00f3 l\u00e0 kh\u00f4 ho\u00e0n to\u00e0n.<\/li>\n<li>M\u00e1y s\u1ebd \u0111o th\u1eddi gian kh\u00f4 c\u1ee7a t\u1eebng giai \u0111o\u1ea1n v\u00e0 t\u00ednh ra th\u1eddi gian kh\u00f4 ho\u00e0n to\u00e0n c\u1ee7a s\u01a1n, l\u1edbp ph\u1ee7.<\/li>\n<li>M\u00e1y \u0111\u01b0\u1ee3c s\u1eed d\u1ee5ng nhi\u1ec1u trong ng\u00e0nh s\u01a1n v\u1eadt li\u1ec7u ph\u1ee7, tr\u00e1ng men, s\u1ea3n xu\u1ea5t keo d\u00e1n, x\u1eed l\u00fd b\u1ec1 m\u1eb7t, nh\u1ef1a, g\u1ed1m s\u1ee9.<\/li>\n<li>M\u00e1y \u0111o th\u1eddi gian kh\u00f4 m\u00e0ng s\u01a1n ghi l\u1ea1i ch\u00ednh x\u00e1c th\u1eddi gian c\u0169ng nh\u01b0\u00a0s\u1ed1 l\u01b0\u1ee3ng c\u00e1c giai \u0111o\u1ea1n s\u1ea5y kh\u00e1c nhau.<\/li>\n<li>S\u01a1n \u0111\u01b0\u1ee3c tr\u1ea3i tr\u00ean b\u1ec1 m\u1eb7t c\u00f3 k\u00edch th\u01b0\u1edbc 300 x 24 mm (s\u1eed d\u1ee5ng th\u01b0\u1edbc k\u00e9o m\u00e0ng s\u01a1n vu\u00f4ng- Cube applicator). Sau \u0111\u00f3 c\u00e1c c\u00e2y kim s\u1ebd ch\u1ea1y tr\u00ean c\u00e1c \u0111\u01b0\u1eddng th\u1eb3ng trong th\u1eddi gian ch\u1ecdn tr\u01b0\u1edbc (c\u00f3 th\u1ec3 l\u00e0 6-12-24-48 gi\u1edd).<\/li>\n<li>Th\u1eddi gian c\u1ee7a t\u1eebng giai \u0111o\u1ea1n s\u1ea5y s\u1ebd \u0111\u01b0\u1ee3c hi\u1ec3n th\u1ecb tr\u00ean m\u00e0n h\u00ecnh m\u00e1y ki\u1ec3m tra th\u1eddi gian kh\u00f4 m\u00e0ng s\u01a1n BGD 261 bao g\u1ed3m:<\/li>\n<li>Giai \u0111o\u1ea1n 1: C\u00e1c dung m\u00f4i b\u1ed1c h\u01a1i \u2013 H\u00ecnh qu\u1ea3 l\u00ea<\/li>\n<li>Giai \u0111o\u1ea1n 2: Chuy\u1ec3n sang d\u1ea1ng Sol \/ Gel \u2013 Theo d\u00f5i li\u00ean t\u1ee5c<\/li>\n<li>Giai \u0111o\u1ea1n 3: Kh\u00f4 b\u1ec1 m\u1eb7t \u2013 Theo d\u00f5i gi\u00e1n \u0111o\u1ea1n<\/li>\n<li>Giai \u0111o\u1ea1n 4: Kh\u00f4 to\u00e0n b\u1ed9 \u2013 Ghim \u0111\u01b0\u1ee3c r\u00fat ra<\/li>\n<\/ul>\n<p><strong><b>TH\u00d4NG S\u1ed0 K\u1ef8 THU\u1eacT:<\/b><\/strong><\/p>\n<ul>\n<li>S\u1ed1 k\u00eanh ki\u1ec3m tra: 6 k\u00eanh<\/li>\n<li>Th\u1eddi gian l\u1ef1a ch\u1ecdn: 6 -12 \u2013 24 \u2013 48 gi\u1edd<\/li>\n<li>Ti\u00eau chu\u1ea9n k\u1ef9 thu\u1eadt: ISO 9117-4, ASTM D5895<\/li>\n<li>K\u00edch th\u01b0\u1edbc r\u00e3nh ki\u1ec3m tra: 330x 24mm<\/li>\n<\/ul>\n<p><strong><b>Th\u00f4ng tin \u0111\u1eb7t h\u00e0ng:<\/b><\/strong><\/p>\n<ul>\n<li>BGD 261 \u2014 Line Drying Time Recorder<\/li>\n<li>BGD 203 \u2014 Cube Applicator<\/li>\n<li>BGD 2602 \u2014 Glass Strips<\/li>\n<\/ul>","protected":false},"excerpt":{"rendered":"<p><strong><b>*Nguy\u00ean t\u1eafc \u0111o th\u1eddi gian kh\u00f4 m\u00e0ng s\u01a1n:<\/b><\/strong><\/p>\n<ul>\n<li>C\u00e1c giai \u0111o\u1ea1n kh\u00f4 c\u1ee7a s\u01a1n: \u00a0M\u00e0ng S\u01a1n s\u1ebd \u0111\u01b0\u1ee3c chuy\u1ec3n t\u1eeb th\u1ec3 l\u1ecfng sang th\u1ec3 gel v\u00e0 sau \u0111\u00f3 l\u00e0 kh\u00f4 ho\u00e0n to\u00e0n.<\/li>\n<li>M\u00e1y s\u1ebd \u0111o th\u1eddi gian kh\u00f4 c\u1ee7a t\u1eebng giai \u0111o\u1ea1n v\u00e0 t\u00ednh ra th\u1eddi gian kh\u00f4 ho\u00e0n to\u00e0n c\u1ee7a s\u01a1n, l\u1edbp ph\u1ee7.<\/li>\n<li>M\u00e1y \u0111\u01b0\u1ee3c s\u1eed d\u1ee5ng nhi\u1ec1u trong ng\u00e0nh s\u01a1n v\u1eadt li\u1ec7u ph\u1ee7, tr\u00e1ng men, s\u1ea3n xu\u1ea5t keo d\u00e1n, x\u1eed l\u00fd b\u1ec1 m\u1eb7t, nh\u1ef1a, g\u1ed1m s\u1ee9.<\/li>\n<li>M\u00e1y \u0111o th\u1eddi gian kh\u00f4 m\u00e0ng s\u01a1n ghi l\u1ea1i ch\u00ednh x\u00e1c th\u1eddi gian c\u0169ng nh\u01b0\u00a0s\u1ed1 l\u01b0\u1ee3ng c\u00e1c giai \u0111o\u1ea1n s\u1ea5y kh\u00e1c nhau.<\/li>\n<li>S\u01a1n \u0111\u01b0\u1ee3c tr\u1ea3i tr\u00ean b\u1ec1 m\u1eb7t c\u00f3 k\u00edch th\u01b0\u1edbc 300 x 24 mm (s\u1eed d\u1ee5ng th\u01b0\u1edbc k\u00e9o m\u00e0ng s\u01a1n vu\u00f4ng- Cube applicator). Sau \u0111\u00f3 c\u00e1c c\u00e2y kim s\u1ebd ch\u1ea1y tr\u00ean c\u00e1c \u0111\u01b0\u1eddng th\u1eb3ng trong th\u1eddi gian ch\u1ecdn tr\u01b0\u1edbc (c\u00f3 th\u1ec3 l\u00e0 6-12-24-48 gi\u1edd).<\/li>\n<li>Th\u1eddi gian c\u1ee7a t\u1eebng giai \u0111o\u1ea1n s\u1ea5y s\u1ebd \u0111\u01b0\u1ee3c hi\u1ec3n th\u1ecb tr\u00ean m\u00e0n h\u00ecnh m\u00e1y ki\u1ec3m tra th\u1eddi gian kh\u00f4 m\u00e0ng s\u01a1n BGD 261 bao g\u1ed3m:<\/li>\n<li>Giai \u0111o\u1ea1n 1: C\u00e1c dung m\u00f4i b\u1ed1c h\u01a1i \u2013 H\u00ecnh qu\u1ea3 l\u00ea<\/li>\n<li>Giai \u0111o\u1ea1n 2: Chuy\u1ec3n sang d\u1ea1ng Sol \/ Gel \u2013 Theo d\u00f5i li\u00ean t\u1ee5c<\/li>\n<li>Giai \u0111o\u1ea1n 3: Kh\u00f4 b\u1ec1 m\u1eb7t \u2013 Theo d\u00f5i gi\u00e1n \u0111o\u1ea1n<\/li>\n<li>Giai \u0111o\u1ea1n 4: Kh\u00f4 to\u00e0n b\u1ed9 \u2013 Ghim \u0111\u01b0\u1ee3c r\u00fat ra<\/li>\n<\/ul>","protected":false},"featured_media":3391,"comment_status":"open","ping_status":"closed","template":"","meta":[],"pwb-brand":[264],"product_cat":[255,248],"product_tag":[],"class_list":{"0":"post-3390","1":"product","2":"type-product","3":"status-publish","4":"has-post-thumbnail","6":"pwb-brand-biuged","7":"product_cat-thiet-bi-chuyen-nganh-son-he-dung-moi","8":"product_cat-thiet-bi-nganh-son","9":"pa_hang-biuged","10":"pa_xuat-xu-trung-quoc","12":"first","13":"instock","14":"shipping-taxable","15":"product-type-simple"},"brands":[{"id":264,"name":"Biuged","slug":"biuged"}],"_links":{"self":[{"href":"https:\/\/www.khoihuy.com\/en\/wp-json\/wp\/v2\/product\/3390","targetHints":{"allow":["GET"]}}],"collection":[{"href":"https:\/\/www.khoihuy.com\/en\/wp-json\/wp\/v2\/product"}],"about":[{"href":"https:\/\/www.khoihuy.com\/en\/wp-json\/wp\/v2\/types\/product"}],"replies":[{"embeddable":true,"href":"https:\/\/www.khoihuy.com\/en\/wp-json\/wp\/v2\/comments?post=3390"}],"wp:featuredmedia":[{"embeddable":true,"href":"https:\/\/www.khoihuy.com\/en\/wp-json\/wp\/v2\/media\/3391"}],"wp:attachment":[{"href":"https:\/\/www.khoihuy.com\/en\/wp-json\/wp\/v2\/media?parent=3390"}],"wp:term":[{"taxonomy":"pwb-brand","embeddable":true,"href":"https:\/\/www.khoihuy.com\/en\/wp-json\/wp\/v2\/pwb-brand?post=3390"},{"taxonomy":"product_cat","embeddable":true,"href":"https:\/\/www.khoihuy.com\/en\/wp-json\/wp\/v2\/product_cat?post=3390"},{"taxonomy":"product_tag","embeddable":true,"href":"https:\/\/www.khoihuy.com\/en\/wp-json\/wp\/v2\/product_tag?post=3390"}],"curies":[{"name":"wp","href":"https:\/\/api.w.org\/{rel}","templated":true}]}}