{"id":3388,"date":"2024-12-07T09:15:01","date_gmt":"2024-12-07T02:15:01","guid":{"rendered":"https:\/\/khoihuy.com\/?post_type=product&#038;p=3388"},"modified":"2024-12-07T09:15:01","modified_gmt":"2024-12-07T02:15:01","slug":"tam-nhua-cha-rua","status":"publish","type":"product","link":"https:\/\/www.khoihuy.com\/en\/product\/tam-nhua-cha-rua\/","title":{"rendered":"T\u1ea4M NH\u1ef0A CH\u00c0 R\u1eecA"},"content":{"rendered":"<p>T\u00ean hay d\u00f9ng l\u00e0: GI\u1ea4Y CH\u00c0 R\u1eecA<\/p>\n<p>T\u1ea5m nh\u1ef1a m\u00e0u \u0111en, c\u00f3 k\u00edch th\u01b0\u1edbc ph\u00f9 h\u1ee3p v\u1edbi m\u00e1y ch\u00e0 r\u1eeda.<\/p>\n<p>Ngo\u00e0i ch\u1ee9c n\u0103ng ch\u00ednh d\u00f9ng cho m\u00e1y ch\u00e0 r\u1eeda, c\u00e1c ph\u00f2ng th\u00ed nghi\u1ec7m d\u00f9ng cho nhi\u1ec1u \u1ee9ngd\u1ee5ng kh\u00e1c nhau nh\u01b0: test UV, Kh\u00e1ng ki\u1ec1m, kh\u00e1ng acid\u2026<\/p>\n<p>Tr\u00ean\u00a0th\u1ecb tr\u01b0\u1eddng,\u00a0th\u00f4ng d\u1ee5ng nh\u1ea5t l\u00e0 t\u1ea5m nh\u1ef1a ch\u00e0 r\u1eeda c\u1ee7a Leneta- M\u1ef9, Biuged- China\u2026<\/p>\n<p><strong><b>K\u00edch th\u01b0\u1edbc:\u00a0<\/b><\/strong>432mm \u00d7 165mm\u00a0\u00d7 ( 0.25\u00b10.02 \uff09mm<\/p>","protected":false},"excerpt":{"rendered":"<p>T\u00ean hay d\u00f9ng l\u00e0: GI\u1ea4Y CH\u00c0 R\u1eecA<\/p>\n<p>T\u1ea5m nh\u1ef1a m\u00e0u \u0111en, c\u00f3 k\u00edch th\u01b0\u1edbc ph\u00f9 h\u1ee3p v\u1edbi m\u00e1y ch\u00e0 r\u1eeda.<\/p>\n<p>Ngo\u00e0i ch\u1ee9c n\u0103ng ch\u00ednh d\u00f9ng cho m\u00e1y ch\u00e0 r\u1eeda, c\u00e1c ph\u00f2ng th\u00ed nghi\u1ec7m d\u00f9ng cho nhi\u1ec1u \u1ee9ngd\u1ee5ng kh\u00e1c nhau nh\u01b0: test UV, Kh\u00e1ng ki\u1ec1m, kh\u00e1ng acid\u2026<\/p>\n<p>Tr\u00ean\u00a0th\u1ecb tr\u01b0\u1eddng,\u00a0th\u00f4ng d\u1ee5ng nh\u1ea5t l\u00e0 t\u1ea5m nh\u1ef1a ch\u00e0 r\u1eeda c\u1ee7a Leneta- M\u1ef9, Biuged- China\u2026<\/p>","protected":false},"featured_media":3389,"comment_status":"open","ping_status":"closed","template":"","meta":[],"pwb-brand":[],"product_cat":[254,248],"product_tag":[],"class_list":{"0":"post-3388","1":"product","2":"type-product","3":"status-publish","4":"has-post-thumbnail","6":"product_cat-thiet-bi-chuyen-nganh-son-he-nuoc","7":"product_cat-thiet-bi-nganh-son","9":"first","10":"instock","11":"shipping-taxable","12":"product-type-simple"},"brands":[],"_links":{"self":[{"href":"https:\/\/www.khoihuy.com\/en\/wp-json\/wp\/v2\/product\/3388","targetHints":{"allow":["GET"]}}],"collection":[{"href":"https:\/\/www.khoihuy.com\/en\/wp-json\/wp\/v2\/product"}],"about":[{"href":"https:\/\/www.khoihuy.com\/en\/wp-json\/wp\/v2\/types\/product"}],"replies":[{"embeddable":true,"href":"https:\/\/www.khoihuy.com\/en\/wp-json\/wp\/v2\/comments?post=3388"}],"wp:featuredmedia":[{"embeddable":true,"href":"https:\/\/www.khoihuy.com\/en\/wp-json\/wp\/v2\/media\/3389"}],"wp:attachment":[{"href":"https:\/\/www.khoihuy.com\/en\/wp-json\/wp\/v2\/media?parent=3388"}],"wp:term":[{"taxonomy":"pwb-brand","embeddable":true,"href":"https:\/\/www.khoihuy.com\/en\/wp-json\/wp\/v2\/pwb-brand?post=3388"},{"taxonomy":"product_cat","embeddable":true,"href":"https:\/\/www.khoihuy.com\/en\/wp-json\/wp\/v2\/product_cat?post=3388"},{"taxonomy":"product_tag","embeddable":true,"href":"https:\/\/www.khoihuy.com\/en\/wp-json\/wp\/v2\/product_tag?post=3388"}],"curies":[{"name":"wp","href":"https:\/\/api.w.org\/{rel}","templated":true}]}}