{"id":3382,"date":"2024-12-07T09:06:22","date_gmt":"2024-12-07T02:06:22","guid":{"rendered":"https:\/\/khoihuy.com\/?post_type=product&#038;p=3382"},"modified":"2024-12-07T09:06:23","modified_gmt":"2024-12-07T02:06:23","slug":"tu-thu-nghiem-lao-hoa-bang-tia-uv-bgd855-va-bgd856","status":"publish","type":"product","link":"https:\/\/www.khoihuy.com\/en\/product\/tu-thu-nghiem-lao-hoa-bang-tia-uv-bgd855-va-bgd856\/","title":{"rendered":"T\u1ee6 TH\u1eec NGHI\u1ec6M L\u00c3O H\u00d3A B\u1eb0NG TIA UV- BGD855 V\u00c0 BGD856"},"content":{"rendered":"<p>Model:\u00a0<strong><b>BGD855<\/b><\/strong>\u00a0(kh\u00f4ng ki\u1ec3m so\u00e1t b\u1ee9c x\u1ea1)<\/p>\n<p>Model:\u00a0<strong><b>BGD855<\/b><\/strong>\u00a0(c\u00f3 ki\u00eam so\u00e1t b\u1ee9c x\u1ea1)<\/p>\n<p>H\u00e3ng s\u1ea3n xu\u1ea5t: Biuged &#8211; \u00a0Xu\u1ea5t x\u1ee9: Trung Qu\u1ed1c<\/p>\n<p><strong><b>Nguy\u00ean t\u1eafc ki\u1ec3m tra:<\/b><\/strong><\/p>\n<p>C\u00e1c tia c\u1ef1c t\u00edm c\u1ee7a \u00e1nh s\u00e1ng m\u1eb7t tr\u1eddi l\u00e0 t\u00e1c nh\u00e2n ch\u00ednh l\u00e0m h\u1ecfng kh\u1ea3 n\u0103ng ch\u1ed1ng ch\u1ecbu th\u1eddi ti\u1ebft c\u1ee7a h\u1ea7u h\u1ebft c\u00e1c v\u1eadt li\u1ec7u. Ch\u00fang ta s\u1eed d\u1ee5ng \u0111\u00e8n UV \u0111\u1ec3 m\u00f4 ph\u1ecfng ph\u1ea7n s\u00f3ng ng\u1eafn c\u1ee7a \u00e1nh s\u00e1ng m\u1eb7t tr\u1eddi, n\u00f3 t\u1ea1o ra \u00edt \u00e1nh s\u00e1ng nh\u00ecn th\u1ea5y \u0111\u01b0\u1ee3c v\u00e0 \u0111\u00e8n h\u1ed3ng ngo\u1ea1i. Theo c\u00e1c y\u00eau c\u1ea7u th\u1eed nghi\u1ec7m kh\u00e1c nhau, ch\u00fang ta ch\u1ecdn \u0111\u00e8n UV c\u00f3 b\u01b0\u1edbc s\u00f3ng kh\u00e1c nhau, \u0111i\u1ec1u n\u00e0y l\u00e0 do m\u1ed7i lo\u1ea1i \u0111\u00e8n UV t\u1ea1o ra n\u0103ng l\u01b0\u1ee3ng b\u1ee9c x\u1ea1 v\u00e0 b\u01b0\u1edbc s\u00f3ng kh\u00e1c nhau. N\u00f3i chung, \u0111\u00e8n UV c\u00f3 th\u1ec3 \u0111\u01b0\u1ee3c chia th\u00e0nh UVA v\u00e0 UVB.<\/p>\n<p>C\u00e1c lo\u1ea1i \u0111\u00e8n UV hu\u1ef3nh quang kh\u00e1c nhau \u0111\u01b0\u1ee3c s\u1eed d\u1ee5ng trong c\u00e1c l\u0129nh v\u1ef1c kh\u00e1c nhau, v\u00ed d\u1ee5:<\/p>\n<ul>\n<li>\u0110\u00e8n UVA-340: \u0110\u00e8n UVA-340 c\u00f3 th\u1ec3 m\u00f4 ph\u1ecfng cao tia c\u1ef1c t\u00edm s\u00f3ng ng\u1eafn c\u1ee7a \u00e1nh s\u00e1ng m\u1eb7t tr\u1eddi, d\u1ea3i b\u01b0\u1edbc s\u00f3ng t\u1eeb 365 nm \u0111\u1ebfn 295 nm.<\/li>\n<li>\u0110\u00e8n UVA 351:\u00a0 M\u00f4 ph\u1ecfng \u00e1nh s\u00e1ng m\u1eb7t tr\u1eddi UV xuy\u00ean qua c\u1eeda s\u1ed5. N\u00f3 l\u00e0 tuy\u1ec7t v\u1eddi \u0111\u1ec3 th\u1eed nghi\u1ec7m qu\u00e1 tr\u00ecnh l\u00e3o h\u00f3a v\u1eadt li\u1ec7u trong nh\u00e0.<\/li>\n<li>\u0110\u00e8n UVB 313: \u0110\u00e8n UVB-313 ph\u00e1t ra tia c\u1ef1c t\u00edm s\u00f3ng ng\u1eafn m\u1ea1nh h\u01a1n so v\u1edbi\u00a0 tia c\u1ef1c t\u00edm tr\u00ean Tr\u00e1i \u0111\u1ea5t, do \u0111\u00f3 c\u00f3 th\u1ec3 \u0111\u1ea9y nhanh qu\u00e1 tr\u00ecnh l\u00e3o h\u00f3a v\u1eadt ch\u1ea5t. Tuy nhi\u00ean, \u0111\u00e8n n\u00e0y c\u00f3 th\u1ec3 g\u00e2y ra m\u1ed9t s\u1ed1 h\u01b0 h\u1ecfng v\u1eadt ch\u1ea5t kh\u00f4ng th\u1ef1c t\u1ebf. N\u00f3 ch\u1ee7 y\u1ebfu \u0111\u01b0\u1ee3c s\u1eed d\u1ee5ng trong ki\u1ec3m so\u00e1t ch\u1ea5t l\u01b0\u1ee3ng, nghi\u00ean c\u1ee9u v\u00e0 ph\u00e1t tri\u1ec3n, v\u00e0 th\u1eed nghi\u1ec7m c\u00e1c v\u1eadt li\u1ec7u c\u00f3 kh\u1ea3 n\u0103ng ch\u1ed1ng ch\u1ecbu th\u1eddi ti\u1ebft kh\u1eafc nghi\u1ec7t.<\/li>\n<\/ul>\n<p>T\u1ee7 th\u1eed nghi\u1ec7m l\u00e3o h\u00f3a t\u0103ng t\u1ed1c b\u1eb1ng \u00e1nh s\u00e1ng tia c\u1ef1c t\u00edm BGD 855 &amp; 856 ( sau \u0111\u00e2y g\u1ecdi l\u00e0 BUV ) s\u1eed d\u1ee5ng \u0111\u00e8n UV hu\u1ef3nh quang l\u00e0m ngu\u1ed3n s\u00e1ng. Nhi\u1ec7t \u0111\u1ed9 v\u00e0 \u0111\u1ed9 \u1ea9m b\u00ean trong c\u1ee7a n\u00f3 c\u00f3 th\u1ec3 \u0111\u01b0\u1ee3c ki\u1ec3m so\u00e1t ph\u00f9 h\u1ee3p \u0111\u1ec3 thu \u0111\u01b0\u1ee3c s\u1ef1 ng\u01b0ng t\u1ee5 \u0111\u1ecbnh k\u1ef3 tr\u00ean m\u1eabu \u0111\u1ec3 \u0111\u00e1nh gi\u00e1 \u0111\u1ea7y \u0111\u1ee7 y\u1ebfu t\u1ed1 h\u01b0 h\u1ecfng do \u00e1nh s\u00e1ng m\u1eb7t tr\u1eddi, \u0111\u1ed9 \u1ea9m v\u00e0 nhi\u1ec7t \u0111\u1ed9 (hi\u1ec7n t\u01b0\u1ee3ng l\u00e3o h\u00f3a v\u1eadt li\u1ec7u bao g\u1ed3m phai m\u00e0u, bi\u1ebfn d\u1ea1ng, gi\u1ea3m c\u01b0\u1eddng \u0111\u1ed9, n\u1ee9t, bong tr\u00f3c, ph\u1ea5n h\u00f3a v\u00e0 oxy h\u00f3a).<\/p>\n<p>\u0110\u00e8n UV hu\u1ef3nh quang c\u00f3 th\u1ec3 m\u00f4 ph\u1ecfng t\u00e1c \u0111\u1ed9ng c\u1ee7a \u00e1nh n\u1eafng m\u1eb7t tr\u1eddi, trong khi h\u1ec7 th\u1ed1ng phun n\u01b0\u1edbc v\u00e0 ng\u01b0ng t\u1ee5 c\u00f3 th\u1ec3 m\u00f4 ph\u1ecfng t\u00e1c \u0111\u1ed9ng c\u1ee7a m\u01b0a v\u00e0 s\u01b0\u01a1ng. Trong qu\u00e1 tr\u00ecnh th\u1eed nghi\u1ec7m, n\u0103ng l\u01b0\u1ee3ng b\u1ee9c x\u1ea1 v\u00e0 nhi\u1ec7t \u0111\u1ed9 c\u00f3 th\u1ec3 ki\u1ec3m so\u00e1t \u0111\u01b0\u1ee3c. M\u1ed9t chu k\u1ef3 th\u1eed nghi\u1ec7m \u0111i\u1ec3n h\u00ecnh th\u01b0\u1eddng \u0111\u01b0\u1ee3c th\u1ef1c hi\u1ec7n d\u01b0\u1edbi s\u1ef1 chi\u1ebfu x\u1ea1 m\u1ea1nh c\u1ee7a tia UV ho\u1eb7c trong kho\u1ea3ng th\u1eddi gian ng\u01b0ng t\u1ee5 \u1ea9m v\u00e0 t\u1ed1i v\u1edbi \u0111\u1ed9 \u1ea9m t\u01b0\u01a1ng \u0111\u1ed1i 100%. C\u00e1c ph\u00e9p th\u1eed n\u00e0y th\u01b0\u1eddng \u0111\u01b0\u1ee3c \u00e1p d\u1ee5ng trong c\u00e1c l\u0129nh v\u1ef1c s\u01a1n v\u00e0 ch\u1ea5t ph\u1ee7, c\u00f4ng nghi\u1ec7p \u00f4 t\u00f4, nh\u1ef1a, g\u1ed7, keo, v.v\u2026<\/p>\n<p><strong><b>Th\u00f4ng s\u1ed1 k\u1ef9 thu\u1eadt:<\/b><\/strong><\/p>\n<ul>\n<li>Ngu\u1ed3n s\u00e1ng: UV-A (b\u01b0\u1edbc s\u00f3ng 340 nm) ho\u1eb7c UV-B (b\u01b0\u1edbc s\u00f3ng 313 nm) ; 40W\u00d78 chi\u1ebfc (Th\u1eddi gian s\u1eed d\u1ee5ng th\u00f4ng th\u01b0\u1eddng l\u00e0 6.000 gi\u1edd)<\/li>\n<li>Ph\u1ea1m vi b\u1ee9c x\u1ea1 : 0,3 W\/m 2~\u00a0 1,55 W\/m 2<\/li>\n<li>Ph\u1ea1m vi nhi\u1ec7t \u0111\u1ed9\uff1aNhi\u1ec7t \u0111\u1ed9 b\u1ea3ng \u0111en \uff08BPT \uff09\uff1aRT+10 \u2103~ 80 \u2103<\/li>\n<li>N\u1ed9i th\u1ea5t t\u1ee7\uff1aCh\u1ea5t li\u1ec7u Inox -SUS 304<\/li>\n<li>V\u1ecf ngo\u00e0i t\u1ee7\uff1aInox SUS 304 s\u01a1n t\u0129nh \u0111i\u1ec7n<\/li>\n<li>Di\u1ec7n t\u00edch c\u00e1ch nhi\u1ec7t\uff1a5,175cm 2 \/828in 2<\/li>\n<li>Dung l\u01b0\u1ee3ng m\u1eabu\uff1a48 m\u1eabu ti\u00eau chu\u1ea9n ( m\u1eabu ti\u00eau chu\u1ea9n 75mm\u00d7150mm ) ho\u1eb7c 15 m\u1eabu 100mm\u00d7300mm<\/li>\n<li>Ph\u1ea1m vi \u0111i\u1ec1u ch\u1ec9nh c\u1ea5p n\u01b0\u1edbc : 0-4LPM<\/li>\n<li>L\u01b0\u1ee3ng n\u01b0\u1edbc ti\u00eau th\u1ee5\uff1a7L\/ng\u00e0y \uff08ng\u01b0ng t\u1ee5 \uff09, 3 L\/ph\u00fat \uff08phun \uff09<\/li>\n<li>K\u00edch th\u01b0\u1edbc t\u1ed5ng th\u1ec3\uff1a360mm\u00d7560mm\u00d71.290mm \uff08L\u00d7W\u00d7H \uff09<\/li>\n<li>Tr\u1ecdng l\u01b0\u1ee3ng t\u1ecbnh \uff1a161kg<\/li>\n<li>T\u1ed5ng c\u1ed9ng T\u1ed1i \u0111a. C\u00f4ng su\u1ea5t\uff1a2kW<\/li>\n<li>C\u00f4ng su\u1ea5t\uff1a220VAC\u00b110% \/ 50HZ \uff086 0 HZ l\u00e0 t\u00f9y ch\u1ec9nh \uff09; 10A (D\u00f2ng \u0111i\u1ec7n t\u1ed1i \u0111a)<\/li>\n<\/ul>\n<p><strong><b>Th\u00f4ng tin \u0111\u1eb7t h\u00e0ng <\/b><\/strong><strong><b>\uff1a<\/b><\/strong><\/p>\n<p>BGD 855&#8212;T\u1ee7 th\u1eddi ti\u1ebft t\u0103ng t\u1ed1c b\u1eb1ng tia c\u1ef1c t\u00edm c\u01a1 b\u1ea3n\u00a0 \uff08Kh\u00f4ng ki\u1ec3m so\u00e1t b\u1ee9c x\u1ea1 \uff09<\/p>\n<p>BGD 856 &#8212; T\u1ee7 th\u1eddi ti\u1ebft t\u0103ng t\u1ed1c b\u1eb1ng tia c\u1ef1c t\u00edm<\/p>\n<p><img loading=\"lazy\" decoding=\"async\" class=\"alignnone size-full wp-image-3384\" src=\"https:\/\/khoihuy.com\/wp-content\/uploads\/2024\/12\/z6023797367816_b2ac5e70827c2a87c98f0b3abbd54eb8.jpg\" alt=\"\" width=\"592\" height=\"473\" srcset=\"https:\/\/www.khoihuy.com\/wp-content\/uploads\/2024\/12\/z6023797367816_b2ac5e70827c2a87c98f0b3abbd54eb8.jpg 592w, https:\/\/www.khoihuy.com\/wp-content\/uploads\/2024\/12\/z6023797367816_b2ac5e70827c2a87c98f0b3abbd54eb8-15x12.jpg 15w\" sizes=\"auto, (max-width: 592px) 100vw, 592px\" \/><\/p>\n<p><strong><b>Ti\u00eau chu\u1ea9n test tham kh\u1ea3o:<\/b><\/strong><\/p>\n<ul>\n<li>ISO 16474-1 \u300aPaints and varnishes &#8212; Methods of exposure to laboratory light sources &#8212; Part 1: General guidance\u300b<\/li>\n<li>ISO 16474-3 \u300aPaints and varnishes \u2014 Methods of exposure to laboratory light sources \u2014 Part 3: Fluorescent UV lamps\u300b<\/li>\n<li>ISO 11507\u300aPaints and varnished&#8211;Exposure of coatings to artificial weathering- Exposure to fluorescent UV lamps and water\u300b<\/li>\n<li>ISO 4892-1\u300aPlastics-Methods of exposure to laboratory light sources-Part 1: General Guidance\u300b<\/li>\n<li>ISO 4892-3\u300aMethods of exposure to laboratory light sources-Part 3: Fluorescent UV lamps\u300b<\/li>\n<li>ASTM D 4587\u300aStandard Practice for Fluorescent UV-Condensation Exposures of Paint and Related Coatings\u300b<\/li>\n<li>ASTM D 4329\u300aStandard Practice S for Fluorescent UV Exposure of Plastic\u300b<\/li>\n<li>ASTM G-151\u300aStandard Practice for Exposing Nonmetallic Materials in Accelerated Test Devices that use laboratory light sources\u300b<\/li>\n<li>ASTM G-154\u300aStandard Practice for Operating Fluorescent Light Apparatus for UV Exposure of Non-Metallic Materials\u300b<\/li>\n<li>BS 2782:Part5,\u00a0\u300aMethod 540B (Methods of Exposure to Lab Light Sources)\u00a0\u300b<\/li>\n<li>SAE J2020\u300aAccelerated Exposure of Automotive Exterior Malts Using a Fluorescent UV\/Condensation Apparatus\u300b<\/li>\n<li>JIS D 0205\u300aTest Method of Weather-ability for Automotive Parts\u300b<\/li>\n<\/ul>","protected":false},"excerpt":{"rendered":"<p>Model:\u00a0<strong><b>BGD855<\/b><\/strong>\u00a0(kh\u00f4ng ki\u1ec3m so\u00e1t b\u1ee9c x\u1ea1)<\/p>\n<p>Model:\u00a0<strong><b>BGD855<\/b><\/strong>\u00a0(c\u00f3 ki\u00eam so\u00e1t b\u1ee9c x\u1ea1)<\/p>\n<p>H\u00e3ng s\u1ea3n xu\u1ea5t: Biuged &#8211; \u00a0Xu\u1ea5t x\u1ee9: Trung Qu\u1ed1c<\/p>","protected":false},"featured_media":3383,"comment_status":"open","ping_status":"closed","template":"","meta":[],"pwb-brand":[264],"product_cat":[368,253,248],"product_tag":[],"class_list":{"0":"post-3382","1":"product","2":"type-product","3":"status-publish","4":"has-post-thumbnail","6":"pwb-brand-biuged","7":"product_cat-may-test-do-ben-thoi-tiet-uv-tester","8":"product_cat-thiet-bi-co-ban","9":"product_cat-thiet-bi-nganh-son","10":"pa_hang-biuged","11":"pa_xuat-xu-trung-quoc","13":"first","14":"instock","15":"shipping-taxable","16":"product-type-simple"},"brands":[{"id":264,"name":"Biuged","slug":"biuged"}],"_links":{"self":[{"href":"https:\/\/www.khoihuy.com\/en\/wp-json\/wp\/v2\/product\/3382","targetHints":{"allow":["GET"]}}],"collection":[{"href":"https:\/\/www.khoihuy.com\/en\/wp-json\/wp\/v2\/product"}],"about":[{"href":"https:\/\/www.khoihuy.com\/en\/wp-json\/wp\/v2\/types\/product"}],"replies":[{"embeddable":true,"href":"https:\/\/www.khoihuy.com\/en\/wp-json\/wp\/v2\/comments?post=3382"}],"wp:featuredmedia":[{"embeddable":true,"href":"https:\/\/www.khoihuy.com\/en\/wp-json\/wp\/v2\/media\/3383"}],"wp:attachment":[{"href":"https:\/\/www.khoihuy.com\/en\/wp-json\/wp\/v2\/media?parent=3382"}],"wp:term":[{"taxonomy":"pwb-brand","embeddable":true,"href":"https:\/\/www.khoihuy.com\/en\/wp-json\/wp\/v2\/pwb-brand?post=3382"},{"taxonomy":"product_cat","embeddable":true,"href":"https:\/\/www.khoihuy.com\/en\/wp-json\/wp\/v2\/product_cat?post=3382"},{"taxonomy":"product_tag","embeddable":true,"href":"https:\/\/www.khoihuy.com\/en\/wp-json\/wp\/v2\/product_tag?post=3382"}],"curies":[{"name":"wp","href":"https:\/\/api.w.org\/{rel}","templated":true}]}}