{"id":3379,"date":"2024-12-07T09:04:08","date_gmt":"2024-12-07T02:04:08","guid":{"rendered":"https:\/\/khoihuy.com\/?post_type=product&#038;p=3379"},"modified":"2024-12-07T09:04:08","modified_gmt":"2024-12-07T02:04:08","slug":"may-do-do-cung-but-chi-model-bgd505","status":"publish","type":"product","link":"https:\/\/www.khoihuy.com\/en\/product\/may-do-do-cung-but-chi-model-bgd505\/","title":{"rendered":"M\u00c1Y \u0110O \u0110\u1ed8 C\u1ee8NG B\u00daT CH\u00cc. MODEL BGD505"},"content":{"rendered":"<p><strong><b>Gi\u1edbi thi\u1ec7u:<\/b><\/strong><\/p>\n<p>M\u00e1y \u0111o \u0111\u1ed9 c\u1ee9ng b\u00fat ch\u00ec c\u00f3 th\u1ec3 \u0111i\u1ec1u ch\u1ec9nh BGD 505 \u0111\u01b0\u1ee3c thi\u1ebft k\u1ebf theo ti\u00eau chu\u1ea9n ASTM D 3363, ISO 15184.<\/p>\n<p>Ng\u01b0\u1eddi v\u1eadn h\u00e0nh c\u00f3 th\u1ec3 thu \u0111\u01b0\u1ee3c ba l\u1ef1c kh\u00e1c nhau c\u1ee7a \u0111\u1ea7u b\u00fat ch\u00ec( 500g, 750g v\u00e0 1000g )b\u1eb1ng c\u00e1chc\u00e1c tr\u1ecdng l\u01b0\u1ee3ng t\u1ea3i kh\u00e1c nhau .<\/p>\n<p><strong><b>Th\u00f4ng s\u1ed1 k\u1ef9 thu\u1eadt:<\/b><\/strong><\/p>\n<ul>\n<li>Ba \u0111i\u1ec3m \u0111\u01b0\u1ee3c ch\u1ea1m v\u00e0o tr\u00ean b\u1ec1 m\u1eb7t \u0111\u01b0\u1ee3c ki\u1ec3m tra(con l\u0103n, l\u00f5i b\u00fat ch\u00ec)<\/li>\n<li>G\u00f3c gi\u1eefa b\u00fat ch\u00ec v\u00e0 b\u1ec1 m\u1eb7t \u0111\u01b0\u1ee3c ki\u1ec3m tra l\u00e0 45\u00ba<\/li>\n<li>L\u1ef1c c\u1ee7a \u0111\u1ea7u b\u00fat ch\u00ec \uff1a500g \/ 750g\/1000g<\/li>\n<\/ul>\n<p><strong><b>Th\u00f4ng tin \u0111\u1eb7t h\u00e0ng <\/b><\/strong><strong><b>\uff1a<\/b><\/strong><\/p>\n<p>BGD 505&#8212; M\u00e1y \u0111o \u0111\u1ed9 c\u1ee9ng b\u00fat ch\u00ec c\u00f3 th\u1ec3 \u0111i\u1ec1u ch\u1ec9nh<\/p>\n<p>UNI&#8212;A set Mitsubishi Pencil \uff0817 c\u00e1i\/b\u1ed9 \uff096B-5B-4B-3B-2B-B-HB-FH-2H-3H-4H-5H-6H-7H-8H-9H<\/p>","protected":false},"excerpt":{"rendered":"<p>M\u00e1y \u0111o \u0111\u1ed9 c\u1ee9ng b\u00fat ch\u00ec c\u00f3 th\u1ec3 \u0111i\u1ec1u ch\u1ec9nh BGD 505 \u0111\u01b0\u1ee3c thi\u1ebft k\u1ebf theo ti\u00eau chu\u1ea9n ASTM D 3363, ISO 15184.<\/p>\n<p>Ng\u01b0\u1eddi v\u1eadn h\u00e0nh c\u00f3 th\u1ec3 thu \u0111\u01b0\u1ee3c ba l\u1ef1c kh\u00e1c nhau c\u1ee7a \u0111\u1ea7u b\u00fat ch\u00ec( 500g, 750g v\u00e0 1000g )b\u1eb1ng c\u00e1chc\u00e1c tr\u1ecdng l\u01b0\u1ee3ng t\u1ea3i kh\u00e1c nhau .<\/p>","protected":false},"featured_media":3381,"comment_status":"open","ping_status":"closed","template":"","meta":[],"pwb-brand":[264],"product_cat":[367,253,248],"product_tag":[],"class_list":{"0":"post-3379","1":"product","2":"type-product","3":"status-publish","4":"has-post-thumbnail","6":"pwb-brand-biuged","7":"product_cat-thiet-bi-do-do-cung-but-chi-hardness-pencil","8":"product_cat-thiet-bi-co-ban","9":"product_cat-thiet-bi-nganh-son","10":"pa_hang-biuged","11":"pa_xuat-xu-trung-quoc","13":"first","14":"instock","15":"shipping-taxable","16":"product-type-simple"},"brands":[{"id":264,"name":"Biuged","slug":"biuged"}],"_links":{"self":[{"href":"https:\/\/www.khoihuy.com\/en\/wp-json\/wp\/v2\/product\/3379","targetHints":{"allow":["GET"]}}],"collection":[{"href":"https:\/\/www.khoihuy.com\/en\/wp-json\/wp\/v2\/product"}],"about":[{"href":"https:\/\/www.khoihuy.com\/en\/wp-json\/wp\/v2\/types\/product"}],"replies":[{"embeddable":true,"href":"https:\/\/www.khoihuy.com\/en\/wp-json\/wp\/v2\/comments?post=3379"}],"wp:featuredmedia":[{"embeddable":true,"href":"https:\/\/www.khoihuy.com\/en\/wp-json\/wp\/v2\/media\/3381"}],"wp:attachment":[{"href":"https:\/\/www.khoihuy.com\/en\/wp-json\/wp\/v2\/media?parent=3379"}],"wp:term":[{"taxonomy":"pwb-brand","embeddable":true,"href":"https:\/\/www.khoihuy.com\/en\/wp-json\/wp\/v2\/pwb-brand?post=3379"},{"taxonomy":"product_cat","embeddable":true,"href":"https:\/\/www.khoihuy.com\/en\/wp-json\/wp\/v2\/product_cat?post=3379"},{"taxonomy":"product_tag","embeddable":true,"href":"https:\/\/www.khoihuy.com\/en\/wp-json\/wp\/v2\/product_tag?post=3379"}],"curies":[{"name":"wp","href":"https:\/\/api.w.org\/{rel}","templated":true}]}}