{"id":3360,"date":"2024-12-07T08:37:29","date_gmt":"2024-12-07T01:37:29","guid":{"rendered":"https:\/\/khoihuy.com\/?post_type=product&#038;p=3360"},"modified":"2024-12-07T08:40:10","modified_gmt":"2024-12-07T01:40:10","slug":"4-coc-do-do-nhot-iwata-nk-2-ly-do-giay-anest-iwata-nk-2","status":"publish","type":"product","link":"https:\/\/www.khoihuy.com\/en\/product\/4-coc-do-do-nhot-iwata-nk-2-ly-do-giay-anest-iwata-nk-2\/","title":{"rendered":"4.C\u1ed1c \u0111o \u0111\u1ed9 nh\u1edbt Iwata NK-2 Ly \u0111o gi\u00e2y Anest Iwata NK-2"},"content":{"rendered":"<p>H\u00e0ng ch\u00ednh h\u00e3ng \u0111\u01b0\u1ee3c c\u00f4ng ty TNHH Anest Iwata Vi\u1ec7t Nam nh\u1eadp v\u1ec1, s\u1ea3n ph\u1ea9m c\u1ed1c \u0111o \u0111\u1ed9 nh\u1edbt NK-2 Made in China. Anest Iwata l\u00e0 t\u1eadp \u0111o\u00e0n c\u00f3 nhi\u1ec1u nh\u00e0 m\u00e1y t\u1ea1i Italy, Thailand, Japan, Taiwan, China,.. M\u1ed7i model ch\u1ec9 s\u1ea3n xu\u1ea5t t\u1ea1i m\u1ed9t qu\u1ed1c gia nh\u1ea5t \u0111\u1ecbnh.<\/p>\n<p><strong>M\u00f4 t\u1ea3:<\/strong><\/p>\n<ul>\n<li>L\u00e0m t\u1eeb v\u1eadt li\u1ec7u : \u0111\u1ed3ng thau m\u1ea1 niken b\u00ean ngo\u00e0i.<\/li>\n<li>C\u1ed1c \u0111o \u0111\u1ed9 \u0111\u1eadm \u0111\u1eb7c c\u1ee7a s\u01a1n d\u1ef1a v\u00e0o th\u1eddi gian s\u01a1n ch\u1ea3y t\u1eeb c\u1ed1c xu\u1ed1ng.<\/li>\n<li>Ng\u01b0\u1eddi Vi\u1ec7t th\u01b0\u1eddng g\u1ecdi l\u00e0 c\u1ed1c s\u1ed1 4 v\u00ec t\u00ean ti\u1ebfng Anh l\u00e0 Ford cup # 4<\/li>\n<li>H\u00e0ng fake gi\u00e1 r\u1ebb\u00a0 b\u00ean ngo\u00e0i m\u1ea1 chrome. Nh\u00ecn \u0111\u1eb9p b\u00f3ng h\u01a1n h\u00e0ng ch\u00ednh h\u00e3ng. Tuy nhi\u00ean khi d\u00f9ng v\u1eadt c\u1ee9ng c\u1ecd v\u00e0o b\u1ec1 m\u1eb7t d\u1ec5 b\u1ecb bong l\u1edbp m\u1ea1. H\u00e0ng ch\u00ednh h\u00e3ng c\u00f3 \u0111\u1ed9 b\u00f3ng k\u00e9m h\u01a1n h\u00e0ng fake, nh\u01b0ng \u0111\u1ed9 b\u1ec1n cao h\u01a1n.<\/li>\n<\/ul>","protected":false},"excerpt":{"rendered":"<p>H\u00e0ng ch\u00ednh h\u00e3ng \u0111\u01b0\u1ee3c c\u00f4ng ty TNHH Anest Iwata Vi\u1ec7t Nam nh\u1eadp v\u1ec1, s\u1ea3n ph\u1ea9m c\u1ed1c \u0111o \u0111\u1ed9 nh\u1edbt NK-2 Made in China. Anest Iwata l\u00e0 t\u1eadp \u0111o\u00e0n c\u00f3 nhi\u1ec1u nh\u00e0 m\u00e1y t\u1ea1i Italy, Thailand, Japan, Taiwan, China,.. M\u1ed7i model ch\u1ec9 s\u1ea3n xu\u1ea5t t\u1ea1i m\u1ed9t qu\u1ed1c gia nh\u1ea5t \u0111\u1ecbnh.<\/p>","protected":false},"featured_media":3362,"comment_status":"open","ping_status":"closed","template":"","meta":[],"pwb-brand":[],"product_cat":[356,253,248],"product_tag":[],"class_list":{"0":"post-3360","1":"product","2":"type-product","3":"status-publish","4":"has-post-thumbnail","6":"product_cat-thiet-bi-do-do-nhot","7":"product_cat-thiet-bi-co-ban","8":"product_cat-thiet-bi-nganh-son","10":"first","11":"instock","12":"shipping-taxable","13":"product-type-simple"},"brands":[],"_links":{"self":[{"href":"https:\/\/www.khoihuy.com\/en\/wp-json\/wp\/v2\/product\/3360","targetHints":{"allow":["GET"]}}],"collection":[{"href":"https:\/\/www.khoihuy.com\/en\/wp-json\/wp\/v2\/product"}],"about":[{"href":"https:\/\/www.khoihuy.com\/en\/wp-json\/wp\/v2\/types\/product"}],"replies":[{"embeddable":true,"href":"https:\/\/www.khoihuy.com\/en\/wp-json\/wp\/v2\/comments?post=3360"}],"wp:featuredmedia":[{"embeddable":true,"href":"https:\/\/www.khoihuy.com\/en\/wp-json\/wp\/v2\/media\/3362"}],"wp:attachment":[{"href":"https:\/\/www.khoihuy.com\/en\/wp-json\/wp\/v2\/media?parent=3360"}],"wp:term":[{"taxonomy":"pwb-brand","embeddable":true,"href":"https:\/\/www.khoihuy.com\/en\/wp-json\/wp\/v2\/pwb-brand?post=3360"},{"taxonomy":"product_cat","embeddable":true,"href":"https:\/\/www.khoihuy.com\/en\/wp-json\/wp\/v2\/product_cat?post=3360"},{"taxonomy":"product_tag","embeddable":true,"href":"https:\/\/www.khoihuy.com\/en\/wp-json\/wp\/v2\/product_tag?post=3360"}],"curies":[{"name":"wp","href":"https:\/\/api.w.org\/{rel}","templated":true}]}}