{"id":3357,"date":"2024-12-07T08:36:34","date_gmt":"2024-12-07T01:36:34","guid":{"rendered":"https:\/\/khoihuy.com\/?post_type=product&#038;p=3357"},"modified":"2024-12-07T08:37:20","modified_gmt":"2024-12-07T01:37:20","slug":"coc-do-do-nhot-zahn-cup-biuged-bgd-126","status":"publish","type":"product","link":"https:\/\/www.khoihuy.com\/en\/product\/coc-do-do-nhot-zahn-cup-biuged-bgd-126\/","title":{"rendered":"C\u1ed1c \u0111o \u0111\u1ed9 nh\u1edbt Zahn Cup (Biuged) BGD 126"},"content":{"rendered":"<p><strong>M\u00f4 t\u1ea3:<\/strong><strong>\u00a0<\/strong>\u0111o nhanh \u0111\u1ed9 nh\u1edbt c\u1ee7a ch\u1ea5t l\u1ecfng nh\u01b0 S\u01a1n, M\u1ef1c, V\u00e9c ni, Si-r\u00f4 v\u00e0 D\u1ea7u.<\/p>\n<p><strong>Ti\u00eau chu\u1ea9n:<\/strong>\u00a0ASTM D 816, ASTM D 1084 v\u00e0 ASM D 4212.<\/p>\n<p><strong>Th\u00f4ng s\u1ed1 k\u1ef9 thu\u1eadt ch\u00ednh<\/strong><\/p>\n<p>Th\u1ec3 t\u00edch c\u1ed1c\uff1a\u00a043ml\u00a0\uff5e4\u00a09ml<\/p>\n<p>Chi\u1ec1u d\u00e0i tay c\u1ea7m\uff1a\u00a040mm\u00b10.1mm<\/p>\n<p>Chi\u1ec1u cao c\u1ee7a c\u1ed1c\uff1a\u00a058mm\u00b10.1mm<br \/>\nNhi\u1ec7t \u0111\u1ed9 \u0111o l\u01b0\u1eddng\uff1a\u00a025\u00a0\u2103\u00a0\u00b1\u00a01\u00a0\u2103<\/p>\n<p>\u0110i k\u00e8m v\u1edbi gi\u1ea5y ch\u1ee9ng nh\u1eadn hi\u1ec7u chu\u1ea9n<\/p>\n<p>&nbsp;<\/p>\n<table>\n<tbody>\n<tr>\n<td><strong><b>C<\/b><\/strong><strong><b>\u1ed1c \u0111o\u00a0 \u0111\u1ed9 nh\u1edbt<\/b><\/strong><strong><b><br \/>\n<\/b><\/strong><strong><b>Zahn Cup<\/b><\/strong><\/td>\n<td width=\"100\"><strong><b>Zahn Cup 1<\/b><\/strong><strong><b><br \/>\n<\/b><\/strong><strong><b>(BGD 126\/1)<\/b><\/strong><\/td>\n<td width=\"104\"><strong><b>Zahn Cup 2<\/b><\/strong><strong><b><br \/>\n<\/b><\/strong><strong><b>(BGD 126\/2)<\/b><\/strong><\/td>\n<td><strong><b>Zahn Cup 3<\/b><\/strong><strong><b><br \/>\n<\/b><\/strong><strong><b>(BGD 126\/3)<\/b><\/strong><\/td>\n<td><strong><b>Zahn Cup 4<\/b><\/strong><strong><b><br \/>\n<\/b><\/strong><strong><b>(BGD 126\/4)<\/b><\/strong><\/td>\n<td><strong><b>Zahn Cup 5<\/b><\/strong><strong><b><br \/>\n<\/b><\/strong><strong><b>(BGD 126\/5)<\/b><\/strong><\/td>\n<\/tr>\n<tr>\n<td><strong><b>\u0110\u01b0\u1eddng k\u00ednh c\u1ed1c<\/b><\/strong><strong><b><br \/>\n<\/b><\/strong><strong><b>(cm\/inches)<\/b><\/strong><\/td>\n<td width=\"100\">1.98\/ 0.08<\/td>\n<td width=\"104\">2.74\/ 0.11<\/td>\n<td>3.76\/ 0.15<\/td>\n<td>4.27\/ 0.17<\/td>\n<td>5.28\/ 0.21<\/td>\n<\/tr>\n<tr>\n<td><strong><b>Th\u1eddi gian ch\u1ea3y (s)<\/b><\/strong><\/td>\n<td width=\"100\">33.5-80<\/td>\n<td width=\"104\">20-80<\/td>\n<td>20-75<\/td>\n<td>20-80<\/td>\n<td>20-80<\/td>\n<\/tr>\n<tr>\n<td><strong><b>\u0110\u1ed9 nh\u1edbt<\/b><\/strong><strong><b><br \/>\n<\/b><\/strong><strong><b>(Centistockes)<\/b><\/strong><\/td>\n<td width=\"100\">5-56<\/td>\n<td width=\"104\">21-231<\/td>\n<td>146-848<\/td>\n<td>222-1110<\/td>\n<td>460-1840<\/td>\n<\/tr>\n<tr>\n<td><strong><b>\u1ee8ng d\u1ee5ng<\/b><\/strong><\/td>\n<td width=\"100\">d\u1ea7u r\u1ea5t \u00edt nh\u1edbt<\/td>\n<td width=\"104\">s\u01a1n m\u00e0i, d\u1ea7u nh\u1edbt<\/td>\n<td>d\u1ea7u nh\u1edbt trung, s\u01a1n<\/td>\n<td>ch\u1ea5t l\u1ecfng\/ h\u1ed7n h\u1ee3p nh\u1edbt<\/td>\n<td>h\u1ed7n h\u1ee3p c\u00f3 \u0111\u1ed9 nh\u1edbt cao<\/td>\n<\/tr>\n<\/tbody>\n<\/table>\n<p>&nbsp;<\/p>\n<p><strong>C\u00e1ch \u0111o nh\u01b0 sau:<\/strong><\/p>\n<p>\u2013\u00a0<strong><b>B\u01b0\u1edbc 1<\/b><\/strong>: Nh\u00fang ho\u00e0n to\u00e0n c\u1ed1c v\u00e0o m\u1eabu ch\u1ea5t l\u1ecfng c\u1ea7n \u0111o \u1edf c\u00e1c v\u1ecb tr\u00ed kh\u00f4ng c\u00f3 bong b\u00f3ng ho\u1eb7c b\u1ecdt. Gi\u1eef t\u1ea7m 1-2 ph\u00fat \u0111\u1ec3 c\u1ed1c c\u00e2n b\u1eb1ng nhi\u1ec7t gi\u1eefa m\u00f4i tr\u01b0\u1eddng v\u00e0 m\u1eabu.<\/p>\n<p>\u2013\u00a0<strong><b>B\u01b0\u1edbc 2<\/b><\/strong>: \u0110\u1eb7t ng\u00f3n tr\u1ecf v\u00e0o ph\u1ea7n tay n\u1eafm v\u00e0 k\u00e9o m\u1ea1nh \u0111\u1ec3 nh\u1ea5c c\u1ed1c ra kh\u1ecfi dung d\u1ecbch \u0111o theo ph\u01b0\u01a1ng th\u1eb3ng \u0111\u1ee9ng. B\u1eaft \u0111\u1ea7u b\u1ea5m th\u1eddi gian khi m\u00e9p tr\u00ean c\u1ee7a c\u1ed1c v\u1eeba ra kh\u1ecfi b\u1ec1 m\u1eb7t m\u1eabu.<\/p>\n<p>\u2013\u00a0<strong><b>B\u01b0\u1edbc 3<\/b><\/strong>: Trong th\u1eddi gian m\u1eabu ch\u1ea3y c\u1ea7n gi\u1eef c\u1ed1c th\u1eb3ng \u0111\u1ee9ng v\u00e0 c\u00e1ch b\u1ec1 m\u1eb7t m\u1eabu \u0111o kh\u00f4ng qu\u00e1 6\u2033 (kho\u1ea3ng 15cm). B\u1ea5m d\u1eebng \u0111\u1ed3ng h\u1ed3 khi quan s\u00e1t th\u1ea5y s\u1ef1 ng\u1eaft qu\u00e3ng d\u00f2ng ch\u1ea3y \u0111\u1ea7u ti\u00ean \u1edf ph\u1ea7n \u0111\u00e1y c\u1ed1c.<\/p>\n<p>\u2013\u00a0<strong><b>B\u01b0\u1edbc 4<\/b><\/strong>\u00a0Ghi l\u1ea1i th\u1eddi gian ch\u1ea3y v\u1eeba \u0111o \u0111\u01b0\u1ee3c. Th\u1ef1c hi\u1ec7n l\u1ea1i v\u00e0i l\u1ea7n \u0111\u1ec3 l\u1ea5y k\u1ebft qu\u1ea3 trung b\u00ecnh. S\u1ef1 kh\u00e1c bi\u1ec7t gi\u1eefa 2 l\u1ea7n ki\u1ec3m tra kh\u00f4ng \u0111\u01b0\u1ee3c v\u01b0\u1ee3t qu\u00e1 5%.<\/p>\n<p>\u2013\u00a0<strong><b>B\u01b0\u1edbc 5<\/b><\/strong>: \u0110\u1ed5i sang c\u1ed1c c\u00f3 s\u1ed1 l\u1edbn h\u01a1n (\u0111\u01b0\u1eddng k\u00ednh l\u1ed7 d\u01b0\u1edbi \u0111\u00e1y c\u1ed1c l\u1edbn h\u01a1n) n\u1ebfu th\u1eddi gian ch\u1ea3y c\u1ee7a m\u1eabu th\u1eed v\u01b0\u1ee3t qu\u00e1 80 gi\u00e2y.<\/p>\n<p><strong><b>C\u00f4ng th\u1ee9c t\u00ednh \u0111\u1ed9 nh\u1edbt m\u1eabu b\u1eb1ng Zahn Cup ASTM D4212:<\/b><\/strong><\/p>\n<p><strong><b>\u00a0 \u00a0 \u00a0 \u00a0 \u00a0 \u00a0 \u00a0 \u00a0 \u00a0 \u00a0 \u00a0 \u00a0 \u00a0 \u00a0 \u00a0 \u00a0 V = K (T \u2013 C)<\/b><\/strong><\/p>\n<p>\u2013 Trong \u0111\u00f3:<\/p>\n<ul>\n<li>V: \u0111\u1ed9 nh\u1edbt \u0111\u1ed9ng h\u1ecdc (cSt)<\/li>\n<li>T: th\u1eddi gian \u0111o (s)<\/li>\n<li>K, C: h\u1eb1ng s\u1ed1<\/li>\n<\/ul>\n<p>\u2013 C\u1ee5 th\u1ec3:<\/p>\n<ul>\n<li><b><\/b><strong><b>Zahn Cup #1:\u00a0V = 1,1 (T \u2013 29)<\/b><\/strong><\/li>\n<li><b><\/b><strong><b>Zahn Cup #2:\u00a0V = 3,5 (T \u2013 14)<\/b><\/strong><\/li>\n<li><b><\/b><strong><b>Zahn Cup #3:\u00a0V = 11,7 (T \u2013 7,5)<\/b><\/strong><\/li>\n<li><b><\/b><strong><b>Zahn Cup #4:\u00a0V = 14,8 (T \u2013 5)<\/b><\/strong><\/li>\n<li><b><\/b><strong><b>Zahn Cup #5:\u00a0V = 23T<\/b><\/strong><\/li>\n<\/ul>\n<p>\u2013 \u0110\u01b0\u1eddng k\u00ednh l\u1ed7 c\u1ed1c c\u1ee7a m\u1ed7i h\u00e3ng s\u1ebd c\u00f3 m\u1ed9t ch\u00fat s\u1ef1 kh\u00e1c bi\u1ec7t. \u0110\u1ec3 l\u00e0m t\u0103ng \u0111\u1ed9 ch\u00ednh x\u00e1c c\u1ee7a ph\u00e9p \u0111o, m\u1ed7i c\u1ed1c s\u1ebd c\u00f3 1 h\u1ec7 s\u1ed1 \u0111i\u1ec1u ch\u1ec9nh. \u0110\u01b0\u1ee3c x\u00e1c \u0111\u1ecbnh b\u1eb1ng c\u00e1ch so s\u00e1nh gi\u00e1 tr\u1ecb \u0111\u1ed9 nh\u1edbt \u0111o \u0111\u01b0\u1ee3c v\u1edbi \u0111\u1ed9 nh\u1edbt ti\u00eau chu\u1ea9n.<\/p>\n<p><strong><b>M\u1ed7i c\u1ed1c Zahn c\u1ee7a Biuged c\u00f3 1 h\u1ec7 s\u1ed1 \u201cK\u201d ri\u00eang, \u0111\u01b0\u1ee3c \u0111\u00e1nh d\u1ea5u tr\u00ean th\u00e2n c\u1ed1c.<\/b><\/strong><\/p>\n<p><strong><b>\u0110\u1ed9 nh\u1edbt th\u1ef1c t\u1ebf = \u0110\u1ed9 nh\u1edbt ki\u1ec3m tra x K<\/b><\/strong><\/p>\n<p>\u2013 \u0110\u1ec3 chuy\u1ec3n \u0111\u1ed5i k\u1ebft qu\u1ea3 \u0111o \u0111\u1ed9 nh\u1edbt sang Centipose th\u00ec c\u1ea7n tham kh\u1ea3o th\u00eam ti\u00eau chu\u1ea9n ASTM D4212, D816 v\u00e0 D1084.<\/p>\n<p><strong><b>Centistokes \u00d7Specific Gravity= Centipoise<\/b><\/strong><\/p>","protected":false},"excerpt":{"rendered":"<p><strong>M\u00f4 t\u1ea3:<\/strong><strong>\u00a0<\/strong>\u0111o nhanh \u0111\u1ed9 nh\u1edbt c\u1ee7a ch\u1ea5t l\u1ecfng nh\u01b0 S\u01a1n, M\u1ef1c, V\u00e9c ni, Si-r\u00f4 v\u00e0 D\u1ea7u.<\/p>\n<p><strong>Ti\u00eau chu\u1ea9n:<\/strong>\u00a0ASTM D 816, ASTM D 1084 v\u00e0 ASM D 4212.<\/p>\n<p><strong>Th\u00f4ng s\u1ed1 k\u1ef9 thu\u1eadt ch\u00ednh<\/strong><\/p>\n<p>Th\u1ec3 t\u00edch c\u1ed1c\uff1a\u00a043ml\u00a0\uff5e4\u00a09ml<\/p>\n<p>Chi\u1ec1u d\u00e0i tay c\u1ea7m\uff1a\u00a040mm\u00b10.1mm<\/p>\n<p>Chi\u1ec1u cao c\u1ee7a c\u1ed1c\uff1a\u00a058mm\u00b10.1mm<br \/>\nNhi\u1ec7t \u0111\u1ed9 \u0111o l\u01b0\u1eddng\uff1a\u00a025\u00a0\u2103\u00a0\u00b1\u00a01\u00a0\u2103<\/p>\n<p>\u0110i k\u00e8m v\u1edbi gi\u1ea5y ch\u1ee9ng nh\u1eadn hi\u1ec7u chu\u1ea9n<\/p>","protected":false},"featured_media":3359,"comment_status":"open","ping_status":"closed","template":"","meta":[],"pwb-brand":[264],"product_cat":[356,253,248],"product_tag":[],"class_list":{"0":"post-3357","1":"product","2":"type-product","3":"status-publish","4":"has-post-thumbnail","6":"pwb-brand-biuged","7":"product_cat-thiet-bi-do-do-nhot","8":"product_cat-thiet-bi-co-ban","9":"product_cat-thiet-bi-nganh-son","10":"pa_hang-biuged","11":"pa_xuat-xu-trung-quoc","13":"first","14":"instock","15":"shipping-taxable","16":"product-type-simple"},"brands":[{"id":264,"name":"Biuged","slug":"biuged"}],"_links":{"self":[{"href":"https:\/\/www.khoihuy.com\/en\/wp-json\/wp\/v2\/product\/3357","targetHints":{"allow":["GET"]}}],"collection":[{"href":"https:\/\/www.khoihuy.com\/en\/wp-json\/wp\/v2\/product"}],"about":[{"href":"https:\/\/www.khoihuy.com\/en\/wp-json\/wp\/v2\/types\/product"}],"replies":[{"embeddable":true,"href":"https:\/\/www.khoihuy.com\/en\/wp-json\/wp\/v2\/comments?post=3357"}],"wp:featuredmedia":[{"embeddable":true,"href":"https:\/\/www.khoihuy.com\/en\/wp-json\/wp\/v2\/media\/3359"}],"wp:attachment":[{"href":"https:\/\/www.khoihuy.com\/en\/wp-json\/wp\/v2\/media?parent=3357"}],"wp:term":[{"taxonomy":"pwb-brand","embeddable":true,"href":"https:\/\/www.khoihuy.com\/en\/wp-json\/wp\/v2\/pwb-brand?post=3357"},{"taxonomy":"product_cat","embeddable":true,"href":"https:\/\/www.khoihuy.com\/en\/wp-json\/wp\/v2\/product_cat?post=3357"},{"taxonomy":"product_tag","embeddable":true,"href":"https:\/\/www.khoihuy.com\/en\/wp-json\/wp\/v2\/product_tag?post=3357"}],"curies":[{"name":"wp","href":"https:\/\/api.w.org\/{rel}","templated":true}]}}