{"id":3355,"date":"2024-12-07T08:35:38","date_gmt":"2024-12-07T01:35:38","guid":{"rendered":"https:\/\/khoihuy.com\/?post_type=product&#038;p=3355"},"modified":"2024-12-07T08:36:26","modified_gmt":"2024-12-07T01:36:26","slug":"coc-do-do-nhot-bgd-127-hang-biuged","status":"publish","type":"product","link":"https:\/\/www.khoihuy.com\/en\/product\/coc-do-do-nhot-bgd-127-hang-biuged\/","title":{"rendered":"C\u1ed1c \u0111o \u0111\u1ed9 nh\u1edbt BGD 127 h\u00e3ng Biuged"},"content":{"rendered":"<p><strong><b>Ti\u00eau chu\u1ea9n:<\/b><\/strong>\u00a0Ph\u00f9 h\u1ee3p v\u1edbi Deutsche Normen DIN 53211, \u00a0\u0111\u01b0\u1ee3c \u00e1p d\u1ee5ng cho ch\u1ea5t l\u1ecfng c\u00f3 \u0111\u1ed9 nh\u1edbt th\u1ea5p<\/p>\n<p><strong><b>Th\u00f4ng s\u1ed1 k\u1ef9 thu\u1eadt:<\/b><\/strong><\/p>\n<ul>\n<li>Th\u1ec3\u00a0 t\u00edch c\u1ed1c \uff1a100ml \u00b1 1ml<\/li>\n<li>\u0110\u01b0\u1eddng k\u00ednh l\u1ed7: 4mm \/ 6mm \u00b1 0,02mm<\/li>\n<li>Th\u00e2n \u0111\u01b0\u1ee3c l\u00e0m b\u1eb1ng nh\u00f4m anodized<\/li>\n<li>\u1ed0ng th\u00e9p kh\u00f4ng g\u1ec9, b\u00ean trong \u0111\u01b0\u1ee3c \u0111\u00e1nh b\u00f3ng<\/li>\n<\/ul>\n<p><strong>C\u00e1ch \u0111o nh\u01b0 sau:<\/strong><\/p>\n<p><strong><b>&#8211;\u00a0<\/b><\/strong><strong><u><b>B\u01b0\u1edbc 1<\/b><\/u><\/strong><strong><b>:<\/b><\/strong>\u00a0Ch\u1ecdn model c\u1ed1c c\u00f3 thang \u0111o ph\u00f9 h\u1ee3p.<\/p>\n<p><strong><b>&#8211;\u00a0<\/b><\/strong><strong><u><b>B\u01b0\u1edbc 2<\/b><\/u><\/strong><strong><b>:<\/b><\/strong>\u00a0L\u00e0m s\u1ea1ch c\u1ed1c \u0111o \u0111\u1ed9 nh\u1edbt tr\u01b0\u1edbc khi \u0111o m\u1eabu<\/p>\n<p><strong><b>&#8211;\u00a0<\/b><\/strong><strong><u><b>B\u01b0\u1edbc 3<\/b><\/u><\/strong><strong><b>:<\/b><\/strong>\u00a0\u0110i\u1ec1u ch\u1ec9nh nhi\u1ec7t \u0111\u1ed9 m\u1eabu khi \u0111o r\u01a1i v\u00e0o kho\u1ea3ng 25 \u0111\u1ed9 C.<\/p>\n<p><strong><b>&#8211;<\/b><\/strong><strong><u><b>\u00a0B\u01b0\u1edbc 4:<\/b><\/u><\/strong>\u00a0Gi\u1eef ph\u00eda d\u01b0\u1edbi l\u1ed7 c\u1ed1c v\u00e0 \u0111\u1ed5 m\u1eabu v\u00e0o \u0111\u1ea7y c\u1ed1c sao cho kh\u00f4ng c\u00f3 b\u1ecdt khi b\u00ean trong c\u1ed1c.<\/p>\n<p>N\u1ebfu ch\u1ea5t l\u1ecfng tr\u00e0n \u0111\u1ea7y qu\u00e1 mi\u1ec7ng c\u1ed1c th\u00ec ta n\u00ean s\u1eed d\u1ee5ng mi\u1ebfng g\u1ea1t ch\u1ea5t l\u1ecfng b\u1eb1ng v\u1edbi mi\u1ec7ng c\u1ed1c.<\/p>\n<p><strong><b>Ch\u00fa \u00fd:<\/b><\/strong>\u00a0Tay kh\u00f4ng \u0111\u01b0\u1ee3c ch\u1ea1m v\u00e0o ch\u1ea5t l\u1ecfng trong c\u1ed1c<\/p>\n<p><strong><b>&#8211;\u00a0<\/b><\/strong><strong><u><b>B\u01b0\u1edbc 5:<\/b><\/u><\/strong>\u00a0Th\u1ea3 tay b\u1ecbt l\u1ed7 c\u1ed1c, khi ch\u1ea5t l\u1ecfng b\u1eaft \u0111\u1ea7u ch\u1ea3y ra kh\u1ecfi c\u1ed1c th\u00ec b\u1ea5m \u0111\u1ed3ng h\u1ed3 \u0111o th\u1eddi gian.<\/p>\n<p><strong><b>&#8211;\u00a0<\/b><\/strong><strong><u><b>B\u01b0\u1edbc 6:<\/b><\/u><\/strong>\u00a0\u0110o 3 l\u1ea7n v\u00e0 l\u1ea5y gi\u00e1 tr\u1ecb trung b\u00ecnh.<\/p>\n<p><strong><b>&#8211;\u00a0<\/b><\/strong><strong><u><b>B\u01b0\u1edbc 7<\/b><\/u><\/strong><strong><b>: <\/b><\/strong>Nhanh ch\u00f3ng l\u00e0m s\u1ea1ch c\u1ed1c \u0111o \u0111\u1ed9 nh\u1edbt, \u0111\u1eb7c bi\u1ec7t l\u00e0 l\u1ed7 c\u1ed1c<\/p>\n<p><strong><b>Th\u00f4ng tin \u0111\u1eb7t h\u00e0ng:<\/b><\/strong><\/p>\n<p>BGD 127\/2&#8212;Din 2# Flow Cup\uff08Orifice Dia.\uff1a2mm\uff09<\/p>\n<p>BGD 127\/4&#8212;Din 4# Flow Cup\uff08Orifice Dia.\uff1a4mm\uff09<\/p>\n<p>BGD 127\/6&#8212;Din 6# Flow Cup\uff08Orifice Dia.\uff1a6mm\uff09<\/p>\n<p>BGD 127\/8&#8212;Din 8# Flow Cup\uff08Orifice Dia.\uff1a8mm\uff09<\/p>\n<p>BGD 127\/4P&#8212;Hand-Held Din 4# Flow Cup\uff08Orifice Dia.\uff1a4mm\uff09<\/p>\n<p>BGD 1272&#8212;Din Flow Cup Nozzles<\/p>","protected":false},"excerpt":{"rendered":"<p><strong><b>Ti\u00eau chu\u1ea9n:<\/b><\/strong>\u00a0Ph\u00f9 h\u1ee3p v\u1edbi Deutsche Normen DIN 53211, \u00a0\u0111\u01b0\u1ee3c \u00e1p d\u1ee5ng cho ch\u1ea5t l\u1ecfng c\u00f3 \u0111\u1ed9 nh\u1edbt th\u1ea5p<\/p>\n<p><strong><b>Th\u00f4ng s\u1ed1 k\u1ef9 thu\u1eadt:<\/b><\/strong><\/p>\n<ul>\n<li>Th\u1ec3\u00a0 t\u00edch c\u1ed1c \uff1a100ml \u00b1 1ml<\/li>\n<li>\u0110\u01b0\u1eddng k\u00ednh l\u1ed7: 4mm \/ 6mm \u00b1 0,02mm<\/li>\n<li>Th\u00e2n \u0111\u01b0\u1ee3c l\u00e0m b\u1eb1ng nh\u00f4m anodized<\/li>\n<li>\u1ed0ng th\u00e9p kh\u00f4ng g\u1ec9, b\u00ean trong \u0111\u01b0\u1ee3c \u0111\u00e1nh b\u00f3ng<\/li>\n<\/ul>","protected":false},"featured_media":3356,"comment_status":"open","ping_status":"closed","template":"","meta":[],"pwb-brand":[264],"product_cat":[356,253,248],"product_tag":[],"class_list":{"0":"post-3355","1":"product","2":"type-product","3":"status-publish","4":"has-post-thumbnail","6":"pwb-brand-biuged","7":"product_cat-thiet-bi-do-do-nhot","8":"product_cat-thiet-bi-co-ban","9":"product_cat-thiet-bi-nganh-son","10":"pa_hang-biuged","11":"pa_xuat-xu-trung-quoc","13":"first","14":"instock","15":"shipping-taxable","16":"product-type-simple"},"brands":[{"id":264,"name":"Biuged","slug":"biuged"}],"_links":{"self":[{"href":"https:\/\/www.khoihuy.com\/en\/wp-json\/wp\/v2\/product\/3355","targetHints":{"allow":["GET"]}}],"collection":[{"href":"https:\/\/www.khoihuy.com\/en\/wp-json\/wp\/v2\/product"}],"about":[{"href":"https:\/\/www.khoihuy.com\/en\/wp-json\/wp\/v2\/types\/product"}],"replies":[{"embeddable":true,"href":"https:\/\/www.khoihuy.com\/en\/wp-json\/wp\/v2\/comments?post=3355"}],"wp:featuredmedia":[{"embeddable":true,"href":"https:\/\/www.khoihuy.com\/en\/wp-json\/wp\/v2\/media\/3356"}],"wp:attachment":[{"href":"https:\/\/www.khoihuy.com\/en\/wp-json\/wp\/v2\/media?parent=3355"}],"wp:term":[{"taxonomy":"pwb-brand","embeddable":true,"href":"https:\/\/www.khoihuy.com\/en\/wp-json\/wp\/v2\/pwb-brand?post=3355"},{"taxonomy":"product_cat","embeddable":true,"href":"https:\/\/www.khoihuy.com\/en\/wp-json\/wp\/v2\/product_cat?post=3355"},{"taxonomy":"product_tag","embeddable":true,"href":"https:\/\/www.khoihuy.com\/en\/wp-json\/wp\/v2\/product_tag?post=3355"}],"curies":[{"name":"wp","href":"https:\/\/api.w.org\/{rel}","templated":true}]}}