{"id":3351,"date":"2024-12-07T08:32:03","date_gmt":"2024-12-07T01:32:03","guid":{"rendered":"https:\/\/khoihuy.com\/?post_type=product&#038;p=3351"},"modified":"2024-12-07T08:33:23","modified_gmt":"2024-12-07T01:33:23","slug":"may-do-do-nhot-hien-so-bgd-152","status":"publish","type":"product","link":"https:\/\/www.khoihuy.com\/en\/product\/may-do-do-nhot-hien-so-bgd-152\/","title":{"rendered":"M\u00e1y \u0111o \u0111\u1ed9 nh\u1edbt hi\u1ec7n s\u1ed1 BGD 152"},"content":{"rendered":"<p><strong><b>M\u00f4 t\u1ea3:<\/b><\/strong><\/p>\n<ul>\n<li>M\u00e1y \u0111o \u0111\u1ed9 nh\u1edbt hi\u1ec7n s\u1ed1 gi\u00e1 r\u1ebb BGD 152 c\u1ee7a h\u00e3ng Biuged l\u00e0 thi\u1ebft b\u1ecb th\u00f4ng minh \u0111\u01b0\u1ee3c d\u00f9ng \u0111\u1ec3 \u0111o \u0111\u1ed9 nh\u1edbt c\u1ee7a ch\u1ea5t l\u1ecfng.<\/li>\n<li>M\u00e1y \u0111o \u0111\u1ed9 nh\u1edbt BGD 152s\u1eed d\u1ee5ng ph\u1ea7n m\u1ec1m MS \u2013 51 \u0111\u1ec3 li\u00ean t\u1ee5c ki\u1ec3m so\u00e1t t\u1ed1c \u0111\u1ed9 quay v\u00e0 c\u00e1c th\u00f4ng s\u1ed1 kh\u00e1c gi\u00fap c\u1ea3i thi\u1ec7n \u0111\u1ed9 ch\u00ednh x\u00e1c c\u1ee7a k\u1ebft qu\u1ea3 \u0111o.<\/li>\n<li>Hi\u1ec3n th\u1ecb t\u1ed1c \u0111\u1ed9 khu\u1ea5y, lo\u1ea1i roto v\u00e0 k\u1ebft qu\u1ea3 \u0111o ra m\u00e0n h\u00ecnh gi\u00fap ng\u01b0\u1eddi d\u00f9ng d\u1ec5 theo d\u00f5i.<\/li>\n<li>M\u00e1y \u0111o \u0111\u1ed9 nh\u1edbt\u00a0BGD 152\u0111\u01b0\u1ee3c s\u1eed d\u1ee5ng r\u1ed9ng r\u00e3i trong l\u0129nh v\u1ef1c nh\u01b0: h\u00f3a d\u1ea7u, y h\u1ecdc, th\u1ef1c ph\u1ea9m, c\u00f4ng nghi\u1ec7p nh\u1eb9, d\u1ec7t c\u00f4ng nghi\u1ec7p, nghi\u00ean c\u1ee9u khoa h\u1ecdc,\u2026..<\/li>\n<\/ul>\n<p><strong><b>Th\u00f4ng s\u1ed1 k\u1ef9 thu\u1eadt<\/b><\/strong><strong><b>:<\/b><\/strong><\/p>\n<table>\n<tbody>\n<tr>\n<td width=\"226\"><strong><b>Model<\/b><\/strong><\/td>\n<td><strong><b>BGD 152\/1<\/b><\/strong><\/td>\n<td><strong><b>BGD 152\/2<\/b><\/strong><\/td>\n<\/tr>\n<tr>\n<td width=\"226\">Thang \u0111o \u0111\u1ed9 nh\u1edbt mPa.s (cP)<\/td>\n<td>10 \u2013 100000<\/td>\n<td>10 \u2013 2000000<\/td>\n<\/tr>\n<tr>\n<td width=\"226\">Sai s\u1ed1<\/td>\n<td>\u00b1 5%<\/td>\n<td>\u00b1 5%<\/td>\n<\/tr>\n<tr>\n<td width=\"226\">Rotor<\/td>\n<td>4 lo\u1ea1i<\/td>\n<td>4 lo\u1ea1i<\/td>\n<\/tr>\n<tr>\n<td width=\"226\">T\u1ed1c \u0111\u1ed9 quay (v\u00f2ng\/ph\u00fat)<\/td>\n<td>6 \/ 12 \/ 30 \/ 60<\/td>\n<td>0.3 \/ 0.6 \/ 1.5 \/ 3 \/6 \/ 12 \/ 30 \/ 60<\/td>\n<\/tr>\n<tr>\n<td width=\"226\">Ngu\u1ed3n \u0111i\u1ec7n<\/td>\n<td>220V \/ 50Hz<\/td>\n<td>220V \/ 50Hz<\/td>\n<\/tr>\n<tr>\n<td width=\"226\">Tr\u1ecdng l\u01b0\u1ee3ng m\u00e1y (kg)<\/td>\n<td>10<\/td>\n<td>10<\/td>\n<\/tr>\n<tr>\n<td width=\"226\">K\u00edch th\u01b0\u1edbc m\u00e1y (L x W x H)<\/td>\n<td>308 \u00d7 300 \u00d7 450mm<\/td>\n<td>308 \u00d7 300 \u00d7 450mm<\/td>\n<\/tr>\n<\/tbody>\n<\/table>\n<ol start=\"6\">\n<li><strong><b> Cung c\u1ea5p bao g\u1ed3m:<\/b><\/strong><\/li>\n<\/ol>\n<ul>\n<li>M\u00e1y \u0111o \u0111\u1ed9 nh\u1edbt hi\u1ec7n s\u1ed1 BGD 152.<\/li>\n<li>Ph\u1ee5 ki\u1ec7n \u0111i k\u00e8m<\/li>\n<li>H\u01b0\u1edbng d\u1eabn s\u1eed d\u1ee5ng<\/li>\n<\/ul>","protected":false},"excerpt":{"rendered":"<p><strong><b>M\u00f4 t\u1ea3:<\/b><\/strong><\/p>\n<ul>\n<li>M\u00e1y \u0111o \u0111\u1ed9 nh\u1edbt hi\u1ec7n s\u1ed1 gi\u00e1 r\u1ebb BGD 152 c\u1ee7a h\u00e3ng Biuged l\u00e0 thi\u1ebft b\u1ecb th\u00f4ng minh \u0111\u01b0\u1ee3c d\u00f9ng \u0111\u1ec3 \u0111o \u0111\u1ed9 nh\u1edbt c\u1ee7a ch\u1ea5t l\u1ecfng.<\/li>\n<li>M\u00e1y \u0111o \u0111\u1ed9 nh\u1edbt BGD 152s\u1eed d\u1ee5ng ph\u1ea7n m\u1ec1m MS \u2013 51 \u0111\u1ec3 li\u00ean t\u1ee5c ki\u1ec3m so\u00e1t t\u1ed1c \u0111\u1ed9 quay v\u00e0 c\u00e1c th\u00f4ng s\u1ed1 kh\u00e1c gi\u00fap c\u1ea3i thi\u1ec7n \u0111\u1ed9 ch\u00ednh x\u00e1c c\u1ee7a k\u1ebft qu\u1ea3 \u0111o.<\/li>\n<li>Hi\u1ec3n th\u1ecb t\u1ed1c \u0111\u1ed9 khu\u1ea5y, lo\u1ea1i roto v\u00e0 k\u1ebft qu\u1ea3 \u0111o ra m\u00e0n h\u00ecnh gi\u00fap ng\u01b0\u1eddi d\u00f9ng d\u1ec5 theo d\u00f5i.<\/li>\n<li>M\u00e1y \u0111o \u0111\u1ed9 nh\u1edbt\u00a0BGD 152\u0111\u01b0\u1ee3c s\u1eed d\u1ee5ng r\u1ed9ng r\u00e3i trong l\u0129nh v\u1ef1c nh\u01b0: h\u00f3a d\u1ea7u, y h\u1ecdc, th\u1ef1c ph\u1ea9m, c\u00f4ng nghi\u1ec7p nh\u1eb9, d\u1ec7t c\u00f4ng nghi\u1ec7p, nghi\u00ean c\u1ee9u khoa h\u1ecdc,\u2026..<\/li>\n<\/ul>","protected":false},"featured_media":3352,"comment_status":"open","ping_status":"closed","template":"","meta":[],"pwb-brand":[264],"product_cat":[356,253,248],"product_tag":[],"class_list":{"0":"post-3351","1":"product","2":"type-product","3":"status-publish","4":"has-post-thumbnail","6":"pwb-brand-biuged","7":"product_cat-thiet-bi-do-do-nhot","8":"product_cat-thiet-bi-co-ban","9":"product_cat-thiet-bi-nganh-son","10":"pa_hang-biuged","11":"pa_xuat-xu-trung-quoc","13":"first","14":"instock","15":"shipping-taxable","16":"product-type-simple"},"brands":[{"id":264,"name":"Biuged","slug":"biuged"}],"_links":{"self":[{"href":"https:\/\/www.khoihuy.com\/en\/wp-json\/wp\/v2\/product\/3351","targetHints":{"allow":["GET"]}}],"collection":[{"href":"https:\/\/www.khoihuy.com\/en\/wp-json\/wp\/v2\/product"}],"about":[{"href":"https:\/\/www.khoihuy.com\/en\/wp-json\/wp\/v2\/types\/product"}],"replies":[{"embeddable":true,"href":"https:\/\/www.khoihuy.com\/en\/wp-json\/wp\/v2\/comments?post=3351"}],"wp:featuredmedia":[{"embeddable":true,"href":"https:\/\/www.khoihuy.com\/en\/wp-json\/wp\/v2\/media\/3352"}],"wp:attachment":[{"href":"https:\/\/www.khoihuy.com\/en\/wp-json\/wp\/v2\/media?parent=3351"}],"wp:term":[{"taxonomy":"pwb-brand","embeddable":true,"href":"https:\/\/www.khoihuy.com\/en\/wp-json\/wp\/v2\/pwb-brand?post=3351"},{"taxonomy":"product_cat","embeddable":true,"href":"https:\/\/www.khoihuy.com\/en\/wp-json\/wp\/v2\/product_cat?post=3351"},{"taxonomy":"product_tag","embeddable":true,"href":"https:\/\/www.khoihuy.com\/en\/wp-json\/wp\/v2\/product_tag?post=3351"}],"curies":[{"name":"wp","href":"https:\/\/api.w.org\/{rel}","templated":true}]}}