{"id":3347,"date":"2024-12-07T08:31:41","date_gmt":"2024-12-07T01:31:41","guid":{"rendered":"https:\/\/khoihuy.com\/?post_type=product&#038;p=3347"},"modified":"2024-12-07T08:31:41","modified_gmt":"2024-12-07T01:31:41","slug":"may-do-do-nhot-son-bgd-184","status":"publish","type":"product","link":"https:\/\/www.khoihuy.com\/en\/product\/may-do-do-nhot-son-bgd-184\/","title":{"rendered":"M\u00e1y \u0111o \u0111\u1ed9 nh\u1edbt s\u01a1n BGD 184"},"content":{"rendered":"<p><strong><b>M\u00f4 t\u1ea3:<\/b><\/strong><\/p>\n<ul>\n<li>M\u00e1y \u0111o \u0111\u1ed9 nh\u1edbt BGD 184\u0111\u01b0\u1ee3c s\u1eed d\u1ee5ng \u0111\u1ec3 \u0111o \u0111\u1ed9 nh\u1edbt c\u1ee7a ch\u1ea5t l\u1ecfng theo ti\u00eau chu\u1ea9n ASTM D562.<\/li>\n<li>\u0110o \u0111\u1ed9 nh\u1edbt d\u1ef1a tr\u00ean ph\u01b0\u01a1ng ph\u00e1p Krebs truy\u1ec1n th\u1ed1ng, s\u1eed d\u1ee5ng c\u00e1nh khu\u1ea5y chuy\u1ec3n \u0111\u1ed9ng \u0111\u1ec3 x\u00e1c \u0111\u1ecbnh \u0111\u1ed9 nh\u1edbt s\u01a1n t\u1ea1i v\u00f2ng quay(rpm) li\u00ean t\u1ee5c. BGD 184 \u0111\u01b0\u1ee3c thi\u1ebft k\u1ebf cung c\u1ea5p t\u1ef1 \u0111\u1ed9ng, b\u1ed9 vi x\u1eed l\u00fd t\u1ef1 \u0111\u1ed9ng t\u00ednh to\u00e1n k\u1ebft qu\u1ea3 v\u00e0 hi\u1ec3n th\u1ecb theo y\u00eau c\u1ea7u.<\/li>\n<li>M\u00e1y \u0111o \u0111\u1ed9 nh\u1edbt \u0111\u01b0\u1ee3c s\u1eed d\u1ee5ng r\u1ed9ng r\u00e3i trong c\u00e1c ph\u00f2ng th\u00ed nghi\u1ec7m s\u01a1n, c\u00e1c nh\u00e0 m\u00e1y s\u1ea3n xu\u1ea5t s\u01a1n \u0111i k\u00e8m v\u1edbi gi\u1ea5y ch\u1ee9ng nh\u1eadn hi\u1ec7u chu\u1ea9n.<\/li>\n<\/ul>\n<h2><u>2. Th\u00f4ng s\u1ed1 k\u1ef9 thu\u1eadt:<\/u><\/h2>\n<ul>\n<li>Thang \u0111o \u0111\u1ed9 nh\u1edbt: 53 ~ 141 KU<\/li>\n<li>\u0110\u1ed9 ch\u00ednh x\u00e1c: \u00b1 1%<\/li>\n<li>\u0110\u1ed9 l\u1eb7p l\u1ea1i:\u00a0\u00b1 0.5 %<\/li>\n<li>T\u1ed1c \u0111\u1ed9 v\u00f2ng quay: 200 v\u00f2ng\/ph\u00fat<\/li>\n<li>K\u00edch th\u01b0\u1edbc c\u00e1nh khu\u1ea5y: 85 x 85 mm<\/li>\n<li>K\u00edch th\u01b0\u1edbc m\u00e1y: 210mm x 180mm x 500mm<\/li>\n<li>K\u00edch th\u01b0\u1edbc \u0111\u00f3ng g\u00f3i:\u00a0560mm \u00d7 450mm \u00d7 280mm<\/li>\n<li>Ngu\u1ed3n \u0111i\u1ec7n ho\u1ea1t \u0111\u1ed9ng: 220V\/50Hz<\/li>\n<li>Tr\u1ecdng l\u01b0\u1ee3ng: 9,2 Kg<\/li>\n<\/ul>\n<h3><u>3. Ph\u1ee5 ki\u1ec7n l\u1ef1a ch\u1ecdn:<\/u><\/h3>\n<ul>\n<li>BGD 1600\/L: D\u1ea7u chu\u1ea9n \u0111o \u0111\u1ed9 nh\u1edbt 67,2 KU<\/li>\n<li>BGD 1600\/M: D\u1ea7u chu\u1ea9n \u0111o \u0111\u1ed9 nh\u1edbt 86,3\u00a0KU<\/li>\n<li>BGD 1600\/H: D\u1ea7u chu\u1ea9n \u0111o \u0111\u1ed9 nh\u1edbt 106,6 KU<\/li>\n<li>BGD 1600\/T: D\u1ea7u chu\u1ea9n \u0111o \u0111\u1ed9 nh\u1edbt 121,5 KU<\/li>\n<\/ul>","protected":false},"excerpt":{"rendered":"<p><strong><b>M\u00f4 t\u1ea3:<\/b><\/strong><\/p>\n<ul>\n<li>M\u00e1y \u0111o \u0111\u1ed9 nh\u1edbt BGD 184\u0111\u01b0\u1ee3c s\u1eed d\u1ee5ng \u0111\u1ec3 \u0111o \u0111\u1ed9 nh\u1edbt c\u1ee7a ch\u1ea5t l\u1ecfng theo ti\u00eau chu\u1ea9n ASTM D562.<\/li>\n<li>\u0110o \u0111\u1ed9 nh\u1edbt d\u1ef1a tr\u00ean ph\u01b0\u01a1ng ph\u00e1p Krebs truy\u1ec1n th\u1ed1ng, s\u1eed d\u1ee5ng c\u00e1nh khu\u1ea5y chuy\u1ec3n \u0111\u1ed9ng \u0111\u1ec3 x\u00e1c \u0111\u1ecbnh \u0111\u1ed9 nh\u1edbt s\u01a1n t\u1ea1i v\u00f2ng quay(rpm) li\u00ean t\u1ee5c. BGD 184 \u0111\u01b0\u1ee3c thi\u1ebft k\u1ebf cung c\u1ea5p t\u1ef1 \u0111\u1ed9ng, b\u1ed9 vi x\u1eed l\u00fd t\u1ef1 \u0111\u1ed9ng t\u00ednh to\u00e1n k\u1ebft qu\u1ea3 v\u00e0 hi\u1ec3n th\u1ecb theo y\u00eau c\u1ea7u.<\/li>\n<li>M\u00e1y \u0111o \u0111\u1ed9 nh\u1edbt \u0111\u01b0\u1ee3c s\u1eed d\u1ee5ng r\u1ed9ng r\u00e3i trong c\u00e1c ph\u00f2ng th\u00ed nghi\u1ec7m s\u01a1n, c\u00e1c nh\u00e0 m\u00e1y s\u1ea3n xu\u1ea5t s\u01a1n \u0111i k\u00e8m v\u1edbi gi\u1ea5y ch\u1ee9ng nh\u1eadn hi\u1ec7u chu\u1ea9n.<\/li>\n<\/ul>","protected":false},"featured_media":3350,"comment_status":"open","ping_status":"closed","template":"","meta":[],"pwb-brand":[264],"product_cat":[356,253,248],"product_tag":[],"class_list":{"0":"post-3347","1":"product","2":"type-product","3":"status-publish","4":"has-post-thumbnail","6":"pwb-brand-biuged","7":"product_cat-thiet-bi-do-do-nhot","8":"product_cat-thiet-bi-co-ban","9":"product_cat-thiet-bi-nganh-son","10":"pa_hang-biuged","11":"pa_xuat-xu-trung-quoc","13":"first","14":"instock","15":"shipping-taxable","16":"product-type-simple"},"brands":[{"id":264,"name":"Biuged","slug":"biuged"}],"_links":{"self":[{"href":"https:\/\/www.khoihuy.com\/en\/wp-json\/wp\/v2\/product\/3347","targetHints":{"allow":["GET"]}}],"collection":[{"href":"https:\/\/www.khoihuy.com\/en\/wp-json\/wp\/v2\/product"}],"about":[{"href":"https:\/\/www.khoihuy.com\/en\/wp-json\/wp\/v2\/types\/product"}],"replies":[{"embeddable":true,"href":"https:\/\/www.khoihuy.com\/en\/wp-json\/wp\/v2\/comments?post=3347"}],"wp:featuredmedia":[{"embeddable":true,"href":"https:\/\/www.khoihuy.com\/en\/wp-json\/wp\/v2\/media\/3350"}],"wp:attachment":[{"href":"https:\/\/www.khoihuy.com\/en\/wp-json\/wp\/v2\/media?parent=3347"}],"wp:term":[{"taxonomy":"pwb-brand","embeddable":true,"href":"https:\/\/www.khoihuy.com\/en\/wp-json\/wp\/v2\/pwb-brand?post=3347"},{"taxonomy":"product_cat","embeddable":true,"href":"https:\/\/www.khoihuy.com\/en\/wp-json\/wp\/v2\/product_cat?post=3347"},{"taxonomy":"product_tag","embeddable":true,"href":"https:\/\/www.khoihuy.com\/en\/wp-json\/wp\/v2\/product_tag?post=3347"}],"curies":[{"name":"wp","href":"https:\/\/api.w.org\/{rel}","templated":true}]}}