{"id":3345,"date":"2024-12-07T08:25:39","date_gmt":"2024-12-07T01:25:39","guid":{"rendered":"https:\/\/khoihuy.com\/?post_type=product&#038;p=3345"},"modified":"2024-12-07T08:27:43","modified_gmt":"2024-12-07T01:27:43","slug":"coc-do-ty-trong-biuged-bgd-296","status":"publish","type":"product","link":"https:\/\/www.khoihuy.com\/en\/product\/coc-do-ty-trong-biuged-bgd-296\/","title":{"rendered":"C\u1ed1c \u0111o t\u1ef7 tr\u1ecdng Biuged BGD 296"},"content":{"rendered":"<p><strong><b>Ti\u00eau<\/b><\/strong><strong><b>\u00a0chu\u1ea9n:<\/b><\/strong>\u00a0DIN 53217, ISO 2811 v\u00e0 BS 3900 A19.<\/p>\n<p><strong><b>M\u1ee5c \u0111\u00edch s\u1eed d\u1ee5ng:<\/b><\/strong><\/p>\n<ul>\n<li>X\u00e1c \u0111\u1ecbnh nhanh t\u1ef7 tr\u1ecdng c\u1ee7a ch\u1ea5t l\u1ecfng (kh\u1ed1i l\u01b0\u1ee3ng c\u1ee7a ch\u1ea5t l\u1ecfng tr\u00ean m\u1ed9t \u0111\u01a1n v\u1ecb th\u1ec3 t\u00edch) t\u1ea1i m\u1ed9t nhi\u1ec7t \u0111\u1ed9 nh\u1ea5t \u0111\u1ecbn<\/li>\n<li>Th\u1eed nghi\u1ec7m \u0111\u01b0\u1ee3c th\u1ef1c hi\u1ec7n theo ti\u00eau chu\u1ea9n ISO \u1edf nhi\u1ec7t \u0111\u1ed9 l\u00e0: 23 \u00b1 2 \u2103.<\/li>\n<li>C\u1ed1c \u0111o t\u1ef7 tr\u1ecdng s\u01a1n c\u00f3 h\u00ecnh tr\u1ee5 v\u1edbi n\u1eafp \u0111\u1eady c\u00f3 m\u1ed9t l\u1ed7 \u0111\u1ec3 x\u1ea3 ch\u1ea5t l\u1ecfng d\u01b0 th\u1eeba v\u00e0 b\u1ecdt kh\u00ed sau khi \u0111\u1eady n\u1eafp gi\u00fap ph\u00e9p \u0111o \u0111\u01b0\u1ee3c ch\u00ednh x\u00e1c h\u01a1n.<\/li>\n<\/ul>\n<p><strong><b>Th\u00f4ng s\u1ed1<\/b><\/strong><strong><b>:<\/b><\/strong><\/p>\n<ul>\n<li>V\u1eadt li\u1ec7u: l\u00e0mb\u1eb1ng th\u00e9p kh\u00f4ng g\u1ec9 ho\u1eb7c nh\u00f4m an\u1ed1t gi\u00fap x\u00e1c \u0111\u1ecbnh ch\u00ednh x\u00e1c t\u1ef7 tr\u1ecdng c\u1ee7a s\u01a1n, m\u1ef1c in v\u00e0 m\u1ed9t s\u1ed1 ch\u1ea5t l\u1ecfng kh\u00e1c v\u1edbi dung sai 0,1%.<\/li>\n<\/ul>\n<table>\n<tbody>\n<tr>\n<td width=\"188\">Model<\/td>\n<td width=\"198\">Th\u1ec3 t\u00edch<\/td>\n<td width=\"202\">Ch\u1ea5t li\u1ec7u<\/td>\n<\/tr>\n<tr>\n<td width=\"188\">BGD 296\/1<\/td>\n<td width=\"198\">37 cc\/ml<\/td>\n<td width=\"202\">Th\u00e9p kh\u00f4ng r\u1ec9<\/td>\n<\/tr>\n<tr>\n<td width=\"188\">BGD 296\/2<\/td>\n<td width=\"198\">50 cc\/ml<\/td>\n<td width=\"202\">Nh\u00f4m<\/td>\n<\/tr>\n<tr>\n<td width=\"188\">BGD 296\/3<\/td>\n<td width=\"198\">50 cc\/ml<\/td>\n<td width=\"202\">Th\u00e9p kh\u00f4ng r\u1ec9<\/td>\n<\/tr>\n<tr>\n<td width=\"188\">BGD 296\/4<\/td>\n<td width=\"198\">100 cc\/ml<\/td>\n<td width=\"202\">Nh\u00f4m<\/td>\n<\/tr>\n<tr>\n<td width=\"188\">BGD 296\/5<\/td>\n<td width=\"198\">100 cc\/ml<\/td>\n<td width=\"202\">Th\u00e9p kh\u00f4ng r\u1ec9<\/td>\n<\/tr>\n<\/tbody>\n<\/table>\n<p><strong><b>H\u01b0\u1edbng s\u1eed d\u1ee5ng \u0111o t\u1ef7 tr\u1ecdng:<\/b><\/strong><\/p>\n<ul>\n<li>L\u00e0m s\u1ea1ch c\u1ed1c \u0111o t\u1ef7 tr\u1ecdng v\u00e0 c\u00e2n kh\u1ed1i l\u01b0\u1ee3ng c\u1ee7a c\u1ed1c ban \u0111\u1ea7u.<\/li>\n<li>S\u1eed d\u1ee5ng m\u1eabu ch\u1ea5t l\u1ecfng th\u1eed nghi\u1ec7m t\u1ea1i nhi\u1ec7t \u0111\u1ed9 20 \u2103\u00b1 0.5 \u2103\u00a0(68 \u00b0 F \u00b1 1.0 \u00b0 F)<\/li>\n<li>\u0110\u1ed5 \u0111\u1ea7y m\u1eabu v\u00e0o\u00a0c\u1ed1c \u0111o t\u1ef7 tr\u1ecdng\u00a0r\u1ed3i \u0111\u1eady n\u1eafp.<\/li>\n<li>Ch\u1ea5t l\u1ecfng v\u00e0 b\u1ecdt kh\u00ed d\u01b0 th\u1eeba \u00e9p ra l\u1ed7 tr\u00ean n\u1eafp c\u1ed1c.<\/li>\n<li>Lau s\u1ea1ch ph\u1ea7n s\u01a1n d\u01b0 th\u1eeba r\u1ed3i \u0111em c\u1ed1c \u0111i c\u00e2n<\/li>\n<li>\u00c1p d\u1ee5ng c\u00f4ng th\u1ee9c \u0111\u1ec3 t\u00ednh ra t\u1ef7 tr\u1ecdng c\u1ee7a m\u1eabu<\/li>\n<\/ul>","protected":false},"excerpt":{"rendered":"<p><strong><b>Ti\u00eau<\/b><\/strong><strong><b>\u00a0chu\u1ea9n:<\/b><\/strong>\u00a0DIN 53217, ISO 2811 v\u00e0 BS 3900 A19.<\/p>\n<p><strong><b>M\u1ee5c \u0111\u00edch s\u1eed d\u1ee5ng:<\/b><\/strong><\/p>\n<ul>\n<li>X\u00e1c \u0111\u1ecbnh nhanh t\u1ef7 tr\u1ecdng c\u1ee7a ch\u1ea5t l\u1ecfng (kh\u1ed1i l\u01b0\u1ee3ng c\u1ee7a ch\u1ea5t l\u1ecfng tr\u00ean m\u1ed9t \u0111\u01a1n v\u1ecb th\u1ec3 t\u00edch) t\u1ea1i m\u1ed9t nhi\u1ec7t \u0111\u1ed9 nh\u1ea5t \u0111\u1ecbn<\/li>\n<li>Th\u1eed nghi\u1ec7m \u0111\u01b0\u1ee3c th\u1ef1c hi\u1ec7n theo ti\u00eau chu\u1ea9n ISO \u1edf nhi\u1ec7t \u0111\u1ed9 l\u00e0: 23 \u00b1 2 \u2103.<\/li>\n<li>C\u1ed1c \u0111o t\u1ef7 tr\u1ecdng s\u01a1n c\u00f3 h\u00ecnh tr\u1ee5 v\u1edbi n\u1eafp \u0111\u1eady c\u00f3 m\u1ed9t l\u1ed7 \u0111\u1ec3 x\u1ea3 ch\u1ea5t l\u1ecfng d\u01b0 th\u1eeba v\u00e0 b\u1ecdt kh\u00ed sau khi \u0111\u1eady n\u1eafp gi\u00fap ph\u00e9p \u0111o \u0111\u01b0\u1ee3c ch\u00ednh x\u00e1c h\u01a1n.<\/li>\n<\/ul>","protected":false},"featured_media":3346,"comment_status":"open","ping_status":"closed","template":"","meta":[],"pwb-brand":[264],"product_cat":[355,253,249,248],"product_tag":[],"class_list":{"0":"post-3345","1":"product","2":"type-product","3":"status-publish","4":"has-post-thumbnail","6":"pwb-brand-biuged","7":"product_cat-coc-ty-trong-density-cup","8":"product_cat-thiet-bi-co-ban","9":"product_cat-thiet-bi-nganh-muc-in","10":"product_cat-thiet-bi-nganh-son","11":"pa_hang-biuged","12":"pa_xuat-xu-trung-quoc","14":"first","15":"instock","16":"shipping-taxable","17":"product-type-simple"},"brands":[{"id":264,"name":"Biuged","slug":"biuged"}],"_links":{"self":[{"href":"https:\/\/www.khoihuy.com\/en\/wp-json\/wp\/v2\/product\/3345","targetHints":{"allow":["GET"]}}],"collection":[{"href":"https:\/\/www.khoihuy.com\/en\/wp-json\/wp\/v2\/product"}],"about":[{"href":"https:\/\/www.khoihuy.com\/en\/wp-json\/wp\/v2\/types\/product"}],"replies":[{"embeddable":true,"href":"https:\/\/www.khoihuy.com\/en\/wp-json\/wp\/v2\/comments?post=3345"}],"wp:featuredmedia":[{"embeddable":true,"href":"https:\/\/www.khoihuy.com\/en\/wp-json\/wp\/v2\/media\/3346"}],"wp:attachment":[{"href":"https:\/\/www.khoihuy.com\/en\/wp-json\/wp\/v2\/media?parent=3345"}],"wp:term":[{"taxonomy":"pwb-brand","embeddable":true,"href":"https:\/\/www.khoihuy.com\/en\/wp-json\/wp\/v2\/pwb-brand?post=3345"},{"taxonomy":"product_cat","embeddable":true,"href":"https:\/\/www.khoihuy.com\/en\/wp-json\/wp\/v2\/product_cat?post=3345"},{"taxonomy":"product_tag","embeddable":true,"href":"https:\/\/www.khoihuy.com\/en\/wp-json\/wp\/v2\/product_tag?post=3345"}],"curies":[{"name":"wp","href":"https:\/\/api.w.org\/{rel}","templated":true}]}}