{"id":3218,"date":"2024-11-20T22:01:16","date_gmt":"2024-11-20T15:01:16","guid":{"rendered":"https:\/\/khoihuy.com\/?post_type=product&#038;p=3218"},"modified":"2024-11-20T22:01:16","modified_gmt":"2024-11-20T15:01:16","slug":"but-do-ph-ad11-2-00-16-00-ph","status":"publish","type":"product","link":"https:\/\/www.khoihuy.com\/en\/product\/but-do-ph-ad11-2-00-16-00-ph\/","title":{"rendered":"B\u00daT \u0110O PH AD11 (-2.00~ 16.00 pH)"},"content":{"rendered":"<p>D\u1ea3i \u0111o:<\/p>\n<p>pH: -2.0 \u0111\u1ebfn 16.0 pH;<\/p>\n<p>Nhi\u1ec7t \u0111\u1ed9: -5.0 \u0111\u1ebfn 60.0\u00b0C; 23.0 \u0111\u1ebfn 140.0\u00b0F<\/p>\n<p>\u0110\u1ed9 ph\u00e2n gi\u1ea3i:<\/p>\n<p>pH: \u00b10.1 pH;<\/p>\n<p>Nhi\u1ec7t \u0111\u1ed9: 0.1\u00b0C \/ 0.1\u00b0F<\/p>\n<p>\u0110\u1ed9 ch\u00ednh x\u00e1c (t\u1ea1i 25\u00b0C\/77\u00b0F):<\/p>\n<p>pH: \u00b10.1 pH;<\/p>\n<p>Nhi\u1ec7t \u0111\u1ed9: \u00b10.5\u00b0C \/ \u00b11\u00b0FC<\/p>\n<p>T\u00ednh n\u0103ng: m\u00e0n h\u00ecnh LCD: 2 d\u00f2ng<\/p>\n<p>Hi\u1ec7u chu\u1ea9n: T\u1ef1 \u0111\u1ed9ng<\/p>\n<p>Ch\u1ee9c n\u0103ng gi\u1eef: B\u00f9 nhi\u1ec7t \u0111\u1ed9 t\u1ef1 \u0111\u1ed9ng.<\/p>\n<p>Ph\u1ee5 ki\u1ec7n: m\u1ed9t h\u1ed9p\u00a0Carton, n\u1eafp b\u1ea3o v\u1ec7,\u00a0dung d\u1ecbch hi\u1ec7u chu\u1ea9n\u00a0 (pH7 v\u00e0 pH4, 20 ml m\u1ed7i t\u00fai), pin 4 x 1.5V v\u00e0 h\u01b0\u1edbng d\u1eabn s\u1eed d\u1ee5ng<\/p>","protected":false},"excerpt":{"rendered":"<p>D\u1ea3i \u0111o:<\/p>\n<p>pH: -2.0 \u0111\u1ebfn 16.0 pH;<\/p>\n<p>Nhi\u1ec7t \u0111\u1ed9: -5.0 \u0111\u1ebfn 60.0\u00b0C; 23.0 \u0111\u1ebfn 140.0\u00b0F<\/p>\n<p>\u0110\u1ed9 ph\u00e2n gi\u1ea3i:<\/p>\n<p>pH: \u00b10.1 pH;<\/p>\n<p>Nhi\u1ec7t \u0111\u1ed9: 0.1\u00b0C \/ 0.1\u00b0F<\/p>\n<p>\u0110\u1ed9 ch\u00ednh x\u00e1c (t\u1ea1i 25\u00b0C\/77\u00b0F):<\/p>\n<p>pH: \u00b10.1 pH;<\/p>\n<p>Nhi\u1ec7t \u0111\u1ed9: \u00b10.5\u00b0C \/ \u00b11\u00b0FC<\/p>\n<p>T\u00ednh n\u0103ng: m\u00e0n h\u00ecnh LCD: 2 d\u00f2ng<\/p>\n<p>Hi\u1ec7u chu\u1ea9n: T\u1ef1 \u0111\u1ed9ng<\/p>\n<p>Ch\u1ee9c n\u0103ng gi\u1eef: B\u00f9 nhi\u1ec7t \u0111\u1ed9 t\u1ef1 \u0111\u1ed9ng.<\/p>\n<p>Ph\u1ee5 ki\u1ec7n: m\u1ed9t h\u1ed9p\u00a0Carton, n\u1eafp b\u1ea3o v\u1ec7,\u00a0dung d\u1ecbch hi\u1ec7u chu\u1ea9n\u00a0 (pH7 v\u00e0 pH4, 20 ml m\u1ed7i t\u00fai), pin 4 x 1.5V v\u00e0 h\u01b0\u1edbng d\u1eabn s\u1eed d\u1ee5ng<\/p>","protected":false},"featured_media":3219,"comment_status":"open","ping_status":"closed","template":"","meta":[],"pwb-brand":[277],"product_cat":[247],"product_tag":[],"class_list":{"0":"post-3218","1":"product","2":"type-product","3":"status-publish","4":"has-post-thumbnail","6":"pwb-brand-adwa-hungary","7":"product_cat-khac","8":"pa_hang-adwa-hungary","9":"pa_xuat-xu-rumani","11":"first","12":"instock","13":"shipping-taxable","14":"product-type-simple"},"brands":[{"id":277,"name":"ADWA- Hungary","slug":"adwa-hungary"}],"_links":{"self":[{"href":"https:\/\/www.khoihuy.com\/en\/wp-json\/wp\/v2\/product\/3218","targetHints":{"allow":["GET"]}}],"collection":[{"href":"https:\/\/www.khoihuy.com\/en\/wp-json\/wp\/v2\/product"}],"about":[{"href":"https:\/\/www.khoihuy.com\/en\/wp-json\/wp\/v2\/types\/product"}],"replies":[{"embeddable":true,"href":"https:\/\/www.khoihuy.com\/en\/wp-json\/wp\/v2\/comments?post=3218"}],"wp:featuredmedia":[{"embeddable":true,"href":"https:\/\/www.khoihuy.com\/en\/wp-json\/wp\/v2\/media\/3219"}],"wp:attachment":[{"href":"https:\/\/www.khoihuy.com\/en\/wp-json\/wp\/v2\/media?parent=3218"}],"wp:term":[{"taxonomy":"pwb-brand","embeddable":true,"href":"https:\/\/www.khoihuy.com\/en\/wp-json\/wp\/v2\/pwb-brand?post=3218"},{"taxonomy":"product_cat","embeddable":true,"href":"https:\/\/www.khoihuy.com\/en\/wp-json\/wp\/v2\/product_cat?post=3218"},{"taxonomy":"product_tag","embeddable":true,"href":"https:\/\/www.khoihuy.com\/en\/wp-json\/wp\/v2\/product_tag?post=3218"}],"curies":[{"name":"wp","href":"https:\/\/api.w.org\/{rel}","templated":true}]}}