{"id":3210,"date":"2024-11-20T21:56:17","date_gmt":"2024-11-20T14:56:17","guid":{"rendered":"https:\/\/khoihuy.com\/?post_type=product&#038;p=3210"},"modified":"2024-12-07T09:10:40","modified_gmt":"2024-12-07T02:10:40","slug":"may-do-ph-orp-nhiet-do-adwa-ad1030-may-do-ph-de-ban","status":"publish","type":"product","link":"https:\/\/www.khoihuy.com\/en\/product\/may-do-ph-orp-nhiet-do-adwa-ad1030-may-do-ph-de-ban\/","title":{"rendered":"M\u00e1y \u0110o pH \/ ORP \/ Nhi\u1ec7t \u0110\u1ed9 ADWA AD1030- M\u00c1Y \u0110O PH \u0110\u1ec2 B\u00c0N"},"content":{"rendered":"<ul>\n<li>H\u00e3ng s\u1ea3n xu\u1ea5t: ADWA- Hungary, s\u1ea3n xu\u1ea5t t\u1ea1i: Rumani<\/li>\n<li>\u1ee8ng d\u1ee5ng : do pH &#8211; ORP &#8211; Nhi\u1ec7t \u0110\u1ed9 trong n\u01b0\u1edbc , dung d\u1ecbch &#8230;<\/li>\n<li>Thi\u1ebft k\u1ebf d\u1ec5 s\u1eed d\u1ee5ng<\/li>\n<li>\u0111\u1ed9 ch\u00ednh x\u00e1c cao<\/li>\n<li>T\u1ef1 \u0111\u1ed9ng b\u00f9 tr\u1eeb nhi\u1ec7t \u0111\u1ed9 .<\/li>\n<\/ul>\n<p>TH\u00d4NG S\u1ed0 K\u1ef8 THU\u1eacT:<\/p>\n<p>&#8211; Thi\u1ebft b\u1ecb \u0111o pH \/ mV \/ nhi\u1ec7t \u0111\u1ed9 \u0111\u1ec3 b\u00e0n\u00a0AD1030 , \u0111\u00e1p \u1ee9ng ti\u00eau chu\u1ea9n GMP \/ GPP\u00a0.<\/p>\n<p>&#8211; Thang \u0111o :<\/p>\n<p>+ pH : -2.00 ~ 16.00 pH<\/p>\n<p>+ mV : \u00b1 2000 mV<\/p>\n<p>+ Nhi\u1ec7t \u0111\u1ed9 : &#8211; 20 ~ 120<sup>o<\/sup>C<\/p>\n<p>&#8211; \u0110\u1ed9 ph\u00e2n gi\u1ea3i :<\/p>\n<p>+ pH : 0.01 \/ 0.001<\/p>\n<p>+ mV : 0.1 \/ 1 mV<\/p>\n<p>+ Nhi\u1ec7t \u0111\u1ed9 : 0.1<sup>o<\/sup>C<\/p>\n<p>&#8211; \u0110\u1ed9 ch\u00ednh x\u00e1c :<\/p>\n<p>+ pH : \u00b10.01 pH \/ \u00b10.002 pH<\/p>\n<p>+ mV : \u00b1 0.2 \/ 0.5\/ 2<\/p>\n<p>+ Nhi\u1ec7t \u0111\u1ed9 :\u00a0 \u00b10.4<sup>o<\/sup>C<\/p>\n<p>&#8211; M\u00e0n h\u00ecnh LCD hi\u1ec7n s\u1ed1\u00a0 . T\u1ef1 \u0111\u1ed9ng b\u00f9 nhi\u1ec7t\u00a0 . C\u00e0i \u0111\u1eb7t ng\u01b0\u1ee1ng c\u1ea3nh b\u00e1o , ch\u1ee9c\u00a0 n\u0103ng Hold<\/p>\n<p>&#8211; Hi\u1ec7u ch\u1ec9nh pH :\u00a0 t\u1ef1 \u0111\u1ed9ng 3 \u0111i\u1ec3m v\u1edbi 7 \u0111i\u1ec3m \u0111\u1ec7m \u0111\u00e3 \u0111\u01b0\u1ee3c nh\u1edb (1.68 ; 4.01 ; 6.86 ; 7.01 ; 9.18 ; 10.01; 12.45 )<\/p>\n<p>&#8211; K\u00edch th\u01b0\u1edbc : 230 x 180 x 50 mm , 1.8 kg<\/p>\n<p>&#8211; Ngu\u1ed3n :\u00a0 Adapter 220V.<\/p>","protected":false},"excerpt":{"rendered":"<ul>\n<li>H\u00e3ng s\u1ea3n xu\u1ea5t: ADWA- Hungary, s\u1ea3n xu\u1ea5t t\u1ea1i: Rumani<\/li>\n<li>\u1ee8ng d\u1ee5ng : do pH &#8211; ORP &#8211; Nhi\u1ec7t \u0110\u1ed9 trong n\u01b0\u1edbc , dung d\u1ecbch &#8230;<\/li>\n<li>Thi\u1ebft k\u1ebf d\u1ec5 s\u1eed d\u1ee5ng<\/li>\n<li>\u0111\u1ed9 ch\u00ednh x\u00e1c cao<\/li>\n<li>T\u1ef1 \u0111\u1ed9ng b\u00f9 tr\u1eeb nhi\u1ec7t \u0111\u1ed9 .<\/li>\n<\/ul>","protected":false},"featured_media":3211,"comment_status":"open","ping_status":"closed","template":"","meta":[],"pwb-brand":[277],"product_cat":[250,254,248,251],"product_tag":[],"class_list":{"0":"post-3210","1":"product","2":"type-product","3":"status-publish","4":"has-post-thumbnail","6":"pwb-brand-adwa-hungary","7":"product_cat-thiet-bi-nganh-moi-truong","8":"product_cat-thiet-bi-chuyen-nganh-son-he-nuoc","9":"product_cat-thiet-bi-nganh-son","10":"product_cat-thiet-bi-nganh-thuc-pham","11":"pa_hang-adwa-hungary","12":"pa_xuat-xu-rumani","14":"first","15":"instock","16":"shipping-taxable","17":"product-type-simple"},"brands":[{"id":277,"name":"ADWA- Hungary","slug":"adwa-hungary"}],"_links":{"self":[{"href":"https:\/\/www.khoihuy.com\/en\/wp-json\/wp\/v2\/product\/3210","targetHints":{"allow":["GET"]}}],"collection":[{"href":"https:\/\/www.khoihuy.com\/en\/wp-json\/wp\/v2\/product"}],"about":[{"href":"https:\/\/www.khoihuy.com\/en\/wp-json\/wp\/v2\/types\/product"}],"replies":[{"embeddable":true,"href":"https:\/\/www.khoihuy.com\/en\/wp-json\/wp\/v2\/comments?post=3210"}],"wp:featuredmedia":[{"embeddable":true,"href":"https:\/\/www.khoihuy.com\/en\/wp-json\/wp\/v2\/media\/3211"}],"wp:attachment":[{"href":"https:\/\/www.khoihuy.com\/en\/wp-json\/wp\/v2\/media?parent=3210"}],"wp:term":[{"taxonomy":"pwb-brand","embeddable":true,"href":"https:\/\/www.khoihuy.com\/en\/wp-json\/wp\/v2\/pwb-brand?post=3210"},{"taxonomy":"product_cat","embeddable":true,"href":"https:\/\/www.khoihuy.com\/en\/wp-json\/wp\/v2\/product_cat?post=3210"},{"taxonomy":"product_tag","embeddable":true,"href":"https:\/\/www.khoihuy.com\/en\/wp-json\/wp\/v2\/product_tag?post=3210"}],"curies":[{"name":"wp","href":"https:\/\/api.w.org\/{rel}","templated":true}]}}