{"id":3206,"date":"2024-11-20T21:54:21","date_gmt":"2024-11-20T14:54:21","guid":{"rendered":"https:\/\/khoihuy.com\/?post_type=product&#038;p=3206"},"modified":"2024-12-07T08:46:55","modified_gmt":"2024-12-07T01:46:55","slug":"tu-den-tilo-t60-model-t60","status":"publish","type":"product","link":"https:\/\/www.khoihuy.com\/en\/product\/tu-den-tilo-t60-model-t60\/","title":{"rendered":"T\u1ee7 \u0111\u00e8n Tilo T60 &#8211; Model T60"},"content":{"rendered":"<ul>\n<li>T\u1ee7 so m\u00e0u\u0111\u01b0\u1ee3c s\u1eed d\u1ee5ng \u0111\u1ec3 so m\u00e0u cho v\u1ea3i, nh\u1ef1a, s\u01a1n, g\u1ed1m, s\u1ee9, ngh\u1ec7 thu\u1eadt \u0111\u1ed3 h\u1ecda, nhi\u1ebfp \u1ea3nh, d\u1ec7t, nhu\u1ed9m, bao b\u00ec, in \u1ea5n, da, m\u1ef1c, d\u1ec7t kim, nh\u1ef1a, \u00f4 t\u00f4 v\u00e0 c\u00f4ng nghi\u1ec7p g\u1ed1m s\u1ee9.. v\u00e0 nhi\u1ec1u c\u00e1c ng\u00e0nh c\u00f4ng ngh\u1ec7 kh\u00e1c.<\/li>\n<li>T\u1ee7 so m\u00e0u Tilo T60s\u1eed d\u1ee5ng b\u00f3ng \u0111\u00e8n so m\u00e0u ti\u00eau chu\u1ea9n c\u1ee7a Phillip gi\u1ea3 l\u1eadp th\u00e0nh c\u00e1c lo\u1ea1i \u00e1nh s\u00e1ng kh\u00e1c nhau nh\u1eb1m \u0111\u00e1nh gi\u00e1 kh\u00e1ch quan s\u1ef1 kh\u00e1c bi\u1ec7t m\u00e0u s\u1eafc tr\u00ean s\u1ea3n ph\u1ea9m m\u00e0 m\u1eaft th\u01b0\u1eddng kh\u00f3 ph\u00e2n bi\u1ec7t, \u0111\u1ec3 gi\u1ea3m c\u00e1c l\u1ed7i \u0111\u00e1nh gi\u00e1 khi th\u1ef1c hi\u1ec7n\u00a0<a href=\"https:\/\/vi.wiktionary.org\/wiki\/t%C6%B0%C6%A1ng_ph%E1%BA%A3n\" target=\"_blank\" rel=\"noopener\">t\u01b0\u01a1ng ph\u1ea3n m\u00e0u s\u1eafc<\/a>.<\/li>\n<li>\u0110\u00e1p \u1ee9ng c\u00e1c ti\u00eau chu\u1ea9n qu\u1ed1c t\u1ebf \u0111\u1ec3 \u0111\u00e1nh gi\u00e1 m\u00e0u s\u1eafc h\u00ecnh \u1ea3nh bao g\u1ed3m: ASTM D1729, ISO3664, DIN, ANSI v\u00e0 BSI.<\/li>\n<li>D\u1ec5 d\u00e0ng ho\u1ea1t \u0111\u1ed9ng b\u1eb1ng c\u00e1ch s\u1eed d\u1ee5ng c\u00f4ng t\u1eafc ri\u00eang cho m\u1ed7i ngu\u1ed3n s\u00e1ng.<\/li>\n<li>Thi\u1ebft b\u1ecb so m\u00e0u\u00a0 c\u00f3 b\u1ed9 ghi nh\u1eadn th\u1eddi gian s\u1eed d\u1ee5ng b\u00f3ng nh\u1eb1m theo d\u00f5i thay th\u1ebf b\u00f3ng \u0111\u00e8n t\u1ed1i \u01b0u<\/li>\n<li>T\u1ee7 g\u1ed3m c\u00f3 05 ngu\u1ed3n s\u00e1ng D65, TL84, UV, F v\u00e0 CWF.<\/li>\n<li>Ch\u1ecdn l\u1ef1a ngu\u1ed3n s\u00e1ng v\u1edbi c\u00e1c ph\u00edm nh\u1ea5n t\u01b0\u01a1ng \u1ee9ng<\/li>\n<li>C\u00f4ng su\u1ea5t ti\u00eau th\u1ee5 \u0111i\u1ec7n th\u1ea5p, kh\u00f4ng to\u1ea3 nhi\u1ec7t, nh\u1ecf g\u1ecdn, ti\u1ec7n d\u1ee5ng.<\/li>\n<li>Ngu\u1ed3n \u0111i\u1ec7n : 220V<\/li>\n<li>K\u00edch th\u01b0\u1edbc t\u1ee7 : 710 x 405 x 570mm<\/li>\n<li>Kh\u1ed1i l\u01b0\u1ee3ng : 28-32kg<\/li>\n<\/ul>\n<p><img loading=\"lazy\" decoding=\"async\" class=\"alignnone size-full wp-image-3208\" src=\"https:\/\/khoihuy.com\/wp-content\/uploads\/2024\/11\/Tu-den-Tilo-T60-1.jpg\" alt=\"\" width=\"464\" height=\"364\" \/><\/p>\n<p><strong>Th\u00f4ng s\u1ed1 ngu\u1ed3n s\u00e1ng.<\/strong><\/p>\n<p>D65 &#8211; \u0110\u00e8n th\u01b0\u1eddng; Nhi\u1ec7t \u0111\u1ed9 m\u00e0u: 6500K; c\u00f4ng su\u1ea5t: 36 W<\/p>\n<p>TL84- \u1ee8ng d\u1ee5ng cho c\u00e1c n\u01b0\u1edbc ch\u00e2u \u00e2u, nh\u1eadt, Trung Qu\u1ed1c; Nhi\u1ec7t \u0111\u1ed9 m\u00e0u 4000K; C\u00f4ng su\u1ea5t: 36W<\/p>\n<p>CWF- \u0110\u00e8n hu\u1ef3nh quang; Nhi\u1ec7t \u0111\u1ed9 m\u00e0u 4150K; c\u00f4ng su\u1ea5t: 36W<\/p>\n<p>F- \u0110\u00e8n ti\u00eau chu\u1ea9n; Nhi\u1ec7t \u0111\u1ed9 m\u00e0u 2700K; c\u00f4ng su\u1ea5t: 40W<\/p>\n<p>UV- Xem d\u01b0\u1edbi \u00e1nh s\u00e1ng c\u1ef1c t\u00edm \u0111\u1ec3 ph\u00e1t hi\u1ec7n v\u00e0 \u0111\u00e1nh gi\u00e1 ch\u1ea5t l\u00e0m s\u00e1ng quang h\u1ecdc ho\u1eb7c\u00a0ch\u1ea5t m\u00e0u hu\u1ef3nh quang\u00a0\u00a0\u0110\u00e8n c\u1ef1c t\u00edm; B\u01b0\u1edbc s\u00f3ng: 365 nm; C\u00f4ng su\u1ea5t 36 W<\/p>\n<p><img loading=\"lazy\" decoding=\"async\" class=\"alignnone size-full wp-image-3207\" src=\"https:\/\/khoihuy.com\/wp-content\/uploads\/2024\/11\/Tu-den-Tilo-T60-1.png\" alt=\"\" width=\"260\" height=\"207\" \/><\/p>","protected":false},"excerpt":{"rendered":"<ul>\n<li>T\u1ee7 so m\u00e0u\u0111\u01b0\u1ee3c s\u1eed d\u1ee5ng \u0111\u1ec3 so m\u00e0u cho v\u1ea3i, nh\u1ef1a, s\u01a1n, g\u1ed1m, s\u1ee9, ngh\u1ec7 thu\u1eadt \u0111\u1ed3 h\u1ecda, nhi\u1ebfp \u1ea3nh, d\u1ec7t, nhu\u1ed9m, bao b\u00ec, in \u1ea5n, da, m\u1ef1c, d\u1ec7t kim, nh\u1ef1a, \u00f4 t\u00f4 v\u00e0 c\u00f4ng nghi\u1ec7p g\u1ed1m s\u1ee9.. v\u00e0 nhi\u1ec1u c\u00e1c ng\u00e0nh c\u00f4ng ngh\u1ec7 kh\u00e1c.<\/li>\n<li>T\u1ee7 so m\u00e0u Tilo T60s\u1eed d\u1ee5ng b\u00f3ng \u0111\u00e8n so m\u00e0u ti\u00eau chu\u1ea9n c\u1ee7a Phillip gi\u1ea3 l\u1eadp th\u00e0nh c\u00e1c lo\u1ea1i \u00e1nh s\u00e1ng kh\u00e1c nhau nh\u1eb1m \u0111\u00e1nh gi\u00e1 kh\u00e1ch quan s\u1ef1 kh\u00e1c bi\u1ec7t m\u00e0u s\u1eafc tr\u00ean s\u1ea3n ph\u1ea9m m\u00e0 m\u1eaft th\u01b0\u1eddng kh\u00f3 ph\u00e2n bi\u1ec7t, \u0111\u1ec3 gi\u1ea3m c\u00e1c l\u1ed7i \u0111\u00e1nh gi\u00e1 khi th\u1ef1c hi\u1ec7n\u00a0<a href=\"https:\/\/vi.wiktionary.org\/wiki\/t%C6%B0%C6%A1ng_ph%E1%BA%A3n\">t\u01b0\u01a1ng ph\u1ea3n m\u00e0u s\u1eafc<\/a>.<\/li>\n<li>\u0110\u00e1p \u1ee9ng c\u00e1c ti\u00eau chu\u1ea9n qu\u1ed1c t\u1ebf \u0111\u1ec3 \u0111\u00e1nh gi\u00e1 m\u00e0u s\u1eafc h\u00ecnh \u1ea3nh bao g\u1ed3m: ASTM D1729, ISO3664, DIN, ANSI v\u00e0 BSI.<\/li>\n<li>D\u1ec5 d\u00e0ng ho\u1ea1t \u0111\u1ed9ng b\u1eb1ng c\u00e1ch s\u1eed d\u1ee5ng c\u00f4ng t\u1eafc ri\u00eang cho m\u1ed7i ngu\u1ed3n s\u00e1ng.<\/li>\n<li>Thi\u1ebft b\u1ecb so m\u00e0u\u00a0 c\u00f3 b\u1ed9 ghi nh\u1eadn th\u1eddi gian s\u1eed d\u1ee5ng b\u00f3ng nh\u1eb1m theo d\u00f5i thay th\u1ebf b\u00f3ng \u0111\u00e8n t\u1ed1i \u01b0u<\/li>\n<li>T\u1ee7 g\u1ed3m c\u00f3 05 ngu\u1ed3n s\u00e1ng D65, TL84, UV, F v\u00e0 CWF.<\/li>\n<li>Ch\u1ecdn l\u1ef1a ngu\u1ed3n s\u00e1ng v\u1edbi c\u00e1c ph\u00edm nh\u1ea5n t\u01b0\u01a1ng \u1ee9ng<\/li>\n<li>C\u00f4ng su\u1ea5t ti\u00eau th\u1ee5 \u0111i\u1ec7n th\u1ea5p, kh\u00f4ng to\u1ea3 nhi\u1ec7t, nh\u1ecf g\u1ecdn, ti\u1ec7n d\u1ee5ng.<\/li>\n<li>Ngu\u1ed3n \u0111i\u1ec7n : 220V<\/li>\n<li>K\u00edch th\u01b0\u1edbc t\u1ee7 : 710 x 405 x 570mm<\/li>\n<li>Kh\u1ed1i l\u01b0\u1ee3ng : 28-32kg<\/li>\n<\/ul>","protected":false},"featured_media":3209,"comment_status":"open","ping_status":"closed","template":"","meta":[],"pwb-brand":[274],"product_cat":[253,249,248,360],"product_tag":[],"class_list":{"0":"post-3206","1":"product","2":"type-product","3":"status-publish","4":"has-post-thumbnail","6":"pwb-brand-tilo","7":"product_cat-thiet-bi-co-ban","8":"product_cat-thiet-bi-nganh-muc-in","9":"product_cat-thiet-bi-nganh-son","10":"product_cat-tu-so-mau-color-box","11":"pa_hang-tilo","12":"pa_xuat-xu-trung-quoc","14":"first","15":"instock","16":"shipping-taxable","17":"product-type-simple"},"brands":[{"id":274,"name":"Tilo","slug":"tilo"}],"_links":{"self":[{"href":"https:\/\/www.khoihuy.com\/en\/wp-json\/wp\/v2\/product\/3206","targetHints":{"allow":["GET"]}}],"collection":[{"href":"https:\/\/www.khoihuy.com\/en\/wp-json\/wp\/v2\/product"}],"about":[{"href":"https:\/\/www.khoihuy.com\/en\/wp-json\/wp\/v2\/types\/product"}],"replies":[{"embeddable":true,"href":"https:\/\/www.khoihuy.com\/en\/wp-json\/wp\/v2\/comments?post=3206"}],"wp:featuredmedia":[{"embeddable":true,"href":"https:\/\/www.khoihuy.com\/en\/wp-json\/wp\/v2\/media\/3209"}],"wp:attachment":[{"href":"https:\/\/www.khoihuy.com\/en\/wp-json\/wp\/v2\/media?parent=3206"}],"wp:term":[{"taxonomy":"pwb-brand","embeddable":true,"href":"https:\/\/www.khoihuy.com\/en\/wp-json\/wp\/v2\/pwb-brand?post=3206"},{"taxonomy":"product_cat","embeddable":true,"href":"https:\/\/www.khoihuy.com\/en\/wp-json\/wp\/v2\/product_cat?post=3206"},{"taxonomy":"product_tag","embeddable":true,"href":"https:\/\/www.khoihuy.com\/en\/wp-json\/wp\/v2\/product_tag?post=3206"}],"curies":[{"name":"wp","href":"https:\/\/api.w.org\/{rel}","templated":true}]}}