{"id":3182,"date":"2024-11-18T08:57:37","date_gmt":"2024-11-18T01:57:37","guid":{"rendered":"https:\/\/khoihuy.com\/?post_type=product&#038;p=3182"},"modified":"2024-12-07T09:13:56","modified_gmt":"2024-12-07T02:13:56","slug":"may-do-do-ben-cha-rua-bgd-526","status":"publish","type":"product","link":"https:\/\/www.khoihuy.com\/en\/product\/may-do-do-ben-cha-rua-bgd-526\/","title":{"rendered":"M\u00c1Y \u0110O \u0110\u1ed8 B\u1ec0N CH\u00c0 R\u1eecA &#8211; BGD 526"},"content":{"rendered":"<p><strong><b>Ti\u00eau chu\u1ea9n: <\/b><\/strong>\u00a0ASTM D2486, ASTM D 3450, ASTM D 4213, ASTMD 4828, DIN EN 11330, EN ISO 11998, \u2026\u2026..<\/p>\n<p><strong><b>TH\u00d4NG S\u1ed0 K\u1ef8 THU\u1eacT:<\/b><\/strong><\/p>\n<ul>\n<li>M\u00e0n h\u00ecnh: LCD<\/li>\n<li>Ch\u1ea5t li\u1ec7u: nh\u00f4m anodized<\/li>\n<li>B\u00e0n ch\u1ea3i: Nylon b\u00e0n ch\u1ea3i l\u00f4ng v\u1edbi 5\/4 h\u00e0ng ch\u1ea3i k\u00edch th\u01b0\u1edbc 19 mm.<\/li>\n<li>Tr\u1ecdng l\u01b0\u1ee3ng c\u1ee7a b\u00e0n ch\u1ea3i (bao g\u1ed3m c\u1ea3 tay gi\u1eef): 454 \u00b1 10 g (ASTM D 2486), 135 \u00b1 1g (ISO 11998)<\/li>\n<li>Chi\u1ec1u d\u00e0i Stroke: 300 mm<\/li>\n<li>T\u1ea7n su\u1ea5t ch\u00e0: 5 ~ 95 l\u1ea7n \/ ph\u00fat (\u0111i\u1ec1u ch\u1ec9nh)<\/li>\n<li>S\u1ed1 l\u1ea7n ch\u00e0: 0 ~ 9,999 l\u1ea7n<\/li>\n<li>K\u00edch th\u01b0\u1edbc c\u1ee7a t\u1ea5m th\u1eed: 430 x 150 x 0,03 mm<\/li>\n<li>C\u00f4ng su\u1ea5t c\u1ee7a \u0111\u1ed9ng c\u01a1: 25W<\/li>\n<li>Ngu\u1ed3n \u0111i\u1ec7n: 110V ~ 220V, 50\/60 Hz<\/li>\n<li>K\u00edch th\u01b0\u1edbc c\u1ee7a m\u00e1y \u0111o \u0111\u1ed9 b\u1ec1n ch\u00e0 r\u1eeda BGD 526 h\u00e3ng Biuged: 500 \u00d7 460 \u00d7 280 mm<\/li>\n<li>Th\u1ec3 t\u00edch th\u00f9ng ch\u1ee9a n\u01b0\u1edbc: 1 L\u00edt.<\/li>\n<\/ul>\n<p><strong><b>TH\u00d4NG TIN \u0110\u1eb6T H\u00c0NG:<\/b><\/strong><\/p>\n<table>\n<tbody>\n<tr>\n<td width=\"235\"><strong><b>Model<\/b><\/strong><\/td>\n<td width=\"311\"><strong><b>Ti\u00eau chu\u1ea9n ki\u1ec3m tra<\/b><\/strong><\/td>\n<\/tr>\n<tr>\n<td width=\"235\">BGD 526\/1<\/td>\n<td width=\"311\">ASTM D 2486<\/td>\n<\/tr>\n<tr>\n<td width=\"235\">BGD 526\/2<\/td>\n<td width=\"311\">ISO 11998<\/td>\n<\/tr>\n<tr>\n<td width=\"235\">BGD 526\/3<\/td>\n<td width=\"311\">ASTM D 3450<\/td>\n<\/tr>\n<tr>\n<td width=\"235\">BGD 526\/4<\/td>\n<td width=\"311\">ASTM D 4213<\/td>\n<\/tr>\n<tr>\n<td width=\"235\">BGD 526\/5<\/td>\n<td width=\"311\">ASTM D 4828<\/td>\n<\/tr>\n<tr>\n<td width=\"235\">BGD 526\/6<\/td>\n<td width=\"311\">DIN 53778<\/td>\n<\/tr>\n<tr>\n<td width=\"235\">BGD 527<\/td>\n<td width=\"311\">ASTM D 2486 &amp; ISO 11998<\/td>\n<\/tr>\n<\/tbody>\n<\/table>","protected":false},"excerpt":{"rendered":"<p><strong><b>Ti\u00eau chu\u1ea9n: <\/b><\/strong>\u00a0ASTM D2486, ASTM D 3450, ASTM D 4213, ASTMD 4828, DIN EN 11330, EN ISO 11998, \u2026\u2026..<\/p>","protected":false},"featured_media":3183,"comment_status":"open","ping_status":"closed","template":"","meta":[],"pwb-brand":[264],"product_cat":[254,248],"product_tag":[],"class_list":{"0":"post-3182","1":"product","2":"type-product","3":"status-publish","4":"has-post-thumbnail","6":"pwb-brand-biuged","7":"product_cat-thiet-bi-chuyen-nganh-son-he-nuoc","8":"product_cat-thiet-bi-nganh-son","9":"pa_hang-biuged","10":"pa_xuat-xu-trung-quoc","12":"first","13":"instock","14":"shipping-taxable","15":"product-type-simple"},"brands":[{"id":264,"name":"Biuged","slug":"biuged"}],"_links":{"self":[{"href":"https:\/\/www.khoihuy.com\/en\/wp-json\/wp\/v2\/product\/3182","targetHints":{"allow":["GET"]}}],"collection":[{"href":"https:\/\/www.khoihuy.com\/en\/wp-json\/wp\/v2\/product"}],"about":[{"href":"https:\/\/www.khoihuy.com\/en\/wp-json\/wp\/v2\/types\/product"}],"replies":[{"embeddable":true,"href":"https:\/\/www.khoihuy.com\/en\/wp-json\/wp\/v2\/comments?post=3182"}],"wp:featuredmedia":[{"embeddable":true,"href":"https:\/\/www.khoihuy.com\/en\/wp-json\/wp\/v2\/media\/3183"}],"wp:attachment":[{"href":"https:\/\/www.khoihuy.com\/en\/wp-json\/wp\/v2\/media?parent=3182"}],"wp:term":[{"taxonomy":"pwb-brand","embeddable":true,"href":"https:\/\/www.khoihuy.com\/en\/wp-json\/wp\/v2\/pwb-brand?post=3182"},{"taxonomy":"product_cat","embeddable":true,"href":"https:\/\/www.khoihuy.com\/en\/wp-json\/wp\/v2\/product_cat?post=3182"},{"taxonomy":"product_tag","embeddable":true,"href":"https:\/\/www.khoihuy.com\/en\/wp-json\/wp\/v2\/product_tag?post=3182"}],"curies":[{"name":"wp","href":"https:\/\/api.w.org\/{rel}","templated":true}]}}