{"id":3176,"date":"2024-11-18T08:38:57","date_gmt":"2024-11-18T01:38:57","guid":{"rendered":"https:\/\/khoihuy.com\/?post_type=product&#038;p=3176"},"modified":"2024-12-07T08:48:08","modified_gmt":"2024-12-07T01:48:08","slug":"may-do-do-bong-goc-60-yg60","status":"publish","type":"product","link":"https:\/\/www.khoihuy.com\/en\/product\/may-do-do-bong-goc-60-yg60\/","title":{"rendered":"M\u00e1y \u0111o \u0111\u1ed9 b\u00f3ng g\u00f3c 60\u00b0 YG60"},"content":{"rendered":"<p><strong><b>\u1ee8ng d\u1ee5ng:<\/b><\/strong><\/p>\n<p><strong><b>M\u00e1y \u0111o \u0111\u1ed9 b\u00f3ng YG60 h\u00e3ng 3NH<\/b><\/strong>\u00a0\u0111\u01b0\u1ee3c s\u1eed d\u1ee5ng r\u1ed9ng r\u00e3i trong s\u01a1n, ch\u1ea5t ph\u1ee7, nh\u1ef1a, m\u1ef1c in, cao su, in \u1ea5n, gi\u1ea5y, th\u1ee7y tinh, \u0111\u1ed3 th\u1ee7 c\u00f4ng, g\u1ed1m s\u1ee9, \u0111\u00e1 c\u1ea9m th\u1ea1ch, v.v.<\/p>\n<p><strong><b>Ti\u00eau chu\u1ea9n: <\/b><\/strong>ISO2813 v\u00e0 ti\u00eau chu\u1ea9n Trung Qu\u1ed1c GB \/ T 9754.<\/p>\n<p><strong><b>Th\u00f4ng s\u1ed1 k\u1ef9 thu\u1eadt:<\/b><\/strong><\/p>\n<ul>\n<li>G\u00f3c \u0111o: 60 \u00b0<\/li>\n<li>Kho\u1ea3ng \u0111o60\u00b0: 0-1000GU<\/li>\n<li>\u0110\u1ed9 chia: 0,1GU<\/li>\n<li>Ch\u1ebf \u0111\u1ed9 \u0111o: Ch\u1ebf \u0111\u1ed9 c\u01a1 b\u1ea3n; Ch\u1ebf \u0111\u1ed9 th\u1ed1ng k\u00ea; Ch\u1ebf \u0111\u1ed9 li\u00ean t\u1ee5c; Ch\u1ebf \u0111\u1ed9 QC<\/li>\n<li>Th\u1eddi gian \u0111o: 0,5S<\/li>\n<li>T\u00ednh l\u1eb7p l\u1ea1i: 0 ~ 100GU: \u00b1 0,2GU; 100 ~ 2000GU: \u00b1 0,2% GU<\/li>\n<li>Ch\u00ednh x\u00e1c: Ph\u00f9 h\u1ee3p v\u1edbi c\u00e1c y\u00eau c\u1ea7u JJG696 c\u1ee7a m\u00e1y \u0111o \u0111\u1ed9 b\u00f3ng<\/li>\n<li>Th\u1eddi gian t\u1ef1 \u0111\u1ed9ng t\u1eaft ngu\u1ed3n: Trong v\u00f2ng 30s-120s<\/li>\n<li>Hi\u1ec7u ch\u1ec9nh trong th\u1eddi gian d\u00e0i: T\u1ef1 \u0111\u1ed9ng ki\u1ec3m tra v\u00e0 th\u1ef1c hi\u1ec7n hi\u1ec7u chu\u1ea9n<\/li>\n<li>Ng\u00f4n ng\u1eef: Ti\u1ebfng trung &amp; ti\u1ebfng anh<\/li>\n<li>B\u1ed9 nh\u1edb: 35000 (Ch\u1ebf \u0111\u1ed9 c\u01a1 b\u1ea3n &amp; Ch\u1ebf \u0111\u1ed9 th\u1ed1ng k\u00ea: 1500; Ch\u1ebf \u0111\u1ed9 li\u00ean t\u1ee5c: 10000; Ch\u1ebf \u0111\u1ed9 QC: 10000)<\/li>\n<li>M\u00e0n h\u00ecnh: M\u00e0n h\u00ecnh tr\u1eafng \u0111en 2.3 inch<\/li>\n<li>K\u00edch th\u01b0\u1edbc: 160 * 52 * 84mm<\/li>\n<li>C\u00e2n n\u1eb7ng: Kho\u1ea3ng 300g<\/li>\n<li>Ngu\u1ed3n c\u1ea5p: Pin kh\u00f4 1c\u00e1i(c\u00f3 th\u1ec3 \u0111o 10000 l\u1ea7n) ho\u1eb7c s\u1eed d\u1ee5ng USB Charge<\/li>\n<li>Giao di\u1ec7n: Phi\u00ean b\u1ea3n USB &amp; Bluetooth 2.1<\/li>\n<li>Ph\u1ea7n m\u1ec1m PC: Ph\u1ea7n m\u1ec1m QC GQC6 c\u00f3 th\u1ec3 in b\u00e1o c\u00e1o th\u1eed nghi\u1ec7m v\u00e0 v\u1edbi nhi\u1ec1u ch\u1ee9c n\u0103ng m\u1edf r\u1ed9ng h\u01a1n<\/li>\n<li>Ph\u1ea1m vi nhi\u1ec7t \u0111\u1ed9 ho\u1ea1t \u0111\u1ed9ng: 0-40 \u2103(32-104 \u00b0 F\uff09<\/li>\n<li>Ph\u1ea1m vi nhi\u1ec7t \u0111\u1ed9 l\u01b0u tr\u1eef: -20-50 \u2103\uff08-4-122 \u00b0 F\uff09<\/li>\n<li>Ph\u1ea1m vi \u0111\u1ed9 \u1ea9m: &lt;85% RH, kh\u00f4ng ng\u01b0ng t\u1ee5<\/li>\n<li>Trang b\u1ecb ti\u00eau chu\u1ea9n: C\u00e1p USB, h\u01b0\u1edbng d\u1eabn s\u1eed d\u1ee5ng, t\u1ea5m hi\u1ec7u chu\u1ea9n, ph\u1ea7n m\u1ec1m QC<\/li>\n<li>Ph\u1ee5 ki\u1ec7n t\u00f9y ch\u1ecdn: M\u00e1y in thu nh\u1ecf(mua ri\u00eang)<\/li>\n<\/ul>","protected":false},"excerpt":{"rendered":"<p><strong><b>M\u00e1y \u0111o \u0111\u1ed9 b\u00f3ng YG60 h\u00e3ng 3NH<\/b><\/strong>\u00a0\u0111\u01b0\u1ee3c s\u1eed d\u1ee5ng r\u1ed9ng r\u00e3i trong s\u01a1n, ch\u1ea5t ph\u1ee7, nh\u1ef1a, m\u1ef1c in, cao su, in \u1ea5n, gi\u1ea5y, th\u1ee7y tinh, \u0111\u1ed3 th\u1ee7 c\u00f4ng, g\u1ed1m s\u1ee9, \u0111\u00e1 c\u1ea9m th\u1ea1ch, v.v.<\/p>\n<p><strong><b>Ti\u00eau chu\u1ea9n: <\/b><\/strong>ISO2813 v\u00e0 ti\u00eau chu\u1ea9n Trung Qu\u1ed1c GB \/ T 9754.<\/p>","protected":false},"featured_media":3177,"comment_status":"open","ping_status":"closed","template":"","meta":[],"pwb-brand":[265],"product_cat":[257,260,357,253,252,248,251],"product_tag":[],"class_list":{"0":"post-3176","1":"product","2":"type-product","3":"status-publish","4":"has-post-thumbnail","6":"pwb-brand-3nh","7":"product_cat-may-do-do-bong","8":"product_cat-may-do-do-bong-thiet-bi-nganh-det-may-vai","9":"product_cat-may-do-do-bong-gloss-meter","10":"product_cat-thiet-bi-co-ban","11":"product_cat-thiet-bi-nganh-det-may-vai","12":"product_cat-thiet-bi-nganh-son","13":"product_cat-thiet-bi-nganh-thuc-pham","14":"pa_hang-3nh","15":"pa_xuat-xu-trung-quoc","17":"first","18":"instock","19":"shipping-taxable","20":"product-type-simple"},"brands":[{"id":265,"name":"3NH","slug":"3nh"}],"_links":{"self":[{"href":"https:\/\/www.khoihuy.com\/en\/wp-json\/wp\/v2\/product\/3176","targetHints":{"allow":["GET"]}}],"collection":[{"href":"https:\/\/www.khoihuy.com\/en\/wp-json\/wp\/v2\/product"}],"about":[{"href":"https:\/\/www.khoihuy.com\/en\/wp-json\/wp\/v2\/types\/product"}],"replies":[{"embeddable":true,"href":"https:\/\/www.khoihuy.com\/en\/wp-json\/wp\/v2\/comments?post=3176"}],"wp:featuredmedia":[{"embeddable":true,"href":"https:\/\/www.khoihuy.com\/en\/wp-json\/wp\/v2\/media\/3177"}],"wp:attachment":[{"href":"https:\/\/www.khoihuy.com\/en\/wp-json\/wp\/v2\/media?parent=3176"}],"wp:term":[{"taxonomy":"pwb-brand","embeddable":true,"href":"https:\/\/www.khoihuy.com\/en\/wp-json\/wp\/v2\/pwb-brand?post=3176"},{"taxonomy":"product_cat","embeddable":true,"href":"https:\/\/www.khoihuy.com\/en\/wp-json\/wp\/v2\/product_cat?post=3176"},{"taxonomy":"product_tag","embeddable":true,"href":"https:\/\/www.khoihuy.com\/en\/wp-json\/wp\/v2\/product_tag?post=3176"}],"curies":[{"name":"wp","href":"https:\/\/api.w.org\/{rel}","templated":true}]}}