{"id":3168,"date":"2024-11-18T08:34:52","date_gmt":"2024-11-18T01:34:52","guid":{"rendered":"https:\/\/khoihuy.com\/?post_type=product&#038;p=3168"},"modified":"2024-12-07T08:51:09","modified_gmt":"2024-12-07T01:51:09","slug":"giay-keo-mang-son-muc-in","status":"publish","type":"product","link":"https:\/\/www.khoihuy.com\/en\/product\/giay-keo-mang-son-muc-in\/","title":{"rendered":"Gi\u1ea5y k\u00e9o m\u00e0ng s\u01a1n, m\u1ef1c in"},"content":{"rendered":"<ul>\n<li>Gi\u1ea5y k\u00e9o s\u01a1n l\u00e0 lo\u1ea1i gi\u1ea5y chuy\u00ean d\u1ee5ng cho vi\u1ec7c t\u1ea1o m\u00e0ng s\u01a1n trong ki\u1ec3m tra c\u00e1c t\u00ednh ch\u1ea5t c\u01a1 l\u00fd c\u1ee7a s\u01a1n nh\u01b0ki\u1ec3m tra \u0111\u1ed9 che ph\u1ee7,\u00a0m\u00e0u s\u1eafc, \u0111\u1ed9 b\u00f3ng, \u0111\u1ed9 m\u1edd,\u2026.<\/li>\n<li>C\u00f3nhi\u1ec1u lo\u1ea1i m\u1eabu gi\u1ea5y k\u00e9o s\u01a1n m\u1ef1c in \u0111\u1ec3 l\u1ef1a ch\u1ecdn, t\u00f9y theo nhu c\u1ea7u ki\u1ec3m tra v\u00e0 ti\u00eau chu\u1ea9n ki\u1ec3m tra.<\/li>\n<li>H\u00e3ng s\u1ea3n xu\u1ea5t: Biuged- China, BYK- \u0110\u1ee9c, Leneta- M\u1ef9<\/li>\n<li>K\u00edch th\u01b0\u1edbc ti\u00eau chu\u1ea9n: A4, A5, A6<\/li>\n<li>Ngo\u00e0i ra, nh\u1eadn gia c\u00f4ng gi\u1ea5y k\u00e9o m\u00e0ng s\u01a1n c\u00e1c lo\u1ea1i tr\u1eafng \u0111en, tr\u1eafng theo y\u00eau c\u1ea7u kh\u00e1ch h\u00e0ng(k\u00edch th\u01b0\u1edbc, thi\u1ebft k\u1ebf\u2026)<\/li>\n<\/ul>","protected":false},"excerpt":{"rendered":"<ul>\n<li>Gi\u1ea5y k\u00e9o s\u01a1n l\u00e0 lo\u1ea1i gi\u1ea5y chuy\u00ean d\u1ee5ng cho vi\u1ec7c t\u1ea1o m\u00e0ng s\u01a1n trong ki\u1ec3m tra c\u00e1c t\u00ednh ch\u1ea5t c\u01a1 l\u00fd c\u1ee7a s\u01a1n nh\u01b0ki\u1ec3m tra \u0111\u1ed9 che ph\u1ee7,\u00a0m\u00e0u s\u1eafc, \u0111\u1ed9 b\u00f3ng, \u0111\u1ed9 m\u1edd,\u2026.<\/li>\n<li>C\u00f3nhi\u1ec1u lo\u1ea1i m\u1eabu gi\u1ea5y k\u00e9o s\u01a1n m\u1ef1c in \u0111\u1ec3 l\u1ef1a ch\u1ecdn, t\u00f9y theo nhu c\u1ea7u ki\u1ec3m tra v\u00e0 ti\u00eau chu\u1ea9n ki\u1ec3m tra.<\/li>\n<li>H\u00e3ng s\u1ea3n xu\u1ea5t: Biuged- China, BYK- \u0110\u1ee9c, Leneta- M\u1ef9<\/li>\n<li>K\u00edch th\u01b0\u1edbc ti\u00eau chu\u1ea9n: A4, A5, A6<\/li>\n<li>Ngo\u00e0i ra, nh\u1eadn gia c\u00f4ng gi\u1ea5y k\u00e9o m\u00e0ng s\u01a1n c\u00e1c lo\u1ea1i tr\u1eafng \u0111en, tr\u1eafng theo y\u00eau c\u1ea7u kh\u00e1ch h\u00e0ng(k\u00edch th\u01b0\u1edbc, thi\u1ebft k\u1ebf\u2026)<\/li>\n<\/ul>","protected":false},"featured_media":3172,"comment_status":"open","ping_status":"closed","template":"","meta":[],"pwb-brand":[],"product_cat":[362,253,249,248],"product_tag":[],"class_list":{"0":"post-3168","1":"product","2":"type-product","3":"status-publish","4":"has-post-thumbnail","6":"product_cat-giay-keo-mang-son","7":"product_cat-thiet-bi-co-ban","8":"product_cat-thiet-bi-nganh-muc-in","9":"product_cat-thiet-bi-nganh-son","11":"first","12":"instock","13":"shipping-taxable","14":"product-type-simple"},"brands":[],"_links":{"self":[{"href":"https:\/\/www.khoihuy.com\/en\/wp-json\/wp\/v2\/product\/3168","targetHints":{"allow":["GET"]}}],"collection":[{"href":"https:\/\/www.khoihuy.com\/en\/wp-json\/wp\/v2\/product"}],"about":[{"href":"https:\/\/www.khoihuy.com\/en\/wp-json\/wp\/v2\/types\/product"}],"replies":[{"embeddable":true,"href":"https:\/\/www.khoihuy.com\/en\/wp-json\/wp\/v2\/comments?post=3168"}],"wp:featuredmedia":[{"embeddable":true,"href":"https:\/\/www.khoihuy.com\/en\/wp-json\/wp\/v2\/media\/3172"}],"wp:attachment":[{"href":"https:\/\/www.khoihuy.com\/en\/wp-json\/wp\/v2\/media?parent=3168"}],"wp:term":[{"taxonomy":"pwb-brand","embeddable":true,"href":"https:\/\/www.khoihuy.com\/en\/wp-json\/wp\/v2\/pwb-brand?post=3168"},{"taxonomy":"product_cat","embeddable":true,"href":"https:\/\/www.khoihuy.com\/en\/wp-json\/wp\/v2\/product_cat?post=3168"},{"taxonomy":"product_tag","embeddable":true,"href":"https:\/\/www.khoihuy.com\/en\/wp-json\/wp\/v2\/product_tag?post=3168"}],"curies":[{"name":"wp","href":"https:\/\/api.w.org\/{rel}","templated":true}]}}