{"id":3112,"date":"2024-11-14T11:18:58","date_gmt":"2024-11-14T04:18:58","guid":{"rendered":"https:\/\/khoihuy.com\/?post_type=product&#038;p=3112"},"modified":"2024-12-07T08:28:18","modified_gmt":"2024-12-07T01:28:18","slug":"may-phan-tan-son-model-bgd750","status":"publish","type":"product","link":"https:\/\/www.khoihuy.com\/en\/product\/may-phan-tan-son-model-bgd750\/","title":{"rendered":"M\u00c1Y PH\u00c2N T\u00c1N S\u01a0N- MODEL BGD750"},"content":{"rendered":"<p><strong><b>T\u00ednh n\u0103ng c\u01a1 b\u1ea3n:<\/b><\/strong><\/p>\n<ul>\n<li>Hi\u1ec3n th\u1ecb tr\u1ef1c ti\u1ebfp s\u1ed1 v\u00f2ng quay tr\u1ee5c th\u00f4ng qua m\u00e0n h\u00ecnh hi\u1ec3n th\u1ecb c\u1ee7a b\u1ed9 bi\u1ebfn t\u1ea7n c\u00e0i \u0111\u1eb7t tr\u00ean m\u00e1y<\/li>\n<li>BGD 750\/1 &amp; BGD 750\/2 c\u00f3 c\u1ea7n n\u00e2ng \u0111\u01b0\u1ee3c \u0111\u00e1nh d\u1ea5u b\u1eb1ng thang \u0111o, thu\u1eadn ti\u1ec7n cho vi\u1ec7c \u0111i\u1ec1u ch\u1ec9nh kho\u1ea3ng c\u00e1ch c\u1ee7a l\u01b0\u1ee1i ph\u00e2n t\u00e1n \u0111\u1ebfn \u0111\u00e1y th\u00f9ng ch\u1ee9a.<\/li>\n<li>Kh\u00f4ng c\u00f3 ch\u1ed5i than, kh\u00f4ng t\u1ea1o ra ng\u1ecdn l\u1eeda khi l\u00e0m vi\u1ec7c<\/li>\n<li>Ti\u1ebfng \u1ed3n th\u1ea5p h\u01a1n, m\u00f4-men xo\u1eafn l\u1edbn h\u01a1n v\u00e0 t\u1ed1c \u0111\u1ed9 \u0111i\u1ec1u ch\u1ec9nh r\u1ed9ng h\u01a1n<\/li>\n<li>C\u00e1c b\u1ed9 ph\u1eadn ch\u00ednh \u0111\u1ec1u \u0111\u01b0\u1ee3c l\u00e0m b\u1eb1ng th\u00e9p kh\u00f4ng g\u1ec9, c\u00f3 kh\u1ea3 n\u0103ng ch\u1ed1ng \u0103n m\u00f2n ho\u00e0n h\u1ea3o<\/li>\n<li>\u0110\u1ea7u v\u00e0o v\u00e0 \u0111\u1ea7u ra c\u1ee7a n\u01b0\u1edbc l\u00e0m m\u00e1t \u0111\u01b0\u1ee3c trang b\u1ecb c\u00e1c kh\u1edbp n\u1ed1i nhanh, thu\u1eadn ti\u1ec7n cho ng\u01b0\u1eddi v\u1eadn h\u00e0nh l\u1eafp \u0111\u1eb7t ho\u1eb7c th\u00e1o g\u1ee1 nhanh ch\u00f3ng.<\/li>\n<li>Container \u0111\u01b0\u1ee3c s\u1ea3n xu\u1ea5t b\u1eb1ng khu\u00f4n \u0111\u1eb7c bi\u1ec7t, kh\u00f4ng c\u00f3 \u0111\u01b0\u1eddng h\u00e0n v\u00e0 \u0111\u00e1y c\u00f3 c\u1ea5u tr\u00fac h\u00ecnh v\u00f2ng cung, c\u00f3 th\u1ec3 l\u00e0m s\u1ea1ch ho\u00e0n to\u00e0n. R\u1ea5t thu\u1eadn ti\u1ec7n cho ng\u01b0\u1eddi v\u1eadn h\u00e0nh th\u1ef1c hi\u1ec7n c\u00e1c m\u1eabu m\u00e0u kh\u00e1c nhau.<\/li>\n<li>C\u1ea5u h\u00ecnh ti\u00eau chu\u1ea9n: Hai ho\u1eb7c b\u1ed1n (ch\u1ec9 d\u00e0nh cho 550W &amp; 750W) l\u01b0\u1ee1i ph\u00e2n t\u00e1n c\u00f3 k\u00edch th\u01b0\u1edbc kh\u00e1c nhau, hai l\u01b0\u1ee1i nghi\u1ec1n c\u00e1t c\u00f3 k\u00edch th\u01b0\u1edbc kh\u00e1c nhau, h\u1ed9p \u0111\u1ef1ng v\u1ecf \u0111\u00f4i b\u1eb1ng th\u00e9p kh\u00f4ng g\u1ec9.<\/li>\n<li>Ngu\u1ed3n \u0111i\u1ec7n: 220V 50HZ<\/li>\n<\/ul>\n<p><strong><b>C<\/b><\/strong><strong><b>\u00e1c model l<\/b><\/strong><strong><b>\u1ef1a ch\u1ecdn:<\/b><\/strong><\/p>\n<table>\n<tbody>\n<tr>\n<td width=\"84\"><strong><b>Code \u0111\u1eb7t h\u00e0ng<\/b><\/strong><\/td>\n<td width=\"64\"><strong><b>C\u00f4ng su\u1ea5t<\/b><\/strong><\/td>\n<td width=\"82\"><strong><b>T\u1ed1c \u0111\u1ed9<\/b><\/strong><strong><b><br \/>\n<\/b><\/strong><strong><b>(v\u00f2ng\/ph\u00fat)\u00a0<\/b><\/strong><\/td>\n<td width=\"70\"><strong><b>Th\u1ec3 t\u00edch b\u00ecnh khu\u1ea5y<\/b><\/strong><\/td>\n<td width=\"64\"><strong><b>Chi\u1ec1u d\u00e0i tr\u1ee5c<\/b><\/strong><\/td>\n<td width=\"80\"><strong><b>H\u1ec7 th\u1ed1ng n\u00e2ng h\u1ea1<\/b><\/strong><\/td>\n<td width=\"118\"><strong><b>\u0110\u1ea7u ph\u00e2n t\u00e1n<\/b><\/strong><\/td>\n<td width=\"105\"><strong><b>\u0110\u1ea7u nghi\u1ec1n<\/b><\/strong><strong><b><br \/>\n<\/b><\/strong><strong><b>(Sand-Mil)<\/b><\/strong><\/td>\n<\/tr>\n<tr>\n<td width=\"84\">BGD 750\/1<\/td>\n<td width=\"64\">550W<\/td>\n<td width=\"82\">100-7,500<\/td>\n<td width=\"70\">1.5 L<\/td>\n<td width=\"64\">230 mm<\/td>\n<td width=\"80\">B\u1eb1ng tay<\/td>\n<td width=\"118\">50mm&amp;60mm<\/td>\n<td width=\"105\">45mm&amp;60mm<\/td>\n<\/tr>\n<tr>\n<td width=\"84\">BGD 750\/2<\/td>\n<td width=\"64\">750W<\/td>\n<td width=\"82\">100-6,000<\/td>\n<td width=\"70\">1.5 L<\/td>\n<td width=\"64\">230 mm<\/td>\n<td width=\"80\">B\u1eb1ng tay<\/td>\n<td width=\"118\">50mm&amp;60mm<\/td>\n<td width=\"105\">45mm&amp;60mm<\/td>\n<\/tr>\n<tr>\n<td width=\"84\">BGD 750\/3<\/td>\n<td width=\"64\">1,100W<\/td>\n<td width=\"82\">100-5,000<\/td>\n<td width=\"70\">3 L<\/td>\n<td width=\"64\">340 mm<\/td>\n<td width=\"80\">B\u1eb1ng \u0111i\u1ec7n<\/td>\n<td width=\"118\">60mm&amp;80mm<\/td>\n<td width=\"105\">90mm&amp;100mm<\/td>\n<\/tr>\n<tr>\n<td width=\"84\">BGD 750\/4<\/td>\n<td width=\"64\">1,500W<\/td>\n<td width=\"82\">100-5,000<\/td>\n<td width=\"70\">3 L<\/td>\n<td width=\"64\">340 mm<\/td>\n<td width=\"80\">B\u1eb1ng \u0111i\u1ec7n<\/td>\n<td width=\"118\">80mm&amp;100mm<\/td>\n<td width=\"105\">90mm&amp;100mm<\/td>\n<\/tr>\n<tr>\n<td width=\"84\">BGD 750\/5<\/td>\n<td width=\"64\">2,200W<\/td>\n<td width=\"82\">100-4,000<\/td>\n<td width=\"70\">5 L<\/td>\n<td width=\"64\">520 mm<\/td>\n<td width=\"80\">B\u1eb1ng \u0111i\u1ec7n<\/td>\n<td width=\"118\">100mm&amp;120mm<\/td>\n<td width=\"105\">100mm&amp;130mm<\/td>\n<\/tr>\n<tr>\n<td width=\"84\">BGD 751\/1<\/td>\n<td width=\"64\">550W<\/td>\n<td width=\"82\">100-7,500<\/td>\n<td width=\"70\">1.5 L<\/td>\n<td width=\"64\">300 mm<\/td>\n<td width=\"80\">B\u1eb1ng \u0111i\u1ec7n<\/td>\n<td width=\"118\">50mm&amp;60mm<\/td>\n<td width=\"105\">45mm&amp;60mm<\/td>\n<\/tr>\n<tr>\n<td width=\"84\">BGD 751\/2<\/td>\n<td width=\"64\">750W<\/td>\n<td width=\"82\">100-6,000<\/td>\n<td width=\"70\">1.5 L<\/td>\n<td width=\"64\">300 mm<\/td>\n<td width=\"80\">B\u1eb1ng \u0111i\u1ec7n<\/td>\n<td width=\"118\">50mm&amp;60mm<\/td>\n<td width=\"105\">45mm&amp;60mm<\/td>\n<\/tr>\n<tr>\n<td width=\"84\">BGD\u00a0752\/2 (\uff08Explosio-proof\uff09)<\/td>\n<td width=\"64\">750W<\/td>\n<td>100-3,000<\/td>\n<td width=\"70\">1.5 L<\/td>\n<td width=\"64\">300 mm<\/td>\n<td width=\"80\">B\u1eb1ng tay<\/td>\n<td width=\"118\">50mm&amp;60mm<\/td>\n<td width=\"105\">45mm&amp;60mm<\/td>\n<\/tr>\n<tr>\n<td width=\"84\">BGD 752\/5\u00a0\uff08Explosio-proof\uff09<\/td>\n<td width=\"64\">2,200W<\/td>\n<td width=\"82\">100-4,000<\/td>\n<td width=\"70\">5 L<\/td>\n<td width=\"64\">300 mm<\/td>\n<td width=\"80\">B\u1eb1ng tay<\/td>\n<td width=\"118\">100mm&amp;120mm<\/td>\n<td width=\"105\">100mm&amp;130mm<\/td>\n<\/tr>\n<\/tbody>\n<\/table>","protected":false},"excerpt":{"rendered":"<p><strong><b>T\u00ednh n\u0103ng c\u01a1 b\u1ea3n:<\/b><\/strong><\/p>\n<ul>\n<li>Hi\u1ec3n th\u1ecb tr\u1ef1c ti\u1ebfp s\u1ed1 v\u00f2ng quay tr\u1ee5c th\u00f4ng qua m\u00e0n h\u00ecnh hi\u1ec3n th\u1ecb c\u1ee7a b\u1ed9 bi\u1ebfn t\u1ea7n c\u00e0i \u0111\u1eb7t tr\u00ean m\u00e1y<\/li>\n<li>BGD 750\/1 &amp; BGD 750\/2 c\u00f3 c\u1ea7n n\u00e2ng \u0111\u01b0\u1ee3c \u0111\u00e1nh d\u1ea5u b\u1eb1ng thang \u0111o, thu\u1eadn ti\u1ec7n cho vi\u1ec7c \u0111i\u1ec1u ch\u1ec9nh kho\u1ea3ng c\u00e1ch c\u1ee7a l\u01b0\u1ee1i ph\u00e2n t\u00e1n \u0111\u1ebfn \u0111\u00e1y th\u00f9ng ch\u1ee9a.<\/li>\n<li>Kh\u00f4ng c\u00f3 ch\u1ed5i than, kh\u00f4ng t\u1ea1o ra ng\u1ecdn l\u1eeda khi l\u00e0m vi\u1ec7c<\/li>\n<li>Ti\u1ebfng \u1ed3n th\u1ea5p h\u01a1n, m\u00f4-men xo\u1eafn l\u1edbn h\u01a1n v\u00e0 t\u1ed1c \u0111\u1ed9 \u0111i\u1ec1u ch\u1ec9nh r\u1ed9ng h\u01a1n<\/li>\n<li>C\u00e1c b\u1ed9 ph\u1eadn ch\u00ednh \u0111\u1ec1u \u0111\u01b0\u1ee3c l\u00e0m b\u1eb1ng th\u00e9p kh\u00f4ng g\u1ec9, c\u00f3 kh\u1ea3 n\u0103ng ch\u1ed1ng \u0103n m\u00f2n ho\u00e0n h\u1ea3o<\/li>\n<li>\u0110\u1ea7u v\u00e0o v\u00e0 \u0111\u1ea7u ra c\u1ee7a n\u01b0\u1edbc l\u00e0m m\u00e1t \u0111\u01b0\u1ee3c trang b\u1ecb c\u00e1c kh\u1edbp n\u1ed1i nhanh, thu\u1eadn ti\u1ec7n cho ng\u01b0\u1eddi v\u1eadn h\u00e0nh l\u1eafp \u0111\u1eb7t ho\u1eb7c th\u00e1o g\u1ee1 nhanh ch\u00f3ng.<\/li>\n<li>Container \u0111\u01b0\u1ee3c s\u1ea3n xu\u1ea5t b\u1eb1ng khu\u00f4n \u0111\u1eb7c bi\u1ec7t, kh\u00f4ng c\u00f3 \u0111\u01b0\u1eddng h\u00e0n v\u00e0 \u0111\u00e1y c\u00f3 c\u1ea5u tr\u00fac h\u00ecnh v\u00f2ng cung, c\u00f3 th\u1ec3 l\u00e0m s\u1ea1ch ho\u00e0n to\u00e0n. R\u1ea5t thu\u1eadn ti\u1ec7n cho ng\u01b0\u1eddi v\u1eadn h\u00e0nh th\u1ef1c hi\u1ec7n c\u00e1c m\u1eabu m\u00e0u kh\u00e1c nhau.<\/li>\n<li>C\u1ea5u h\u00ecnh ti\u00eau chu\u1ea9n: Hai ho\u1eb7c b\u1ed1n (ch\u1ec9 d\u00e0nh cho 550W &amp; 750W) l\u01b0\u1ee1i ph\u00e2n t\u00e1n c\u00f3 k\u00edch th\u01b0\u1edbc kh\u00e1c nhau, hai l\u01b0\u1ee1i nghi\u1ec1n c\u00e1t c\u00f3 k\u00edch th\u01b0\u1edbc kh\u00e1c nhau, h\u1ed9p \u0111\u1ef1ng v\u1ecf \u0111\u00f4i b\u1eb1ng th\u00e9p kh\u00f4ng g\u1ec9.<\/li>\n<li>Ngu\u1ed3n \u0111i\u1ec7n: 220V 50HZ<\/li>\n<\/ul>","protected":false},"featured_media":3162,"comment_status":"open","ping_status":"closed","template":"","meta":[],"pwb-brand":[264],"product_cat":[253,249,248],"product_tag":[],"class_list":{"0":"post-3112","1":"product","2":"type-product","3":"status-publish","4":"has-post-thumbnail","6":"pwb-brand-biuged","7":"product_cat-thiet-bi-co-ban","8":"product_cat-thiet-bi-nganh-muc-in","9":"product_cat-thiet-bi-nganh-son","10":"pa_xuat-xu-trung-quoc","12":"first","13":"instock","14":"featured","15":"shipping-taxable","16":"product-type-simple"},"brands":[{"id":264,"name":"Biuged","slug":"biuged"}],"_links":{"self":[{"href":"https:\/\/www.khoihuy.com\/en\/wp-json\/wp\/v2\/product\/3112","targetHints":{"allow":["GET"]}}],"collection":[{"href":"https:\/\/www.khoihuy.com\/en\/wp-json\/wp\/v2\/product"}],"about":[{"href":"https:\/\/www.khoihuy.com\/en\/wp-json\/wp\/v2\/types\/product"}],"replies":[{"embeddable":true,"href":"https:\/\/www.khoihuy.com\/en\/wp-json\/wp\/v2\/comments?post=3112"}],"wp:featuredmedia":[{"embeddable":true,"href":"https:\/\/www.khoihuy.com\/en\/wp-json\/wp\/v2\/media\/3162"}],"wp:attachment":[{"href":"https:\/\/www.khoihuy.com\/en\/wp-json\/wp\/v2\/media?parent=3112"}],"wp:term":[{"taxonomy":"pwb-brand","embeddable":true,"href":"https:\/\/www.khoihuy.com\/en\/wp-json\/wp\/v2\/pwb-brand?post=3112"},{"taxonomy":"product_cat","embeddable":true,"href":"https:\/\/www.khoihuy.com\/en\/wp-json\/wp\/v2\/product_cat?post=3112"},{"taxonomy":"product_tag","embeddable":true,"href":"https:\/\/www.khoihuy.com\/en\/wp-json\/wp\/v2\/product_tag?post=3112"}],"curies":[{"name":"wp","href":"https:\/\/api.w.org\/{rel}","templated":true}]}}